{"id":82,"date":"2021-10-13T14:29:52","date_gmt":"2021-10-13T12:29:52","guid":{"rendered":"https:\/\/moderaterna.se\/?page_id=82"},"modified":"2026-03-02T09:34:30","modified_gmt":"2026-03-02T08:34:30","slug":"moderaterna-nu-far-vi-ordning-pa-sverige","status":"publish","type":"page","link":"https:\/\/moderaterna.se\/moderatkvinnorna\/","title":{"rendered":"Moderatkvinnorna"},"content":{"rendered":"\n<p>Moderatkvinnorna \u00e4r Moderaternas kvinnof\u00f6rbund. Vi arbetar f\u00f6r att utveckla politik och utbilda kvinnor i att spr\u00e4cka glastak. <\/p>\n\n\n\n<p>P\u00e5 v\u00e5r hemsida kan du l\u00e4sa om de reformer vi vill genomf\u00f6ra f\u00f6r att Sverige ska bli mer j\u00e4mst\u00e4llt och frihetligt. Det handlar bland annat om sj\u00e4lvf\u00f6rs\u00f6rjning och ekonomi, om v\u00e5rd, om trygghet och om integration. <\/p>\n\n\n\n<p>Alla dessa \u00e4mnen r\u00f6r omr\u00e5den d\u00e4r kvinnor i dag inte har samma m\u00f6jligheter som m\u00e4n. Vad du heter eller var du kommer fr\u00e5n spelar inte n\u00e5gon roll i Moderaternas Sverige. Det \u00e4r vart du \u00e4r p\u00e5 v\u00e4g som spelar roll.<\/p>\n\n\n\n<p>Vill du ocks\u00e5 engagera dig f\u00f6r ett mer j\u00e4mst\u00e4llt och frihetligt Sverige? <a href=\"https:\/\/moderaterna.se\/engagera-dig\/\" target=\"_blank\" rel=\"noreferrer noopener\">Bli medlem idag!<\/a><\/p>\n\n\n\n<figure class=\"wp-block-image size-large\"><img loading=\"lazy\" decoding=\"async\" width=\"1024\" height=\"683\" src=\"https:\/\/moderaterna.se\/app\/uploads\/sites\/25\/2025\/08\/MK-Nasby-Slott-3-1024x683.jpg\" alt=\"\" class=\"wp-image-2315\" srcset=\"https:\/\/moderaterna.se\/app\/uploads\/sites\/25\/2025\/08\/MK-Nasby-Slott-3-1024x683.jpg 1024w, https:\/\/moderaterna.se\/app\/uploads\/sites\/25\/2025\/08\/MK-Nasby-Slott-3-300x200.jpg 300w, https:\/\/moderaterna.se\/app\/uploads\/sites\/25\/2025\/08\/MK-Nasby-Slott-3-768x512.jpg 768w, https:\/\/moderaterna.se\/app\/uploads\/sites\/25\/2025\/08\/MK-Nasby-Slott-3-1536x1024.jpg 1536w, https:\/\/moderaterna.se\/app\/uploads\/sites\/25\/2025\/08\/MK-Nasby-Slott-3-2048x1365.jpg 2048w\" sizes=\"auto, (max-width: 1024px) 100vw, 1024px\" \/><figcaption class=\"wp-element-caption\">Moderatkvinnornas styrelse 2025-2027<\/figcaption><\/figure>\n\n\n<div id=\"current-block_acf_block_69a54b96265db\" class=\"current custom-block custom-block__full\">\n    <div class=\"current__content\">\n        <div class=\"current__content--heading\">\n                            <h2 class=\"current__content--heading__header\">Alla nyheter<\/h2>\n                <a href=\"https:\/\/moderaterna.se\/moderatkvinnorna\/nyheter\/\" class=\"current__content--heading__button link-button theme__color--dark-blue\">\n                    <svg xmlns=\"http:\/\/www.w3.org\/2000\/svg\" data-name=\"Icon ionic-ios-arrow-round-forward\" width=\"17.168\" height=\"11.45\" viewBox=\"0 0 17.168 11.45\" aria-hidden=\"true\"><path data-name=\"Icon ionic-ios-arrow-round-forward\" d=\"M10.948.219a.779.779 0 0 0-.006 1.1l3.626 3.629H.769a.775.775 0 0 0 0 1.55h13.793l-3.626 3.632a.785.785 0 0 0 .006 1.1.772.772 0 0 0 1.091-.006l4.914-4.949a.871.871 0 0 0 .161-.244.74.74 0 0 0 .06-.3.777.777 0 0 0-.221-.543L12.033.239a.76.76 0 0 0-1.085-.02z\" fill=\"#213a8f\"\/><\/svg>                    Alla nyheter                <\/a>\n                    <\/div>\n        <div class=\"current__content--recent\">\n                            <div class=\"current__content--recent__single\">\n                    \n<div class=\"article-puff\">\n            <a href=\"https:\/\/moderaterna.se\/moderatkvinnorna\/nyhet\/moderatkvinnornas-ideer-tar-plats\/\">\n            <div class=\"article-puff__background theme__background--dark-blue\">\n                <img loading=\"lazy\" decoding=\"async\" width=\"267\" height=\"400\" src=\"https:\/\/moderaterna.se\/app\/uploads\/sites\/25\/2025\/11\/251024-51-236-\u00a9GUSTAFELIAS-4000-scaled.jpg\" class=\"article-puff__image\" alt=\"\" srcset=\"https:\/\/moderaterna.se\/app\/uploads\/sites\/25\/2025\/11\/251024-51-236-\u00a9GUSTAFELIAS-4000-scaled.jpg 1709w, https:\/\/moderaterna.se\/app\/uploads\/sites\/25\/2025\/11\/251024-51-236-\u00a9GUSTAFELIAS-4000-200x300.jpg 200w, https:\/\/moderaterna.se\/app\/uploads\/sites\/25\/2025\/11\/251024-51-236-\u00a9GUSTAFELIAS-4000-684x1024.jpg 684w, https:\/\/moderaterna.se\/app\/uploads\/sites\/25\/2025\/11\/251024-51-236-\u00a9GUSTAFELIAS-4000-768x1151.jpg 768w, https:\/\/moderaterna.se\/app\/uploads\/sites\/25\/2025\/11\/251024-51-236-\u00a9GUSTAFELIAS-4000-1025x1536.jpg 1025w, https:\/\/moderaterna.se\/app\/uploads\/sites\/25\/2025\/11\/251024-51-236-\u00a9GUSTAFELIAS-4000-1367x2048.jpg 1367w\" sizes=\"auto, (max-width: 267px) 100vw, 267px\" \/>            <\/div>\n        <\/a>\n                    <div class=\"article-puff__info article-info\">\n                <p>10 november, 2025<\/p>\n                                <button class=\"subjects-expand\" title=\"Visa alla hj\u00e4rtefr\u00e5gor\">\n                    <span class=\"show-for-sr\">Visa alla hj\u00e4rtefr\u00e5gor<\/span>\n                    <span class=\"dot\"><\/span>\n                    <span class=\"dot\"><\/span>\n                    <span class=\"dot\"><\/span>\n                <\/button>\n            <\/div>\n                <h3 class=\"h4--dark-grey article-puff__heading\">\n        <a href=\"https:\/\/moderaterna.se\/moderatkvinnorna\/nyhet\/moderatkvinnornas-ideer-tar-plats\/\" class=\"a--dark-grey\">Moderatkvinnornas genomslag p\u00e5 arbetsst\u00e4mman<\/a>\n    <\/h3>\n<\/div>                <\/div>\n                            <div class=\"current__content--recent__single\">\n                    \n<div class=\"article-puff\">\n            <a href=\"https:\/\/moderaterna.se\/moderatkvinnorna\/nyhet\/moderatkvinnornas-forslag-infor-arbetsstamman\/\">\n            <div class=\"article-puff__background theme__background--dark-blue\">\n                <img loading=\"lazy\" decoding=\"async\" width=\"512\" height=\"400\" src=\"https:\/\/moderaterna.se\/app\/uploads\/sites\/25\/2025\/10\/Stammohandlingar-2025-omslag.jpg\" class=\"article-puff__image\" alt=\"\" srcset=\"https:\/\/moderaterna.se\/app\/uploads\/sites\/25\/2025\/10\/Stammohandlingar-2025-omslag.jpg 1280w, https:\/\/moderaterna.se\/app\/uploads\/sites\/25\/2025\/10\/Stammohandlingar-2025-omslag-300x234.jpg 300w, https:\/\/moderaterna.se\/app\/uploads\/sites\/25\/2025\/10\/Stammohandlingar-2025-omslag-1024x800.jpg 1024w, https:\/\/moderaterna.se\/app\/uploads\/sites\/25\/2025\/10\/Stammohandlingar-2025-omslag-768x600.jpg 768w\" sizes=\"auto, (max-width: 512px) 100vw, 512px\" \/>            <\/div>\n        <\/a>\n                    <div class=\"article-puff__info article-info\">\n                <p>11 oktober, 2025<\/p>\n                                <button class=\"subjects-expand\" title=\"Visa alla hj\u00e4rtefr\u00e5gor\">\n                    <span class=\"show-for-sr\">Visa alla hj\u00e4rtefr\u00e5gor<\/span>\n                    <span class=\"dot\"><\/span>\n                    <span class=\"dot\"><\/span>\n                    <span class=\"dot\"><\/span>\n                <\/button>\n            <\/div>\n                <h3 class=\"h4--dark-grey article-puff__heading\">\n        <a href=\"https:\/\/moderaterna.se\/moderatkvinnorna\/nyhet\/moderatkvinnornas-forslag-infor-arbetsstamman\/\" class=\"a--dark-grey\">Moderatkvinnornas f\u00f6rslag inf\u00f6r arbetsst\u00e4mman<\/a>\n    <\/h3>\n<\/div>                <\/div>\n                    <\/div>\n    <\/div>\n<\/div>\n\n\n\n<div class=\"wp-block-columns has-pink-background-color has-background is-layout-flex wp-container-core-columns-is-layout-9d6595d7 wp-block-columns-is-layout-flex\">\n<div class=\"wp-block-column is-layout-flow wp-block-column-is-layout-flow\">\n<h2 class=\"wp-block-heading\" id=\"h-viktiga-politiska-fragor-som-far-ordning-pa-sverige\">Viktiga politiska fr\u00e5gor som f\u00e5r ordning p\u00e5 Sverige<\/h2>\n<\/div>\n<\/div>\n\n\n\n<div class=\"wp-block-columns has-pink-background-color has-background is-layout-flex wp-container-core-columns-is-layout-9d6595d7 wp-block-columns-is-layout-flex\">\n<div class=\"wp-block-column is-layout-flow wp-block-column-is-layout-flow\"><div id=\"subject-block-block_acf_block_69a54b96266e3\" class=\"subject-block custom-block\">\n    <div class=\"subject-block__heading\">\n        <h3>Lag och ordning<\/h3>\n        <button data-name=\"Lag och ordning\" class=\"subject-block__vote vote-subject-button\" value=\"lagochordning\">\n            <span class=\"show-for-sr\"><\/span>\n            <svg xmlns=\"http:\/\/www.w3.org\/2000\/svg\" width=\"29.25\" height=\"28.125\" viewBox=\"0 0 29.25 28.125\" aria-hidden=\"true\"><path data-name=\"Icon ionic-ios-heart-empty\" d=\"M21.375 0h-.07a8 8 0 0 0-6.68 3.656A8 8 0 0 0 7.945 0h-.07A7.949 7.949 0 0 0 0 7.945a17.115 17.115 0 0 0 3.361 9.33c4.233 5.787 11.264 10.85 11.264 10.85s7.031-5.063 11.264-10.85a17.115 17.115 0 0 0 3.361-9.33A7.949 7.949 0 0 0 21.375 0zM24.3 16.116a53.929 53.929 0 0 1-9.675 9.533 54.01 54.01 0 0 1-9.675-9.541 15.169 15.169 0 0 1-2.981-8.163 5.966 5.966 0 0 1 5.92-5.97h.063a5.9 5.9 0 0 1 2.89.759 6.144 6.144 0 0 1 2.137 2 1.975 1.975 0 0 0 3.3 0 6.205 6.205 0 0 1 2.138-2 5.9 5.9 0 0 1 2.89-.759h.063a5.966 5.966 0 0 1 5.92 5.97 15.361 15.361 0 0 1-2.99 8.17z\" fill=\"#213a8f\"\/><\/svg>            <svg xmlns=\"http:\/\/www.w3.org\/2000\/svg\" data-name=\"Icon ionic-ios-heart\" width=\"29.25\" height=\"28.125\" viewBox=\"0 0 29.25 28.125\" aria-hidden=\"true\" class=\"hidden-heart\"><path data-name=\"Icon ionic-ios-heart\" d=\"M21.375 0h-.07a8 8 0 0 0-6.68 3.656A8 8 0 0 0 7.945 0h-.07A7.949 7.949 0 0 0 0 7.945a17.115 17.115 0 0 0 3.361 9.33c4.233 5.787 11.264 10.85 11.264 10.85s7.031-5.063 11.264-10.85a17.115 17.115 0 0 0 3.361-9.33A7.949 7.949 0 0 0 21.375 0z\" fill=\"#213a8f\"\/><\/svg>        <\/button>\n    <\/div>\n    <p class=\"subject-block__description\">\n        Moderaterna f\u00f6resl\u00e5r m\u00f6nsterbrytande \u00e5tg\u00e4rder f\u00f6r att bek\u00e4mpa g\u00e4ngen. Vi satsar stora pengar p\u00e5 r\u00e4ttsv\u00e4sendet f\u00f6r att fler brott ska kunna klaras upp.    <\/p>\n            <a class=\"subject-block__button cta-button link-button\" href=\"https:\/\/moderaterna.se\/moderatkvinnorna\/var-politik\/lag-och-ordning\/\">\n            <svg xmlns=\"http:\/\/www.w3.org\/2000\/svg\" data-name=\"Icon ionic-ios-arrow-round-forward\" width=\"17.168\" height=\"11.45\" viewBox=\"0 0 17.168 11.45\" aria-hidden=\"true\"><path data-name=\"Icon ionic-ios-arrow-round-forward\" d=\"M10.948.219a.779.779 0 0 0-.006 1.1l3.626 3.629H.769a.775.775 0 0 0 0 1.55h13.793l-3.626 3.632a.785.785 0 0 0 .006 1.1.772.772 0 0 0 1.091-.006l4.914-4.949a.871.871 0 0 0 .161-.244.74.74 0 0 0 .06-.3.777.777 0 0 0-.221-.543L12.033.239a.76.76 0 0 0-1.085-.02z\" fill=\"#213a8f\"\/><\/svg>Lag och ordning        <\/a>\n        <p class=\"subject-block__more\">\n        Eller se allt om \n        <a class=\"subject-link subject-block__more--link\" href=\"https:\/\/moderaterna.se\/moderatkvinnorna\/?s=%23Lag+och+ordning\">\n            #Lagochordning        <\/a>\n    <\/p>\n<\/div>\n<\/div>\n\n\n\n<div class=\"wp-block-column is-layout-flow wp-block-column-is-layout-flow\">\n\n\n\n<div id=\"subject-block-block_acf_block_69a54b9626780\" class=\"subject-block custom-block\">\n    <div class=\"subject-block__heading\">\n        <h3>Integration<\/h3>\n        <button data-name=\"Integration\" class=\"subject-block__vote vote-subject-button\" value=\"integration\">\n            <span class=\"show-for-sr\"><\/span>\n            <svg xmlns=\"http:\/\/www.w3.org\/2000\/svg\" width=\"29.25\" height=\"28.125\" viewBox=\"0 0 29.25 28.125\" aria-hidden=\"true\"><path data-name=\"Icon ionic-ios-heart-empty\" d=\"M21.375 0h-.07a8 8 0 0 0-6.68 3.656A8 8 0 0 0 7.945 0h-.07A7.949 7.949 0 0 0 0 7.945a17.115 17.115 0 0 0 3.361 9.33c4.233 5.787 11.264 10.85 11.264 10.85s7.031-5.063 11.264-10.85a17.115 17.115 0 0 0 3.361-9.33A7.949 7.949 0 0 0 21.375 0zM24.3 16.116a53.929 53.929 0 0 1-9.675 9.533 54.01 54.01 0 0 1-9.675-9.541 15.169 15.169 0 0 1-2.981-8.163 5.966 5.966 0 0 1 5.92-5.97h.063a5.9 5.9 0 0 1 2.89.759 6.144 6.144 0 0 1 2.137 2 1.975 1.975 0 0 0 3.3 0 6.205 6.205 0 0 1 2.138-2 5.9 5.9 0 0 1 2.89-.759h.063a5.966 5.966 0 0 1 5.92 5.97 15.361 15.361 0 0 1-2.99 8.17z\" fill=\"#213a8f\"\/><\/svg>            <svg xmlns=\"http:\/\/www.w3.org\/2000\/svg\" data-name=\"Icon ionic-ios-heart\" width=\"29.25\" height=\"28.125\" viewBox=\"0 0 29.25 28.125\" aria-hidden=\"true\" class=\"hidden-heart\"><path data-name=\"Icon ionic-ios-heart\" d=\"M21.375 0h-.07a8 8 0 0 0-6.68 3.656A8 8 0 0 0 7.945 0h-.07A7.949 7.949 0 0 0 0 7.945a17.115 17.115 0 0 0 3.361 9.33c4.233 5.787 11.264 10.85 11.264 10.85s7.031-5.063 11.264-10.85a17.115 17.115 0 0 0 3.361-9.33A7.949 7.949 0 0 0 21.375 0z\" fill=\"#213a8f\"\/><\/svg>        <\/button>\n    <\/div>\n    <p class=\"subject-block__description\">\n            <\/p>\n            <a class=\"subject-block__button cta-button link-button\" href=\"https:\/\/moderaterna.se\/moderatkvinnorna\/var-politik\/integration\/\">\n            <svg xmlns=\"http:\/\/www.w3.org\/2000\/svg\" data-name=\"Icon ionic-ios-arrow-round-forward\" width=\"17.168\" height=\"11.45\" viewBox=\"0 0 17.168 11.45\" aria-hidden=\"true\"><path data-name=\"Icon ionic-ios-arrow-round-forward\" d=\"M10.948.219a.779.779 0 0 0-.006 1.1l3.626 3.629H.769a.775.775 0 0 0 0 1.55h13.793l-3.626 3.632a.785.785 0 0 0 .006 1.1.772.772 0 0 0 1.091-.006l4.914-4.949a.871.871 0 0 0 .161-.244.74.74 0 0 0 .06-.3.777.777 0 0 0-.221-.543L12.033.239a.76.76 0 0 0-1.085-.02z\" fill=\"#213a8f\"\/><\/svg>Integration        <\/a>\n        <p class=\"subject-block__more\">\n        Eller se allt om \n        <a class=\"subject-link subject-block__more--link\" href=\"https:\/\/moderaterna.se\/moderatkvinnorna\/?s=%23Integration\">\n            #Integration        <\/a>\n    <\/p>\n<\/div>\n<\/div>\n\n\n\n<div class=\"wp-block-column is-layout-flow wp-block-column-is-layout-flow\"><div id=\"subject-block-block_acf_block_69a54b9626793\" class=\"subject-block custom-block\">\n    <div class=\"subject-block__heading\">\n        <h3>Ekonomi och jobb<\/h3>\n        <button data-name=\"Ekonomi och jobb\" class=\"subject-block__vote vote-subject-button\" value=\"ekonomijobb\">\n            <span class=\"show-for-sr\"><\/span>\n            <svg xmlns=\"http:\/\/www.w3.org\/2000\/svg\" width=\"29.25\" height=\"28.125\" viewBox=\"0 0 29.25 28.125\" aria-hidden=\"true\"><path data-name=\"Icon ionic-ios-heart-empty\" d=\"M21.375 0h-.07a8 8 0 0 0-6.68 3.656A8 8 0 0 0 7.945 0h-.07A7.949 7.949 0 0 0 0 7.945a17.115 17.115 0 0 0 3.361 9.33c4.233 5.787 11.264 10.85 11.264 10.85s7.031-5.063 11.264-10.85a17.115 17.115 0 0 0 3.361-9.33A7.949 7.949 0 0 0 21.375 0zM24.3 16.116a53.929 53.929 0 0 1-9.675 9.533 54.01 54.01 0 0 1-9.675-9.541 15.169 15.169 0 0 1-2.981-8.163 5.966 5.966 0 0 1 5.92-5.97h.063a5.9 5.9 0 0 1 2.89.759 6.144 6.144 0 0 1 2.137 2 1.975 1.975 0 0 0 3.3 0 6.205 6.205 0 0 1 2.138-2 5.9 5.9 0 0 1 2.89-.759h.063a5.966 5.966 0 0 1 5.92 5.97 15.361 15.361 0 0 1-2.99 8.17z\" fill=\"#213a8f\"\/><\/svg>            <svg xmlns=\"http:\/\/www.w3.org\/2000\/svg\" data-name=\"Icon ionic-ios-heart\" width=\"29.25\" height=\"28.125\" viewBox=\"0 0 29.25 28.125\" aria-hidden=\"true\" class=\"hidden-heart\"><path data-name=\"Icon ionic-ios-heart\" d=\"M21.375 0h-.07a8 8 0 0 0-6.68 3.656A8 8 0 0 0 7.945 0h-.07A7.949 7.949 0 0 0 0 7.945a17.115 17.115 0 0 0 3.361 9.33c4.233 5.787 11.264 10.85 11.264 10.85s7.031-5.063 11.264-10.85a17.115 17.115 0 0 0 3.361-9.33A7.949 7.949 0 0 0 21.375 0z\" fill=\"#213a8f\"\/><\/svg>        <\/button>\n    <\/div>\n    <p class=\"subject-block__description\">\n        Moderaterna vill \u00e5terinf\u00f6ra arbetslinjen i Sverige. Det ska alltid l\u00f6na sig att arbeta och stora reformer beh\u00f6vs f\u00f6r att bryta l\u00e5ngtidsarbetsl\u00f6sheten.    <\/p>\n            <a class=\"subject-block__button cta-button link-button\" href=\"https:\/\/moderaterna.se\/moderatkvinnorna\/var-politik\/ekonomi-och-jobb\/\">\n            <svg xmlns=\"http:\/\/www.w3.org\/2000\/svg\" data-name=\"Icon ionic-ios-arrow-round-forward\" width=\"17.168\" height=\"11.45\" viewBox=\"0 0 17.168 11.45\" aria-hidden=\"true\"><path data-name=\"Icon ionic-ios-arrow-round-forward\" d=\"M10.948.219a.779.779 0 0 0-.006 1.1l3.626 3.629H.769a.775.775 0 0 0 0 1.55h13.793l-3.626 3.632a.785.785 0 0 0 .006 1.1.772.772 0 0 0 1.091-.006l4.914-4.949a.871.871 0 0 0 .161-.244.74.74 0 0 0 .06-.3.777.777 0 0 0-.221-.543L12.033.239a.76.76 0 0 0-1.085-.02z\" fill=\"#213a8f\"\/><\/svg>Ekonomi och jobb        <\/a>\n        <p class=\"subject-block__more\">\n        Eller se allt om \n        <a class=\"subject-link subject-block__more--link\" href=\"https:\/\/moderaterna.se\/moderatkvinnorna\/?s=%23Ekonomi+och+jobb\">\n            #Ekonomiochjobb        <\/a>\n    <\/p>\n<\/div>\n<\/div>\n<\/div>\n\n\n<div id=\"donation-membership-block_acf_block_69a54b96267b7\" class=\"donation-membership custom-block\">\n    <div class=\"donation-membership__content\">\n                    <div class=\"donation-membership__content--puffs swiper\">\n                <div class=\"donation-membership__content--puffs__wrapper swiper-wrapper\">\n                                            <div class=\"donation-membership__content--puffs__single swiper-slide highlighted theme__color--blue\">\n                            <p class=\"donation-membership__content--puffs__single--category\">Ta steget<\/p>\n                            <div class=\"donation-membership__content--puffs__single--line\"><\/div>\n                            <h3 class=\"donation-membership__content--puffs__single--title h4--blue\">\n                                Bli medlem i Moderaterna eller Moderata Ungdomsf\u00f6rbundet                            <\/h3>\n                            <p class=\"donation-membership__content--puffs__single--amount h3--blue\">\n                                100 kr                            <\/p>\n                            <ul>\n                                                                    <li>\n                                    <p>F\u00f6rb\u00e4ttra Sverige<\/p> \n                                    <\/li>\n                                                                    <li>\n                                    <p>H\u00f6j straffen<\/p> \n                                    <\/li>\n                                                                    <li>\n                                    <p>Fixa jobben<\/p> \n                                    <\/li>\n                                                                    <li>\n                                    <p>S\u00e4nk skatten<\/p> \n                                    <\/li>\n                                                            <\/ul>\n                            <a class=\"membership-link  link-button highlighted link-button__blue link-button__blue--pink\"\n                                href=\"https:\/\/moderaterna.membersite.se\/Membership\/BuyMembership\"\n                                data-category=\"Ta steget\">\n                                <svg xmlns=\"http:\/\/www.w3.org\/2000\/svg\" data-name=\"Icon ionic-ios-arrow-round-forward\" width=\"17.168\" height=\"11.45\" viewBox=\"0 0 17.168 11.45\" aria-hidden=\"true\"><path data-name=\"Icon ionic-ios-arrow-round-forward\" d=\"M10.948.219a.779.779 0 0 0-.006 1.1l3.626 3.629H.769a.775.775 0 0 0 0 1.55h13.793l-3.626 3.632a.785.785 0 0 0 .006 1.1.772.772 0 0 0 1.091-.006l4.914-4.949a.871.871 0 0 0 .161-.244.74.74 0 0 0 .06-.3.777.777 0 0 0-.221-.543L12.033.239a.76.76 0 0 0-1.085-.02z\" fill=\"#213a8f\"\/><\/svg>                                Bli medlem                            <\/a>\n                        <\/div>\n                                    <\/div>\n                <div class=\"swiper-pagination\"><\/div>\n            <\/div>\n            <\/div>\n<\/div>\n\n","protected":false},"excerpt":{"rendered":"<p>Moderatkvinnorna \u00e4r Moderaternas kvinnof\u00f6rbund. Vi arbetar f\u00f6r att utveckla politik och utbilda kvinnor i att spr\u00e4cka glastak. P\u00e5 v\u00e5r hemsida kan du l\u00e4sa om de reformer vi vill genomf\u00f6ra f\u00f6r att Sverige ska bli mer j\u00e4mst\u00e4llt och frihetligt. Det handlar bland annat om sj\u00e4lvf\u00f6rs\u00f6rjning och ekonomi, om v\u00e5rd, om trygghet och om integration. Alla dessa [&hellip;]<\/p>\n","protected":false},"author":9,"featured_media":0,"parent":0,"menu_order":0,"comment_status":"closed","ping_status":"closed","template":"page-templates\/landing-page.php","meta":{"_acf_changed":false,"_relevanssi_hide_post":"","_relevanssi_hide_content":"","_relevanssi_pin_for_all":"","_relevanssi_pin_keywords":"","_relevanssi_unpin_keywords":"","_relevanssi_related_keywords":"","_relevanssi_related_include_ids":"","_relevanssi_related_exclude_ids":"","_relevanssi_related_no_append":"","_relevanssi_related_not_related":"","_relevanssi_related_posts":"526","_relevanssi_noindex_reason":"","footnotes":""},"subject":[],"class_list":["post-82","page","type-page","status-publish","hentry"],"acf":[],"publishpress_future_action":{"enabled":false,"date":"2026-04-23 22:05:46","action":"change-status","newStatus":"draft","terms":[],"taxonomy":"subject"},"_links":{"self":[{"href":"https:\/\/moderaterna.se\/moderatkvinnorna\/wp-json\/wp\/v2\/pages\/82","targetHints":{"allow":["GET"]}}],"collection":[{"href":"https:\/\/moderaterna.se\/moderatkvinnorna\/wp-json\/wp\/v2\/pages"}],"about":[{"href":"https:\/\/moderaterna.se\/moderatkvinnorna\/wp-json\/wp\/v2\/types\/page"}],"author":[{"embeddable":true,"href":"https:\/\/moderaterna.se\/moderatkvinnorna\/wp-json\/wp\/v2\/users\/9"}],"replies":[{"embeddable":true,"href":"https:\/\/moderaterna.se\/moderatkvinnorna\/wp-json\/wp\/v2\/comments?post=82"}],"version-history":[{"count":97,"href":"https:\/\/moderaterna.se\/moderatkvinnorna\/wp-json\/wp\/v2\/pages\/82\/revisions"}],"predecessor-version":[{"id":2470,"href":"https:\/\/moderaterna.se\/moderatkvinnorna\/wp-json\/wp\/v2\/pages\/82\/revisions\/2470"}],"wp:attachment":[{"href":"https:\/\/moderaterna.se\/moderatkvinnorna\/wp-json\/wp\/v2\/media?parent=82"}],"wp:term":[{"taxonomy":"subject","embeddable":true,"href":"https:\/\/moderaterna.se\/moderatkvinnorna\/wp-json\/wp\/v2\/subject?post=82"}],"curies":[{"name":"wp","href":"https:\/\/api.w.org\/{rel}","templated":true}]}}