{"id":647,"date":"2021-12-08T10:12:33","date_gmt":"2021-12-08T09:12:33","guid":{"rendered":"https:\/\/moderaterna.se\/moderatkvinnorna\/?page_id=647"},"modified":"2022-06-03T17:03:40","modified_gmt":"2022-06-03T15:03:40","slug":"om-oss","status":"publish","type":"page","link":"https:\/\/moderaterna.se\/moderatkvinnorna\/om-oss\/","title":{"rendered":"Om oss"},"content":{"rendered":"\n<p><strong>Moderatkvinnorna \u00e4r ett n\u00e4tverk i Moderaterna med huvuduppgiften att arbeta politiskt, genomf\u00f6ra utbildningar, rekrytera nya medlemmar och att lyfta fram kvinnliga f\u00f6retr\u00e4dare och kvinnors aspekter i politiska fr\u00e5gor. P\u00e5 s\u00e5 s\u00e4tt skapas f\u00f6ruts\u00e4ttningar f\u00f6r \u00f6kade insatser av kvinnor i partiorganisationen som f\u00f6rtroendevalda i politiska f\u00f6rsamlingar.<\/strong><\/p>\n\n\n\n<p>De moderata kvinnorna hade ingen partihemvist, eftersom Allm\u00e4nna Valmansf\u00f6rbundet, AVF, fr\u00e5n 1904 till 1913 var ett parti enbart f\u00f6r m\u00e4n.&nbsp; Kvinnor i Stockholm, m\u00e5nga verksamma bl.a. i den kvinnliga r\u00f6str\u00e4ttsr\u00f6relsen, tog 1911 initiativ till att bilda Stockholms Moderata kvinnof\u00f6rbund med Ebba von Eckermann som f\u00f6rsta ordf\u00f6rande. Stockholms MKF fick snabbt medlemmar \u00e4ven fr\u00e5n landet i \u00f6vrigt och 1915 bildades Sveriges Moderata Kvinnof\u00f6rbund, SMKF, Sveriges f\u00f6rsta sj\u00e4lvst\u00e4ndiga politiska kvinnof\u00f6rbund. Syftet var bl.a. att samarbeta med AVF inf\u00f6r valen, p\u00e5 ett sj\u00e4lvst\u00e4ndigt s\u00e4tt. De inbj\u00f6ds till AVF:s partistyrelse med adjungerade ledam\u00f6ter.<\/p>\n\n\n\n<p>AVF str\u00e4vade efter att knyta kvinnorna starkare till partiet.&nbsp; Vid sidan av SMKF uppstod AVF:s kvinnof\u00f6reningar, som fr\u00e5n 1920 samarbetade i H\u00f6gerns Centrala Kvinnokommitt\u00e9, CK. De b\u00e5da kvinnoorganisationerna fanns parallellt fram till 1937, d\u00e5 de sammanslogs till en enda under ordf\u00f6randeskap av Alexandra Skoglund, f\u00f6rut ordf\u00f6rande i&nbsp; CK.<\/p>\n\n\n\n<p>B\u00e5da organisationerna st\u00f6dde Bertha Wellin som var H\u00f6gerns f\u00f6rsta&nbsp; kvinnliga riksdagsledamot&nbsp; 1921 till 1937. Den intressanta tidiga historien om H\u00f6gerns kvinnor skrevs f\u00f6rst av Stina Nicklasson 1992 i avhandlingen H\u00f6gerns kvinnor Problem och resurs f\u00f6r Allm\u00e4nna Valmansf\u00f6rbundet&nbsp; 1900 &#8211; 1937 och senare av Birgitta Wistrand i Moderata kvinnor i stad och kommun efter 1909, artikeln Sveriges Moderata Kvinnof\u00f6rbund, den f\u00f6rsta sj\u00e4lvst\u00e4ndiga politiska kvinnoorganisationen.<\/p>\n\n\n\n<p>1950 fick kvinnor\u00e5det en sj\u00e4lvst\u00e4ndigare st\u00e4llning och antog namnet H\u00f6gerns Kvinnof\u00f6rbund, 1969 \u00e4ndrat till Moderata Samlingspartiets Kvinnof\u00f6rbund och 1978 Moderata Kvinnof\u00f6rbundet. 1997 omorganiserades det till ett n\u00e4tverk med namnet Moderatkvinnorna, vilket ger utrymme f\u00f6r friare arbetsformer. I varje f\u00f6rbund utses en l\u00e4nskvinnoordf\u00f6rande. Tillsamman utg\u00f6r de 26 l\u00e4nskvinnoordf\u00f6randena det beslutande organet f\u00f6r Moderatkvinnorna.&nbsp; Lokalt arbetar man i f\u00f6reningar, n\u00e4tverk, projektgrupper m.m.<\/p>\n\n\n\n<p>Syftet har hela tiden varit att lyfta fram kvinnliga aspekter p\u00e5 politiska fr\u00e5gor samt att stimulera fler kvinnor till politiskt engagemang och \u00f6ka den kvinnliga representationen p\u00e5 alla politiska niv\u00e5er.<\/p>\n\n\n\n<p>Moderatkvinnorna \u00e4r idag n\u00e4tverk inom Moderata Samlingspartiet. Den nya organisationen som ersatt det tidigare kvinnof\u00f6rbundet ger utrymme f\u00f6r friare arbetsformer och organisatoriska l\u00f6sningar.<\/p>\n\n\n\n<p>Syftet med arbete i nya former \u00e4r att stimulera fler kvinnor till aktivt politiskt engagemang och \u00f6ka den moderata kvinnliga representationen.<\/p>\n\n\n\n<p>Moderaterna m\u00e5ste ha kompetent och bred representation p\u00e5 alla niv\u00e5er. Det f\u00f6ruts\u00e4tter att b\u00e5de kvinnor och m\u00e4n engageras och f\u00f6retr\u00e4der partiets politik. I riksdagsgruppen, landstings- och kommunfullm\u00e4ktigef\u00f6rsamlingar och n\u00e4mnder vill vi att antalet kvinnor ska \u00f6ka. Sk\u00e4let \u00e4r att vi vet att m\u00e5nga kvinnor har kunskaper och erfarenheter som det beh\u00f6vs mera av i det politiska arbetet.<\/p>\n\n\n\n<p>Det lokala arbetet \u00e4r den viktigaste delen av verksamheten. Med de nya stadgarna f\u00f6rsvinner kraven p\u00e5 lokala hierarkier. Utbildning, rekrytering, mentorprogram samt att lyfta fram kvinnliga aspekter i politiska fr\u00e5gor \u00e4r huvuduppgifterna f\u00f6r verksamheten lokalt och centralt. D\u00e4rmed skapas f\u00f6ruts\u00e4ttningar f\u00f6r \u00f6kade insatser av kvinnor i partiorganisationen och som f\u00f6rtroendevalda i politiska f\u00f6rsamlingar.<\/p>\n\n\n\n<p>I varje f\u00f6rbund utses l\u00e4nskvinnoordf\u00f6randen (26 st) som kontinuerligt kommer att utg\u00f6ra det beslutande organet f\u00f6r Moderatkvinnorna. Lokalt kan l\u00e4nskvinnoordf\u00f6randena tillsammans med partiet utforma kvinnoverksamheten efter egna \u00f6nskem\u00e5l, t.ex. som idag genom f\u00f6reningar eller n\u00e4tverk, projektgrupper etc.<\/p>\n\n\n\n<p>Vill du l\u00e4sa mer om moderata kvinnor?<\/p>\n\n\n\n<p>S\u00e4llskapet f\u00f6r Moderata kvinnor har givit ut b\u00f6ckerna;<\/p>\n\n\n\n<p>Moderata kvinnor i stad och kommun efter 1909. Om f\u00e4rgstarka kvinnor i det kommunalgr\u00e5.<\/p>\n\n\n\n<p>F\u00f6r hundra \u00e5r sedan togs beslutet som gav kvinnor f\u00f6r f\u00f6rsta g\u00e5ngen m\u00f6jlighet att v\u00e4ljas till stadsfullm\u00e4ktige och kommunfullm\u00e4ktige. I boken presenteras tidiga kvinnliga moderata f\u00f6retr\u00e4dare i stad och kommuner. De sv\u00e5righeter som de m\u00f6tte och hur de f\u00f6rsta kvinnorna banade v\u00e4g f\u00f6r senare generationer beskrivs.<\/p>\n\n\n\n<p><a href=\"http:\/\/moderatakvinnorshistoria.se\/\" target=\"_blank\" rel=\"noreferrer noopener\">L\u00e4s mer om b\u00f6ckerna h\u00e4r.<\/a><\/p>\n","protected":false},"excerpt":{"rendered":"<p>Moderatkvinnorna \u00e4r ett n\u00e4tverk i Moderaterna med huvuduppgiften att arbeta politiskt, genomf\u00f6ra utbildningar, rekrytera nya medlemmar och att lyfta fram kvinnliga f\u00f6retr\u00e4dare och kvinnors aspekter i politiska fr\u00e5gor. P\u00e5 s\u00e5 s\u00e4tt skapas f\u00f6ruts\u00e4ttningar f\u00f6r \u00f6kade insatser av kvinnor i partiorganisationen som f\u00f6rtroendevalda i politiska f\u00f6rsamlingar. De moderata kvinnorna hade ingen partihemvist, eftersom Allm\u00e4nna Valmansf\u00f6rbundet, AVF, [&hellip;]<\/p>\n","protected":false},"author":9,"featured_media":0,"parent":0,"menu_order":0,"comment_status":"closed","ping_status":"closed","template":"","meta":{"_acf_changed":false,"_relevanssi_hide_post":"","_relevanssi_hide_content":"","_relevanssi_pin_for_all":"","_relevanssi_pin_keywords":"","_relevanssi_unpin_keywords":"","_relevanssi_related_keywords":"","_relevanssi_related_include_ids":"","_relevanssi_related_exclude_ids":"","_relevanssi_related_no_append":"","_relevanssi_related_not_related":"","_relevanssi_related_posts":"640,526,642","_relevanssi_noindex_reason":"","footnotes":""},"subject":[],"class_list":["post-647","page","type-page","status-publish","hentry"],"acf":[],"publishpress_future_action":{"enabled":false,"date":"2026-04-17 17:21:49","action":"change-status","newStatus":"draft","terms":[],"taxonomy":"subject"},"_links":{"self":[{"href":"https:\/\/moderaterna.se\/moderatkvinnorna\/wp-json\/wp\/v2\/pages\/647","targetHints":{"allow":["GET"]}}],"collection":[{"href":"https:\/\/moderaterna.se\/moderatkvinnorna\/wp-json\/wp\/v2\/pages"}],"about":[{"href":"https:\/\/moderaterna.se\/moderatkvinnorna\/wp-json\/wp\/v2\/types\/page"}],"author":[{"embeddable":true,"href":"https:\/\/moderaterna.se\/moderatkvinnorna\/wp-json\/wp\/v2\/users\/9"}],"replies":[{"embeddable":true,"href":"https:\/\/moderaterna.se\/moderatkvinnorna\/wp-json\/wp\/v2\/comments?post=647"}],"version-history":[{"count":19,"href":"https:\/\/moderaterna.se\/moderatkvinnorna\/wp-json\/wp\/v2\/pages\/647\/revisions"}],"predecessor-version":[{"id":1359,"href":"https:\/\/moderaterna.se\/moderatkvinnorna\/wp-json\/wp\/v2\/pages\/647\/revisions\/1359"}],"wp:attachment":[{"href":"https:\/\/moderaterna.se\/moderatkvinnorna\/wp-json\/wp\/v2\/media?parent=647"}],"wp:term":[{"taxonomy":"subject","embeddable":true,"href":"https:\/\/moderaterna.se\/moderatkvinnorna\/wp-json\/wp\/v2\/subject?post=647"}],"curies":[{"name":"wp","href":"https:\/\/api.w.org\/{rel}","templated":true}]}}