{"id":27,"date":"2021-10-13T13:02:18","date_gmt":"2021-10-13T11:02:18","guid":{"rendered":"https:\/\/moderaterna.se\/?page_id=27"},"modified":"2026-01-21T12:16:52","modified_gmt":"2026-01-21T11:16:52","slug":"kontakta-oss","status":"publish","type":"page","link":"https:\/\/moderaterna.se\/moderatkvinnorna\/kontakta-oss\/","title":{"rendered":"Kontakta oss"},"content":{"rendered":"\n<div style=\"height:36px\" aria-hidden=\"true\" class=\"wp-block-spacer\"><\/div>\n\n\n\n<h3 class=\"wp-block-heading\" id=\"h-moderatkvinnornas-centrala-kansli-nas-pa\">Moderatkvinnornas centrala kansli n\u00e5s p\u00e5:<\/h3>\n\n\n\n<div style=\"height:27px\" aria-hidden=\"true\" class=\"wp-block-spacer\"><\/div>\n\n\n\n<p><strong>E-post:<\/strong> moderatkvinnorna@moderaterna.se<br><strong>V\u00e4xel:<\/strong> 08-676 80 00<br>&nbsp;<\/p>\n\n\n\n<p><strong>Amanda H\u00e5kansson<\/strong><br>F\u00f6rbundssekreterare<br>amanda.hakansson@moderaterna.se<br>073-682 93 05<\/p>\n\n\n\n<p><strong>Charlotte Carlgren<\/strong><br>Valprojektledare<br>charlotte.carlgren@moderaterna.se<br>072-166 97 13<\/p>\n\n\n\n<p><strong>Johanna Andersson<\/strong><br>Redakt\u00f6r <em>Tidningen<\/em> <em>Modig<\/em> &#8211; Timanst\u00e4lld<br>johanna.pc.andersson@moderaterna.se<br>070-087 61 55<\/p>\n\n\n\n<p><strong>Emma Falkbacken<\/strong><br>Projektledare &#8211; Timanst\u00e4lld<br>emma.falkbacken@moderaterna.se<br><\/p>\n\n\n\n<div style=\"height:27px\" aria-hidden=\"true\" class=\"wp-block-spacer\"><\/div>\n\n\n\n<p><a href=\"https:\/\/moderaterna.se\/moderatkvinnorna\/kontaktpersoner-i-landet\/\">H\u00e4r hittar du kontaktuppgifter till Moderatkvinnorna och partiombudsm\u00e4nnen i ditt l\u00e4n<\/a><\/p>\n\n\n\n<div style=\"height:23px\" aria-hidden=\"true\" class=\"wp-block-spacer\"><\/div>\n\n\n\n<h3 class=\"wp-block-heading\" id=\"h-moderatkvinnornas-centrala-styrelse\">Moderatkvinnornas centrala styrelse<\/h3>\n\n\n\n<div style=\"height:34px\" aria-hidden=\"true\" class=\"wp-block-spacer\"><\/div>\n\n\n\n<p><strong style=\"font-weight: bold\">Annsofie Thuresson<\/strong>,<strong>&nbsp;<\/strong>ordf\u00f6rande<\/p>\n\n\n\n<p>annsofie.thuresson@moderaterna.se<\/p>\n\n\n\n<div style=\"height:36px\" aria-hidden=\"true\" class=\"wp-block-spacer\"><\/div>\n\n\n\n<p><strong>Ida Drougge,&nbsp;<\/strong>vice ordf\u00f6rande<br><br>ida.drougge@\u00admoderaterna.se<\/p>\n\n\n\n<div style=\"height:36px\" aria-hidden=\"true\" class=\"wp-block-spacer\"><\/div>\n\n\n\n<p><strong>Caroline H\u00f6gstr\u00f6m,&nbsp;<\/strong>ledamot<\/p>\n\n\n\n<p>caroline.hogstrom@moderaterna.se<\/p>\n\n\n\n<div style=\"height:36px\" aria-hidden=\"true\" class=\"wp-block-spacer\"><\/div>\n\n\n\n<p><strong>Charlotte Broberg&nbsp;<\/strong>ledamot<\/p>\n\n\n\n<p>charlotte.m.broberg@regionstockholm.se<\/p>\n\n\n\n<div style=\"height:36px\" aria-hidden=\"true\" class=\"wp-block-spacer\"><\/div>\n\n\n\n<p><strong>Hanne Lindqvist,&nbsp;<\/strong>ledamot<\/p>\n\n\n\n<p>hanne.lindqvist@kalmarmoderaterna.se<\/p>\n\n\n\n<div style=\"height:36px\" aria-hidden=\"true\" class=\"wp-block-spacer\"><\/div>\n\n\n\n<p><strong>Malin H\u00f6glund<\/strong>, ledamot<\/p>\n\n\n\n<p>malin.hoglund@riksdagen.se<\/p>\n\n\n\n<div style=\"height:36px\" aria-hidden=\"true\" class=\"wp-block-spacer\"><\/div>\n\n\n\n<p><strong>Marie-Louise H\u00e4nel Sandstr\u00f6m<\/strong>, ledamot<\/p>\n\n\n\n<p>marie-louise.hanel.sandstrom@riksdagen.se<\/p>\n\n\n\n<div style=\"height:36px\" aria-hidden=\"true\" class=\"wp-block-spacer\"><\/div>\n\n\n\n<p><strong>Signe Weiss,&nbsp;<\/strong>ledamot<\/p>\n\n\n\n<p>signe.weiss@yahoo.se<\/p>\n\n\n\n<div style=\"height:36px\" aria-hidden=\"true\" class=\"wp-block-spacer\"><\/div>\n\n\n\n<p><strong>Sofia Andersson<\/strong>, ledamot<\/p>\n\n\n\n<p>sofia.andersson2@uppsala.se<\/p>\n\n\n\n<div style=\"height:36px\" aria-hidden=\"true\" class=\"wp-block-spacer\"><\/div>\n\n\n\n<p><strong><strong>Amanda Thonander<\/strong>,<\/strong> ledamot<\/p>\n\n\n\n<p>amanda.thonander@moderaterna.se<\/p>\n\n\n\n<p><\/p>\n\n\n\n<div style=\"height:36px\" aria-hidden=\"true\" class=\"wp-block-spacer\"><\/div>\n\n\n\n<p><\/p>\n\n\n\n<div style=\"height:24px\" aria-hidden=\"true\" class=\"wp-block-spacer\"><\/div>\n\n\n\n<div style=\"height:11px\" aria-hidden=\"true\" class=\"wp-block-spacer\"><\/div>\n","protected":false},"excerpt":{"rendered":"<p>Moderatkvinnornas centrala kansli n\u00e5s p\u00e5: E-post: moderatkvinnorna@moderaterna.seV\u00e4xel: 08-676 80 00&nbsp; Amanda H\u00e5kanssonF\u00f6rbundssekreterareamanda.hakansson@moderaterna.se073-682 93 05 Charlotte CarlgrenValprojektledarecharlotte.carlgren@moderaterna.se072-166 97 13 Johanna AnderssonRedakt\u00f6r Tidningen Modig &#8211; Timanst\u00e4lldjohanna.pc.andersson@moderaterna.se070-087 61 55 Emma FalkbackenProjektledare &#8211; Timanst\u00e4lldemma.falkbacken@moderaterna.se H\u00e4r hittar du kontaktuppgifter till Moderatkvinnorna och partiombudsm\u00e4nnen i ditt l\u00e4n Moderatkvinnornas centrala styrelse Annsofie Thuresson,&nbsp;ordf\u00f6rande annsofie.thuresson@moderaterna.se Ida Drougge,&nbsp;vice ordf\u00f6rande ida.drougge@\u00admoderaterna.se Caroline H\u00f6gstr\u00f6m,&nbsp;ledamot caroline.hogstrom@moderaterna.se Charlotte [&hellip;]<\/p>\n","protected":false},"author":9,"featured_media":0,"parent":0,"menu_order":5,"comment_status":"closed","ping_status":"closed","template":"","meta":{"_acf_changed":false,"_relevanssi_hide_post":"","_relevanssi_hide_content":"","_relevanssi_pin_for_all":"","_relevanssi_pin_keywords":"","_relevanssi_unpin_keywords":"","_relevanssi_related_keywords":"","_relevanssi_related_include_ids":"","_relevanssi_related_exclude_ids":"","_relevanssi_related_no_append":"","_relevanssi_related_not_related":"","_relevanssi_related_posts":"526","_relevanssi_noindex_reason":"","footnotes":""},"subject":[],"class_list":["post-27","page","type-page","status-publish","hentry"],"acf":[],"publishpress_future_action":{"enabled":false,"date":"2026-04-26 00:54:42","action":"change-status","newStatus":"draft","terms":[],"taxonomy":"subject"},"_links":{"self":[{"href":"https:\/\/moderaterna.se\/moderatkvinnorna\/wp-json\/wp\/v2\/pages\/27","targetHints":{"allow":["GET"]}}],"collection":[{"href":"https:\/\/moderaterna.se\/moderatkvinnorna\/wp-json\/wp\/v2\/pages"}],"about":[{"href":"https:\/\/moderaterna.se\/moderatkvinnorna\/wp-json\/wp\/v2\/types\/page"}],"author":[{"embeddable":true,"href":"https:\/\/moderaterna.se\/moderatkvinnorna\/wp-json\/wp\/v2\/users\/9"}],"replies":[{"embeddable":true,"href":"https:\/\/moderaterna.se\/moderatkvinnorna\/wp-json\/wp\/v2\/comments?post=27"}],"version-history":[{"count":49,"href":"https:\/\/moderaterna.se\/moderatkvinnorna\/wp-json\/wp\/v2\/pages\/27\/revisions"}],"predecessor-version":[{"id":2380,"href":"https:\/\/moderaterna.se\/moderatkvinnorna\/wp-json\/wp\/v2\/pages\/27\/revisions\/2380"}],"wp:attachment":[{"href":"https:\/\/moderaterna.se\/moderatkvinnorna\/wp-json\/wp\/v2\/media?parent=27"}],"wp:term":[{"taxonomy":"subject","embeddable":true,"href":"https:\/\/moderaterna.se\/moderatkvinnorna\/wp-json\/wp\/v2\/subject?post=27"}],"curies":[{"name":"wp","href":"https:\/\/api.w.org\/{rel}","templated":true}]}}