{"id":2386,"date":"2026-02-18T11:11:54","date_gmt":"2026-02-18T10:11:54","guid":{"rendered":"https:\/\/moderaterna.se\/moderatkvinnorna\/?page_id=2386"},"modified":"2026-02-18T12:48:14","modified_gmt":"2026-02-18T11:48:14","slug":"integration","status":"publish","type":"page","link":"https:\/\/moderaterna.se\/moderatkvinnorna\/integration\/","title":{"rendered":"Integration och arbetsmarknad"},"content":{"rendered":"\n<h2 class=\"wp-block-heading\" id=\"h-varje-kvinna-ska-vara-fri-att-forma-sitt-eget-liv-oavsett-bakgrund\">Varje kvinna ska vara fri att forma sitt eget liv \u2013 oavsett bakgrund<\/h2>\n\n\n\n<p>En egen l\u00f6n \u00e4r en grund f\u00f6r sj\u00e4lvst\u00e4ndighet, oavsett k\u00f6n och oavsett om man \u00e4r f\u00f6dd i Sverige eller utomlands. Att kunna f\u00f6rs\u00f6rja sig sj\u00e4lv minskar beroendet av partner, familj och stat, och ger varje individ friheten att forma sitt eget liv. Arbete \u00e4r en av de absolut viktigaste v\u00e4garna in i samh\u00e4llet. P\u00e5 en arbetsplats utvecklas spr\u00e5k, byggs n\u00e4tverk och skapas delaktighet.&nbsp;&nbsp;<\/p>\n\n\n\n<p>F\u00f6r att integrationen ska fungera kr\u00e4vs att mottagandet ligger p\u00e5 en niv\u00e5 som samh\u00e4llet klarar av. Resurser m\u00e5ste finnas f\u00f6r att s\u00e4kerst\u00e4lla att nyanl\u00e4nda ska kunna etablera sig i arbete och samh\u00e4llsliv. Sverige ska ocks\u00e5 i h\u00f6gre grad v\u00e4ga in etableringsf\u00f6rm\u00e5ga och j\u00e4mst\u00e4lldhet vid v\u00e4lkomnande av kvotflyktingar.&nbsp;<\/p>\n\n\n\n<p>F\u00f6r svensk integration \u00e4r en stor utmaning fram\u00e5t att f\u00f6rb\u00e4ttra arbetsmarknadsetableringen f\u00f6r utrikes f\u00f6dda kvinnor. Idag m\u00f6ter utrikes f\u00f6dda kvinnor ofta h\u00f6gre hinder \u00e4n m\u00e4n p\u00e5 arbetsmarknaden, bland annat p\u00e5 grund av svaga spr\u00e5kkunskaper, l\u00e4gre utbildningsniv\u00e5, begr\u00e4nsad arbetslivserfarenhet och ibland ren diskriminering p\u00e5 arbetsmarknaden.&nbsp;&nbsp;<\/p>\n\n\n\n<p>Att st\u00e4rka utrikes f\u00f6dda kvinnors position p\u00e5 arbetsmarknaden \u00e4r en av v\u00e5ra viktigaste fr\u00e5gor. Om Sverige ska vara ett j\u00e4mst\u00e4llt land i praktiken, kr\u00e4vs att alla kvinnor som lever h\u00e4r har samma m\u00f6jligheter och samma skyldigheter. Varje kvinnas potential ska tas tillvara.&nbsp;<\/p>\n\n\n\n<h2 class=\"wp-block-heading\" id=\"h-arbetslinjen-ar-vagen-ut-ur-utanforskapet\">Arbetslinjen \u00e4r v\u00e4gen ut ur utanf\u00f6rskapet<\/h2>\n\n\n\n<p><strong><em>Diskrimineringen av utl\u00e4ndskt f\u00f6dda kvinnor p\u00e5 arbetsmarknaden m\u00e5ste f\u00f6rebyggas<\/em><\/strong><br>I Kalla Faktas granskning av Arbetsf\u00f6rmedlingen fr\u00e5n 2020 framkommer att handl\u00e4ggare \u00e5terkommande diskriminerar utrikesf\u00f6dda kvinnor. Kvinnor f\u00e5r arbeta h\u00e5rdare \u00e4n m\u00e4n f\u00f6r att f\u00e5 kontakt med handl\u00e4ggare, och f\u00e5r till mindre utstr\u00e4ckning ta del av arbetsn\u00e4ra insatser. Det m\u00e5ste motverkas!&nbsp;<\/p>\n\n\n\n<p><strong><em>Tillg\u00e4ngligg\u00f6r etableringsprogrammet f\u00f6r f\u00f6r\u00e4ldralediga kvinnor<\/em><\/strong><br>Sj\u00e4lvf\u00f6rs\u00f6rjning \u00e4r en frihetsfr\u00e5ga! Kvinnor som idag avbryter etableringsprogrammet p\u00e5 grund av att dem f\u00f6der barn och \u00e4r f\u00f6r\u00e4ldralediga skrivs ut ur systemet och riskerar att tappas bort, vilket senare h\u00f6jer tr\u00f6skeln till arbetsmarknaden. Deltagande i etableringsprogrammet ska som huvudregel ska kombineras med f\u00f6r\u00e4ldraledighet.&nbsp;&nbsp;<\/p>\n\n\n\n<p><strong><em>Spr\u00e5kf\u00f6rskola och SFI f\u00f6r f\u00f6r\u00e4ldraledi<\/em>ga<\/strong><br>Barn till f\u00f6r\u00e4ldrar som \u00e4r i etableringsfasen ska delta i spr\u00e5kf\u00f6rskola fr\u00e5n 1 \u00e5rs \u00e5lder och f\u00f6r\u00e4ldrarna ska vara obligerade att delta i arbetsf\u00f6rberedande insatser. F\u00f6r\u00e4ldralediga ska ocks\u00e5 alltid erbjudas spr\u00e5kutbildning.&nbsp;<\/p>\n\n\n\n<p><strong><em>Begr\u00e4nsa f\u00f6r\u00e4ldrapenningen f\u00f6r den som inte jobbat i Sverige<\/em><\/strong><br>Kvalificering till v\u00e4lf\u00e4rden ska ske i takt med att man jobbar, betalar skatt och blir svensk medborgare.&nbsp;<\/p>\n\n\n\n<h2 class=\"wp-block-heading\" id=\"h-ett-sverige-for-alla\">Ett sverige f\u00f6r alla<\/h2>\n\n\n\n<p><strong><em>Kriminalisera tv\u00e5ng att b\u00e4ra religi\u00f6s kl\u00e4dsel<\/em><\/strong><br>Hedersf\u00f6rtryck sl\u00e5r h\u00e5rt mot individers och allra mest flickors frihet, sj\u00e4lvst\u00e4ndighet och sociala integritet. Frihet att v\u00e4lja om man vill b\u00e4ra religi\u00f6sa plagg, s\u00e5som sl\u00f6ja, \u00e4r lika viktig som friheten att kunna v\u00e4lja att inte g\u00f6ra det. D\u00e4rf\u00f6r vill vi g\u00f6ra det straffbart att tvinga n\u00e5gon att b\u00e4ra religi\u00f6s kl\u00e4dsel.&nbsp;<br>&nbsp;<\/p>\n\n\n\n<p><strong>F\u00f6r\u00e4ldrar i utsatta omr\u00e5den b\u00f6r erbjudas ett ut\u00f6kat antal hembes\u00f6k av BVC<\/strong><br>Ett ut\u00f6kat antal hembes\u00f6k fr\u00e5n BVC i utsatta omr\u00e5den kan ge f\u00f6r\u00e4ldrar, s\u00e4rskilt utrikes f\u00f6dda m\u00f6drar, en trygg kontakt i samh\u00e4llet, och kunskap om b\u00e5de barnets h\u00e4lsa och samh\u00e4llets st\u00f6d. Genom tidiga och tillitsfulla kontakter st\u00e4rks m\u00f6jligheten till egen f\u00f6rs\u00f6rjning, sj\u00e4lvst\u00e4ndighet och en v\u00e4g in i det svenska samh\u00e4llet, vilket bidrar till minskat utanf\u00f6rskap och \u00f6kad j\u00e4mst\u00e4lldhet.&nbsp;<\/p>\n\n\n\n<p><strong><em>Inf\u00f6r f\u00f6rs\u00f6rjningskrav f\u00f6r anh\u00f6riga<\/em><\/strong><br>Arbetskraftsinvandrare ska kunna f\u00f6rs\u00f6rja medf\u00f6ljande familjemedlemmar och uppfylla tydliga krav p\u00e5 bostadens storlek och standard. Tr\u00e5ngboddhet f\u00f6rsv\u00e5rar integrationen, medan en stabil ekonomi och trygg boendesituation st\u00e4rker barns uppv\u00e4xtvillkor och m\u00f6jligheterna till spr\u00e5kinl\u00e4rning, arbete och delaktighet i samh\u00e4llet.&nbsp;<\/p>\n\n\n\n<p><\/p>\n\n\n\n<h2 class=\"wp-block-heading\" id=\"h-vid-ankomst-till-sverige\">Vid ankomst till Sverige<\/h2>\n\n\n\n<p id=\"h-vid-ankomst-till-sverige-asylsokande-ska-tidigt-fa-information-om-skyldigheter-och-svenska-lagar-och-regler-att-tidigt-informera-asylsokande-om-svenska-lagar-skyldigheter-och-samhallsnormer-ar-en-etisk-fraga-om-tydlighet-och-ansvar-i-sverige-bygger-samhallet-pa-jamstalldhet-individens-frihet-och-respekt-for-lagar-som-galler-lika-for-alla-etableringsprogrammet-ska-motsvara-heltid-och-ha-ett-tydligt-fokus-pa-sjalvforsorjning-deltagarna-i-etableringsprogrammet-maste-ges-konkreta-verktyg-for-att-snabbt-komma-in-pa-arbetsmarknaden-genom-arbetspraktik-kompetensutveckling-och-karriarvagledning-blir-programmet-bade-relevant-och-individanpassat-detta-skapar-en-tydlig-vag-till-sjalvforsorjning-vilket-minskar-beroendet-av-ekonomiskt-stod-starker-samhallsekonomin-och-ger-individen-makten-att-styra-sitt-eget-liv\"><strong><em>Asyls\u00f6kande ska tidigt f\u00e5 information om skyldigheter och svenska lagar och regler<\/em><\/strong><br>Att tidigt informera asyls\u00f6kande om svenska lagar, skyldigheter och samh\u00e4llsnormer \u00e4r en etisk fr\u00e5ga om tydlighet och ansvar. I Sverige bygger samh\u00e4llet p\u00e5 j\u00e4mst\u00e4lldhet, individens frihet och respekt f\u00f6r lagar som g\u00e4ller lika f\u00f6r alla.&nbsp;<\/p>\n\n\n\n<p id=\"h-vid-ankomst-till-sverige-asylsokande-ska-tidigt-fa-information-om-skyldigheter-och-svenska-lagar-och-regler-att-tidigt-informera-asylsokande-om-svenska-lagar-skyldigheter-och-samhallsnormer-ar-en-etisk-fraga-om-tydlighet-och-ansvar-i-sverige-bygger-samhallet-pa-jamstalldhet-individens-frihet-och-respekt-for-lagar-som-galler-lika-for-alla-etableringsprogrammet-ska-motsvara-heltid-och-ha-ett-tydligt-fokus-pa-sjalvforsorjning-deltagarna-i-etableringsprogrammet-maste-ges-konkreta-verktyg-for-att-snabbt-komma-in-pa-arbetsmarknaden-genom-arbetspraktik-kompetensutveckling-och-karriarvagledning-blir-programmet-bade-relevant-och-individanpassat-detta-skapar-en-tydlig-vag-till-sjalvforsorjning-vilket-minskar-beroendet-av-ekonomiskt-stod-starker-samhallsekonomin-och-ger-individen-makten-att-styra-sitt-eget-liv\"><strong><em>Etableringsprogrammet ska motsvara heltid och ha ett tydligt fokus p\u00e5 sj\u00e4lvf\u00f6rs\u00f6rjning<\/em><\/strong><br>Deltagarna i etableringsprogrammet m\u00e5ste ges konkreta verktyg f\u00f6r att snabbt komma in p\u00e5 arbetsmarknaden. Genom arbetspraktik, kompetensutveckling och karri\u00e4rv\u00e4gledning blir programmet b\u00e5de relevant och individanpassat. Detta skapar en tydlig v\u00e4g till sj\u00e4lvf\u00f6rs\u00f6rjning, vilket minskar beroendet av ekonomiskt st\u00f6d, st\u00e4rker samh\u00e4llsekonomin och ger individen makten att styra sitt eget liv.&nbsp;<\/p>\n\n\n\n<p><\/p>\n\n\n\n<p><\/p>\n\n\n\n<p><\/p>\n\n\n\n<div id=\"contact-form-block_acf_block_6995a6fdbcb8c\" class=\"contact-form custom-block custom-block__full theme__background--transparent theme__color--dark-blue\"\n    data-selected-email=\"moderatkvinnorna@moderaterna.se\">\n    <div class=\"contact-form__content\">\n        <h2 class=\"contact-form__heading\">\n            Har du fr\u00e5gor om Moderatkvinnornas integrationspolitik?         <\/h2>\n                <div class=\"contact-form__form--wrapper full\">\n            <h3 class=\"contact-form__form--heading\">Har du fr\u00e5gor till oss? Vars\u00e5god att anv\u00e4nda formul\u00e4ret.<\/h3>\n            <form @submit.prevent=\"handleSubmit\" class=\"contact-form__form\" method=\"POST\">\n                <label class=\"show-for-sr\" for=\"contact-form-block_acf_block_6995a6fdbcb8c__first-name\">\n                    F\u00f6rnamn\n                <\/label>\n                <input v-model=\"firstName\" class=\"half\" type=\"text\" name=\"firstName\" id=\"contact-form-block_acf_block_6995a6fdbcb8c__first-name\"\n                    placeholder=\"F\u00f6rnamn\" autocomplete=\"given-name\" required>\n\n                <label class=\"show-for-sr\" for=\"contact-form-block_acf_block_6995a6fdbcb8c__last-name\">\n                    Efternamn\n                <\/label>\n                <input v-model=\"lastName\" class=\"half\" type=\"text\" name=\"lastName\" id=\"contact-form-block_acf_block_6995a6fdbcb8c__last-name\"\n                    placeholder=\"Efternamn\" autocomplete=\"family-name\" required>\n\n                <label class=\"show-for-sr\" for=\"contact-form-block_acf_block_6995a6fdbcb8c__email\">\n                    E-post\n                <\/label>\n                <input v-model=\"email\" type=\"email\" name=\"email\" id=\"contact-form-block_acf_block_6995a6fdbcb8c__email\" \n                    placeholder=\"E-post\" autocomplete=\"email\" required>\n\n                \n                <label class=\"show-for-sr\" for=\"contact-form-block_acf_block_6995a6fdbcb8c__question\">\n                    Din fr\u00e5ga\n                <\/label>\n                <textarea v-model=\"question\" rows=\"5\" name=\"question\" id=\"contact-form-block_acf_block_6995a6fdbcb8c__question\" placeholder=\"Din fr\u00e5ga\" required><\/textarea>\n\n                <label class=\"contact-form__checkbox checkbox\" for=\"contact-form-block_acf_block_6995a6fdbcb8c__terms\">\n                    <input v-model=\"terms\" class=\"show-for-sr\" type=\"checkbox\" name=\"terms\" id=\"contact-form-block_acf_block_6995a6fdbcb8c__terms\" required\/>\n                    <span aria-hidden=\"true\" class=\"checkbox__checkmark\">\n                        <svg xmlns=\"http:\/\/www.w3.org\/2000\/svg\" width=\"13.203\" height=\"9.547\" viewBox=\"0 0 13.203 9.547\" aria-hidden=\"true\"><path data-name=\"Icon feather-check\" d=\"M11.789 1.414L4.656 8.547 1.414 5.305\" fill=\"none\" stroke=\"#93d5f6\" stroke-linecap=\"round\" stroke-linejoin=\"round\" stroke-width=\"2\"\/><\/svg>                    <\/span>\n                    Jag godk\u00e4nner att Moderaterna sparar mina personuppgifter\n                                            <a class=\"checkbox__link\" href=\"https:\/\/moderaterna.se\/moderatkvinnorna\/integritetspolicy\/\">L\u00e4s mer om hur vi hanterar dina personuppgifter<\/a>\n                                    <\/label>\n\n                <button type=\"submit\">\n                    <svg xmlns=\"http:\/\/www.w3.org\/2000\/svg\" data-name=\"Icon ionic-ios-arrow-round-forward\" width=\"17.168\" height=\"11.45\" viewBox=\"0 0 17.168 11.45\" aria-hidden=\"true\"><path data-name=\"Icon ionic-ios-arrow-round-forward\" d=\"M10.948.219a.779.779 0 0 0-.006 1.1l3.626 3.629H.769a.775.775 0 0 0 0 1.55h13.793l-3.626 3.632a.785.785 0 0 0 .006 1.1.772.772 0 0 0 1.091-.006l4.914-4.949a.871.871 0 0 0 .161-.244.74.74 0 0 0 .06-.3.777.777 0 0 0-.221-.543L12.033.239a.76.76 0 0 0-1.085-.02z\" fill=\"#213a8f\"\/><\/svg>                    Skicka fr\u00e5ga\n                <\/button>\n\n                <p v-show=\"messageActive\" style=\"display:none;\" aria-live=\"polite\" class=\"contact-form__message\" :class=\"error ? 'error' : ''\">\n                    {{message}}\n                <\/p>\n            <\/form>\n        <\/div>\n    <\/div>\n<\/div>","protected":false},"excerpt":{"rendered":"<p>Varje kvinna ska vara fri att forma sitt eget liv \u2013 oavsett bakgrund En egen l\u00f6n \u00e4r en grund f\u00f6r sj\u00e4lvst\u00e4ndighet, oavsett k\u00f6n och oavsett om man \u00e4r f\u00f6dd i Sverige eller utomlands. Att kunna f\u00f6rs\u00f6rja sig sj\u00e4lv minskar beroendet av partner, familj och stat, och ger varje individ friheten att forma sitt eget liv. [&hellip;]<\/p>\n","protected":false},"author":137,"featured_media":0,"parent":0,"menu_order":0,"comment_status":"closed","ping_status":"closed","template":"","meta":{"_acf_changed":false,"_relevanssi_hide_post":"","_relevanssi_hide_content":"","_relevanssi_pin_for_all":"","_relevanssi_pin_keywords":"","_relevanssi_unpin_keywords":"","_relevanssi_related_keywords":"","_relevanssi_related_include_ids":"","_relevanssi_related_exclude_ids":"","_relevanssi_related_no_append":"","_relevanssi_related_not_related":"","_relevanssi_related_posts":"915,925,1511,1292,1319,1939","_relevanssi_noindex_reason":"","footnotes":""},"subject":[],"class_list":["post-2386","page","type-page","status-publish","hentry"],"acf":[],"publishpress_future_action":{"enabled":false,"date":"2026-04-16 08:47:54","action":"change-status","newStatus":"draft","terms":[],"taxonomy":"subject"},"_links":{"self":[{"href":"https:\/\/moderaterna.se\/moderatkvinnorna\/wp-json\/wp\/v2\/pages\/2386","targetHints":{"allow":["GET"]}}],"collection":[{"href":"https:\/\/moderaterna.se\/moderatkvinnorna\/wp-json\/wp\/v2\/pages"}],"about":[{"href":"https:\/\/moderaterna.se\/moderatkvinnorna\/wp-json\/wp\/v2\/types\/page"}],"author":[{"embeddable":true,"href":"https:\/\/moderaterna.se\/moderatkvinnorna\/wp-json\/wp\/v2\/users\/137"}],"replies":[{"embeddable":true,"href":"https:\/\/moderaterna.se\/moderatkvinnorna\/wp-json\/wp\/v2\/comments?post=2386"}],"version-history":[{"count":24,"href":"https:\/\/moderaterna.se\/moderatkvinnorna\/wp-json\/wp\/v2\/pages\/2386\/revisions"}],"predecessor-version":[{"id":2433,"href":"https:\/\/moderaterna.se\/moderatkvinnorna\/wp-json\/wp\/v2\/pages\/2386\/revisions\/2433"}],"wp:attachment":[{"href":"https:\/\/moderaterna.se\/moderatkvinnorna\/wp-json\/wp\/v2\/media?parent=2386"}],"wp:term":[{"taxonomy":"subject","embeddable":true,"href":"https:\/\/moderaterna.se\/moderatkvinnorna\/wp-json\/wp\/v2\/subject?post=2386"}],"curies":[{"name":"wp","href":"https:\/\/api.w.org\/{rel}","templated":true}]}}