{"id":1763,"date":"2022-08-31T12:40:36","date_gmt":"2022-08-31T10:40:36","guid":{"rendered":"https:\/\/moderaterna.se\/moderatkvinnorna\/?page_id=1763"},"modified":"2022-08-31T14:21:44","modified_gmt":"2022-08-31T12:21:44","slug":"ekonomi-mlhs","status":"publish","type":"page","link":"https:\/\/moderaterna.se\/moderatkvinnorna\/ekonomi-mlhs\/","title":{"rendered":"Ekonomi &#8211; MLHS"},"content":{"rendered":"\n<p><strong>J\u00e4mst\u00e4lldhet \u00e4r \u00e4ven bra f\u00f6r samh\u00e4llet i stort. Om kvinnor skulle l\u00f6nearbeta i lika stor utstr\u00e4ckning som m\u00e4n skulle Sveriges BNP \u00f6ka med \u00f6ver 400 miljarder kronor \u2013 per \u00e5r. <\/strong><\/p>\n\n\n\n<p><strong>Kvinnor har \u00e4n idag bara 77% av m\u00e4ns totala inkomster. F\u00f6r\u00e4ldraskap p\u00e5verkar kvinnors arbetsinkomst negativt, motsvarande effekt syns inte f\u00f6r m\u00e4n. Det p\u00e5verkar l\u00f6nen, karri\u00e4ren och den framtida pensionen. Dessa faktorer har en konkret p\u00e5verkan p\u00e5 kvinnors liv; 1 av 5 kvinnor uppger exempelvis att de inte skulle ha r\u00e5d att skilja sig.<\/strong><\/p>\n\n\n\n<h2 class=\"wp-block-heading\" id=\"h-vi-vill\">Vi vill:<\/h2>\n\n\n\n<ul class=\"wp-block-list\"><li>S\u00e4nka skatten mest f\u00f6r de med l\u00e5ga inkomster. Arbete ska alltid l\u00f6na sig. <\/li><li>Ut\u00f6ka RUT-avdraget. P\u00e5 s\u00e5 s\u00e4tt f\u00e5r fler r\u00e5d att k\u00f6pa in avlastning till det obetalda hemarbetet, och fler f\u00f6retag startas. <\/li><li>Underl\u00e4tta f\u00f6r fler par att dela p\u00e5 pensionen och l\u00e5t mer av pensionen ing\u00e5 vid bodelning. <\/li><li>\u00d6ka l\u00f6nespridningen i offentlig sektor. Anstr\u00e4ngning ska alltid l\u00f6na sig, \u00e4ven inom kvinnodominerade yrken.<\/li><\/ul>\n\n\n\n<figure class=\"wp-block-image size-large\"><img loading=\"lazy\" decoding=\"async\" width=\"1024\" height=\"1024\" src=\"https:\/\/moderaterna.se\/app\/uploads\/sites\/25\/2022\/08\/220830_MK-Annonser-Verve-3232-G2-10-1024x1024.png\" alt=\"\" class=\"wp-image-1845\" srcset=\"https:\/\/moderaterna.se\/app\/uploads\/sites\/25\/2022\/08\/220830_MK-Annonser-Verve-3232-G2-10-1024x1024.png 1024w, https:\/\/moderaterna.se\/app\/uploads\/sites\/25\/2022\/08\/220830_MK-Annonser-Verve-3232-G2-10-300x300.png 300w, https:\/\/moderaterna.se\/app\/uploads\/sites\/25\/2022\/08\/220830_MK-Annonser-Verve-3232-G2-10-150x150.png 150w, https:\/\/moderaterna.se\/app\/uploads\/sites\/25\/2022\/08\/220830_MK-Annonser-Verve-3232-G2-10-768x768.png 768w, https:\/\/moderaterna.se\/app\/uploads\/sites\/25\/2022\/08\/220830_MK-Annonser-Verve-3232-G2-10.png 1333w\" sizes=\"auto, (max-width: 1024px) 100vw, 1024px\" \/><\/figure>\n\n\n\n<div class=\"wp-block-buttons is-layout-flex wp-block-buttons-is-layout-flex\">\n<div class=\"wp-block-button\"><a class=\"wp-block-button__link\" href=\"https:\/\/moderaterna.se\/moderatkvinnorna\/artikel\/arbetslinjen-ar-nyckeln-till-ett-jamstallt-sverige\/\" target=\"_blank\" rel=\"noreferrer noopener\">H\u00e4r kan du l\u00e4sa mer om Moderatkvinnornas f\u00f6rslag f\u00f6r \u00e5teruppr\u00e4ttad arbetslinje. <\/a><\/div>\n\n\n\n<div class=\"wp-block-button\"><a class=\"wp-block-button__link\" href=\"https:\/\/moderaterna.se\/var-politik\/ekonomi-och-jobb\/\" target=\"_blank\" rel=\"noreferrer noopener\">H\u00e4r kan du l\u00e4sa mer om Moderaternas f\u00f6rslag f\u00f6r \u00e5teruppr\u00e4ttad arbetslinje.  <\/a><\/div>\n<\/div>\n","protected":false},"excerpt":{"rendered":"<p>J\u00e4mst\u00e4lldhet \u00e4r \u00e4ven bra f\u00f6r samh\u00e4llet i stort. Om kvinnor skulle l\u00f6nearbeta i lika stor utstr\u00e4ckning som m\u00e4n skulle Sveriges BNP \u00f6ka med \u00f6ver 400 miljarder kronor \u2013 per \u00e5r. Kvinnor har \u00e4n idag bara 77% av m\u00e4ns totala inkomster. F\u00f6r\u00e4ldraskap p\u00e5verkar kvinnors arbetsinkomst negativt, motsvarande effekt syns inte f\u00f6r m\u00e4n. Det p\u00e5verkar l\u00f6nen, karri\u00e4ren [&hellip;]<\/p>\n","protected":false},"author":75,"featured_media":0,"parent":0,"menu_order":0,"comment_status":"closed","ping_status":"closed","template":"","meta":{"_acf_changed":false,"_relevanssi_hide_post":"","_relevanssi_hide_content":"","_relevanssi_pin_for_all":"","_relevanssi_pin_keywords":"","_relevanssi_unpin_keywords":"","_relevanssi_related_keywords":"","_relevanssi_related_include_ids":"","_relevanssi_related_exclude_ids":"","_relevanssi_related_no_append":"","_relevanssi_related_not_related":"","_relevanssi_related_posts":"921,1499,1511,2175,913,915","_relevanssi_noindex_reason":"","footnotes":""},"subject":[],"class_list":["post-1763","page","type-page","status-publish","hentry"],"acf":[],"publishpress_future_action":{"enabled":false,"date":"2026-04-19 11:47:47","action":"change-status","newStatus":"draft","terms":[],"taxonomy":"subject"},"_links":{"self":[{"href":"https:\/\/moderaterna.se\/moderatkvinnorna\/wp-json\/wp\/v2\/pages\/1763","targetHints":{"allow":["GET"]}}],"collection":[{"href":"https:\/\/moderaterna.se\/moderatkvinnorna\/wp-json\/wp\/v2\/pages"}],"about":[{"href":"https:\/\/moderaterna.se\/moderatkvinnorna\/wp-json\/wp\/v2\/types\/page"}],"author":[{"embeddable":true,"href":"https:\/\/moderaterna.se\/moderatkvinnorna\/wp-json\/wp\/v2\/users\/75"}],"replies":[{"embeddable":true,"href":"https:\/\/moderaterna.se\/moderatkvinnorna\/wp-json\/wp\/v2\/comments?post=1763"}],"version-history":[{"count":5,"href":"https:\/\/moderaterna.se\/moderatkvinnorna\/wp-json\/wp\/v2\/pages\/1763\/revisions"}],"predecessor-version":[{"id":1846,"href":"https:\/\/moderaterna.se\/moderatkvinnorna\/wp-json\/wp\/v2\/pages\/1763\/revisions\/1846"}],"wp:attachment":[{"href":"https:\/\/moderaterna.se\/moderatkvinnorna\/wp-json\/wp\/v2\/media?parent=1763"}],"wp:term":[{"taxonomy":"subject","embeddable":true,"href":"https:\/\/moderaterna.se\/moderatkvinnorna\/wp-json\/wp\/v2\/subject?post=1763"}],"curies":[{"name":"wp","href":"https:\/\/api.w.org\/{rel}","templated":true}]}}