{"id":1745,"date":"2022-08-31T12:43:35","date_gmt":"2022-08-31T10:43:35","guid":{"rendered":"https:\/\/moderaterna.se\/moderatkvinnorna\/?page_id=1745"},"modified":"2022-08-31T14:26:46","modified_gmt":"2022-08-31T12:26:46","slug":"sjukvard-mlhs","status":"publish","type":"page","link":"https:\/\/moderaterna.se\/moderatkvinnorna\/sjukvard-mlhs\/","title":{"rendered":"Sjukv\u00e5rd &#8211; MLHS"},"content":{"rendered":"\n<p><strong>Sverige har l\u00e4nge haft en h\u00f6g andel f\u00f6rlossningsskador i internationella j\u00e4mf\u00f6relser och kvinnors sjukdomar har b\u00e5de inom forskning och i det kliniska arbetet varit eftersatt. <\/strong><\/p>\n\n\n\n<p><strong>P\u00e5 flera omr\u00e5den finns d\u00e4rf\u00f6r kunskapsluckor, inte minst om hur skillnaden mellan k\u00f6nen tar sig uttryck b\u00e5de g\u00e4llande symptom och sm\u00e4rta samt reaktioner p\u00e5 l\u00e4kemedel. Kvinnor m\u00e5ste uttrycka mer sm\u00e4rta f\u00f6r att f\u00e5 samma behandling som m\u00e4n. Kvinnor sjukskrivs ocks\u00e5 oftare under kortare tid \u00e4n m\u00e4n och ges mindre kvalitativ sjukv\u00e5rd \u00e4n m\u00e4n.<\/strong><\/p>\n\n\n\n<p><strong>Vi har dessutom en abortlagstiftning som inte uppdaterats p\u00e5 45 \u00e5r. D\u00e5 handlade varje abort om ett kirurgiskt ingrepp, idag \u00e4r 9 av 10 aborter medicinska. <\/strong><\/p>\n\n\n\n<p><\/p>\n\n\n\n<h2 class=\"wp-block-heading\" id=\"h-vi-vill\">Vi vill:<\/h2>\n\n\n\n<ul class=\"wp-block-list\"><li>Avs\u00e4tta mer pengar till forskning om kvinnors h\u00e4lsa. <\/li><li>Inf\u00f6ra nationella riktlinjer om f\u00f6rlossningsv\u00e5rden och efterv\u00e5rden. <\/li><li>Utbilda fler barnmorskor. <\/li><li>Modernisera abortlagstiftningen s\u00e5 att den \u00e4r anpassad utefter de medicinska framsteg som gjorts.<\/li><li>Elevh\u00e4lsan ska vidareutbildas inom endometrios.<\/li><\/ul>\n\n\n\n<figure class=\"wp-block-image size-large\"><img loading=\"lazy\" decoding=\"async\" width=\"1024\" height=\"1024\" src=\"https:\/\/moderaterna.se\/app\/uploads\/sites\/25\/2022\/08\/220830_MK-Annonser-Verve-3232-G2-7-1024x1024.png\" alt=\"\" class=\"wp-image-1852\" srcset=\"https:\/\/moderaterna.se\/app\/uploads\/sites\/25\/2022\/08\/220830_MK-Annonser-Verve-3232-G2-7-1024x1024.png 1024w, https:\/\/moderaterna.se\/app\/uploads\/sites\/25\/2022\/08\/220830_MK-Annonser-Verve-3232-G2-7-300x300.png 300w, https:\/\/moderaterna.se\/app\/uploads\/sites\/25\/2022\/08\/220830_MK-Annonser-Verve-3232-G2-7-150x150.png 150w, https:\/\/moderaterna.se\/app\/uploads\/sites\/25\/2022\/08\/220830_MK-Annonser-Verve-3232-G2-7-768x768.png 768w, https:\/\/moderaterna.se\/app\/uploads\/sites\/25\/2022\/08\/220830_MK-Annonser-Verve-3232-G2-7.png 1333w\" sizes=\"auto, (max-width: 1024px) 100vw, 1024px\" \/><\/figure>\n\n\n\n<div class=\"wp-block-buttons is-layout-flex wp-block-buttons-is-layout-flex\">\n<div class=\"wp-block-button\"><a class=\"wp-block-button__link\" href=\"https:\/\/moderaterna.se\/moderatkvinnorna\/artikel\/en-jamstalld-sjukvard\/\" target=\"_blank\" rel=\"noreferrer noopener\">H\u00e4r kan du l\u00e4sa mer om Moderatkvinnornas f\u00f6rslag f\u00f6r en mer j\u00e4mst\u00e4lld sjukv\u00e5rd.<\/a><\/div>\n<\/div>\n\n\n\n<div class=\"wp-block-buttons is-layout-flex wp-block-buttons-is-layout-flex\">\n<div class=\"wp-block-button\"><a class=\"wp-block-button__link\" href=\"https:\/\/moderaterna.se\/var-politik\/halso-och-sjukvard\/\" target=\"_blank\" rel=\"noreferrer noopener\">H\u00e4r kan du l\u00e4sa mer om Moderaternas f\u00f6rslag f\u00f6r en mer j\u00e4mst\u00e4lld sjukv\u00e5rd. <\/a><\/div>\n<\/div>\n","protected":false},"excerpt":{"rendered":"<p>Sverige har l\u00e4nge haft en h\u00f6g andel f\u00f6rlossningsskador i internationella j\u00e4mf\u00f6relser och kvinnors sjukdomar har b\u00e5de inom forskning och i det kliniska arbetet varit eftersatt. P\u00e5 flera omr\u00e5den finns d\u00e4rf\u00f6r kunskapsluckor, inte minst om hur skillnaden mellan k\u00f6nen tar sig uttryck b\u00e5de g\u00e4llande symptom och sm\u00e4rta samt reaktioner p\u00e5 l\u00e4kemedel. Kvinnor m\u00e5ste uttrycka mer sm\u00e4rta [&hellip;]<\/p>\n","protected":false},"author":75,"featured_media":0,"parent":0,"menu_order":0,"comment_status":"closed","ping_status":"closed","template":"","meta":{"_acf_changed":false,"_relevanssi_hide_post":"","_relevanssi_hide_content":"","_relevanssi_pin_for_all":"","_relevanssi_pin_keywords":"","_relevanssi_unpin_keywords":"","_relevanssi_related_keywords":"","_relevanssi_related_include_ids":"","_relevanssi_related_exclude_ids":"","_relevanssi_related_no_append":"","_relevanssi_related_not_related":"","_relevanssi_related_posts":"","_relevanssi_noindex_reason":"","footnotes":""},"subject":[],"class_list":["post-1745","page","type-page","status-publish","hentry"],"acf":[],"publishpress_future_action":{"enabled":false,"date":"2026-04-23 17:47:17","action":"change-status","newStatus":"draft","terms":[],"taxonomy":"subject"},"_links":{"self":[{"href":"https:\/\/moderaterna.se\/moderatkvinnorna\/wp-json\/wp\/v2\/pages\/1745","targetHints":{"allow":["GET"]}}],"collection":[{"href":"https:\/\/moderaterna.se\/moderatkvinnorna\/wp-json\/wp\/v2\/pages"}],"about":[{"href":"https:\/\/moderaterna.se\/moderatkvinnorna\/wp-json\/wp\/v2\/types\/page"}],"author":[{"embeddable":true,"href":"https:\/\/moderaterna.se\/moderatkvinnorna\/wp-json\/wp\/v2\/users\/75"}],"replies":[{"embeddable":true,"href":"https:\/\/moderaterna.se\/moderatkvinnorna\/wp-json\/wp\/v2\/comments?post=1745"}],"version-history":[{"count":5,"href":"https:\/\/moderaterna.se\/moderatkvinnorna\/wp-json\/wp\/v2\/pages\/1745\/revisions"}],"predecessor-version":[{"id":1853,"href":"https:\/\/moderaterna.se\/moderatkvinnorna\/wp-json\/wp\/v2\/pages\/1745\/revisions\/1853"}],"wp:attachment":[{"href":"https:\/\/moderaterna.se\/moderatkvinnorna\/wp-json\/wp\/v2\/media?parent=1745"}],"wp:term":[{"taxonomy":"subject","embeddable":true,"href":"https:\/\/moderaterna.se\/moderatkvinnorna\/wp-json\/wp\/v2\/subject?post=1745"}],"curies":[{"name":"wp","href":"https:\/\/api.w.org\/{rel}","templated":true}]}}