{"id":1697,"date":"2022-08-31T12:46:54","date_gmt":"2022-08-31T10:46:54","guid":{"rendered":"https:\/\/moderaterna.se\/moderatkvinnorna\/?page_id=1697"},"modified":"2022-08-31T14:12:00","modified_gmt":"2022-08-31T12:12:00","slug":"trygghet-mls","status":"publish","type":"page","link":"https:\/\/moderaterna.se\/moderatkvinnorna\/trygghet-mls\/","title":{"rendered":"Trygghet &#8211; MLHS"},"content":{"rendered":"\n<p><strong>Varannan ung kvinna uppger att hon \u00e4r r\u00e4dd f\u00f6r att vistas ute i sitt eget bostadsomr\u00e5de sent p\u00e5 kv\u00e4llen. N\u00e4stan lika m\u00e5nga unga kvinnor uppger att de v\u00e4ljer en annan f\u00e4rdv\u00e4g eller ett annat f\u00e4rds\u00e4tt av oro att uts\u00e4ttas f\u00f6r brott.<\/strong><\/p>\n\n\n\n<p><strong>Unga kvinnors utsatthet f\u00f6r sexualbrott har m\u00e5ngdubblats under den Socialdemokratiska regeringen. \u00c4nd\u00e5 \u00e4r det bara 5 av 100 anm\u00e4lda v\u00e5ldt\u00e4kter som klaras upp. Det \u00e4r ett svek mot de kvinnor som f\u00e5r leva med k\u00e4nslan av att inte ha n\u00e5gon p\u00e5 sin sida.<\/strong><\/p>\n\n\n\n<h2 class=\"wp-block-heading\" id=\"h-vi-vill\">Vi vill:<\/h2>\n\n\n\n<ul class=\"wp-block-list\"><li>Sk\u00e4rpa straffen f\u00f6r sexualbrott.<\/li><li>Ge fler brottsoffer uppr\u00e4ttelse. H\u00f6j skadest\u00e5nden och ut\u00f6ka m\u00f6jligheten till m\u00e5ls\u00e4gandebitr\u00e4de.<\/li><li>Personer som saknar svenskt medborgarskap och beg\u00e5r grova brott ska utvisas.<\/li><li>Inf\u00f6r m\u00f6jlighet att utd\u00f6ma vistelsef\u00f6rbud f\u00f6rg\u00e4rningspersonen vid v\u00e5ld mot n\u00e4rst\u00e5ende. Det ska vara g\u00e4rningsmannen som flyttar, inte offret.<\/li><\/ul>\n\n\n\n<figure class=\"wp-block-image size-large\"><img decoding=\"async\" src=\"https:\/\/moderaterna.se\/app\/uploads\/sites\/25\/2022\/08\/220830_MK-Annonser-Verve-3232-G2-3-1024x1024.png\" alt=\"\" class=\"wp-image-1834\" \/><\/figure>\n\n\n\n<div class=\"wp-block-buttons is-layout-flex wp-block-buttons-is-layout-flex\">\n<div class=\"wp-block-button\"><a class=\"wp-block-button__link\" href=\"https:\/\/moderaterna.se\/moderatkvinnorna\/artikel\/ett-tryggare-sverige-for-alla\/\" target=\"_blank\" rel=\"noreferrer noopener\"> H\u00e4r kan du l\u00e4sa mer om Moderatkvinnornas f\u00f6rslag f\u00f6r att \u00f6ka tryggheten i Sverige. <\/a><\/div>\n<\/div>\n\n\n\n<div class=\"wp-block-buttons is-layout-flex wp-block-buttons-is-layout-flex\">\n<div class=\"wp-block-button\"><a class=\"wp-block-button__link\" href=\"https:\/\/moderaterna.se\/nyhet\/mans-vald-mot-kvinnor-och-hedersfortryck-maste-bekampas-med-samhallets-fulla-kraft\/\" target=\"_blank\" rel=\"noreferrer noopener\">H\u00e4r kan du l\u00e4sa mer om Moderaternas f\u00f6rslag f\u00f6r att \u00f6ka tryggheten i Sverige. <\/a><\/div>\n<\/div>\n","protected":false},"excerpt":{"rendered":"<p>Varannan ung kvinna uppger att hon \u00e4r r\u00e4dd f\u00f6r att vistas ute i sitt eget bostadsomr\u00e5de sent p\u00e5 kv\u00e4llen. N\u00e4stan lika m\u00e5nga unga kvinnor uppger att de v\u00e4ljer en annan f\u00e4rdv\u00e4g eller ett annat f\u00e4rds\u00e4tt av oro att uts\u00e4ttas f\u00f6r brott. Unga kvinnors utsatthet f\u00f6r sexualbrott har m\u00e5ngdubblats under den Socialdemokratiska regeringen. \u00c4nd\u00e5 \u00e4r det [&hellip;]<\/p>\n","protected":false},"author":75,"featured_media":0,"parent":0,"menu_order":0,"comment_status":"closed","ping_status":"closed","template":"","meta":{"_acf_changed":false,"_relevanssi_hide_post":"","_relevanssi_hide_content":"","_relevanssi_pin_for_all":"","_relevanssi_pin_keywords":"","_relevanssi_unpin_keywords":"","_relevanssi_related_keywords":"","_relevanssi_related_include_ids":"","_relevanssi_related_exclude_ids":"","_relevanssi_related_no_append":"","_relevanssi_related_not_related":"","_relevanssi_related_posts":"","_relevanssi_noindex_reason":"","footnotes":""},"subject":[],"class_list":["post-1697","page","type-page","status-publish","hentry"],"acf":[],"publishpress_future_action":{"enabled":false,"date":"2026-04-23 08:00:37","action":"change-status","newStatus":"draft","terms":[],"taxonomy":"subject"},"_links":{"self":[{"href":"https:\/\/moderaterna.se\/moderatkvinnorna\/wp-json\/wp\/v2\/pages\/1697","targetHints":{"allow":["GET"]}}],"collection":[{"href":"https:\/\/moderaterna.se\/moderatkvinnorna\/wp-json\/wp\/v2\/pages"}],"about":[{"href":"https:\/\/moderaterna.se\/moderatkvinnorna\/wp-json\/wp\/v2\/types\/page"}],"author":[{"embeddable":true,"href":"https:\/\/moderaterna.se\/moderatkvinnorna\/wp-json\/wp\/v2\/users\/75"}],"replies":[{"embeddable":true,"href":"https:\/\/moderaterna.se\/moderatkvinnorna\/wp-json\/wp\/v2\/comments?post=1697"}],"version-history":[{"count":12,"href":"https:\/\/moderaterna.se\/moderatkvinnorna\/wp-json\/wp\/v2\/pages\/1697\/revisions"}],"predecessor-version":[{"id":1838,"href":"https:\/\/moderaterna.se\/moderatkvinnorna\/wp-json\/wp\/v2\/pages\/1697\/revisions\/1838"}],"wp:attachment":[{"href":"https:\/\/moderaterna.se\/moderatkvinnorna\/wp-json\/wp\/v2\/media?parent=1697"}],"wp:term":[{"taxonomy":"subject","embeddable":true,"href":"https:\/\/moderaterna.se\/moderatkvinnorna\/wp-json\/wp\/v2\/subject?post=1697"}],"curies":[{"name":"wp","href":"https:\/\/api.w.org\/{rel}","templated":true}]}}