{"id":82,"date":"2021-10-13T14:29:52","date_gmt":"2021-10-13T12:29:52","guid":{"rendered":"https:\/\/moderaterna.se\/?page_id=82"},"modified":"2022-12-07T11:22:11","modified_gmt":"2022-12-07T10:22:11","slug":"moderaterna-nu-far-vi-ordning-pa-sverige","status":"publish","type":"page","link":"https:\/\/moderaterna.se\/kronoberg\/","title":{"rendered":"Samlingspartiet Moderaterna"},"content":{"rendered":"\n<div id=\"text-and-media-block_6384891c671fc\" class=\"text-and-media custom-block custom-block__full theme__background--dark-blue\">\n\t<div class=\"text-and-media__content\">\n\t\t<div class=\"text-and-media__content--info\">\n\t\t\t\t\t<\/div>\n\t\t<div class=\"text-and-media__content--media-box\">\n\t\t\t\t\t<\/div>\n\t<\/div>\n<\/div>\n\n\n<div class=\"wp-block-group\"><div class=\"wp-block-group__inner-container is-layout-flow wp-block-group-is-layout-flow\"><\/div><\/div>\n\n\n<div id=\"current-block_619d051aef5b7\" class=\"current custom-block custom-block__full\">\n    <div class=\"current__content\">\n        <div class=\"current__content--heading\">\n                    <\/div>\n        <div class=\"current__content--recent\">\n                            <div class=\"current__content--recent__single\">\n                    \n<div class=\"article-puff\">\n            <a href=\"https:\/\/moderaterna.se\/kronoberg\/nyhet\/moderaternas-forslag-till-valsedel-region-kronoberg\/\">\n            <div class=\"article-puff__background theme__background--dark-blue\">\n                <img loading=\"lazy\" decoding=\"async\" width=\"600\" height=\"338\" src=\"https:\/\/moderaterna.se\/app\/uploads\/sites\/11\/2025\/11\/IE-JE.png\" class=\"article-puff__image\" alt=\"\" srcset=\"https:\/\/moderaterna.se\/app\/uploads\/sites\/11\/2025\/11\/IE-JE.png 1920w, https:\/\/moderaterna.se\/app\/uploads\/sites\/11\/2025\/11\/IE-JE-300x169.png 300w, https:\/\/moderaterna.se\/app\/uploads\/sites\/11\/2025\/11\/IE-JE-1024x576.png 1024w, https:\/\/moderaterna.se\/app\/uploads\/sites\/11\/2025\/11\/IE-JE-768x432.png 768w, https:\/\/moderaterna.se\/app\/uploads\/sites\/11\/2025\/11\/IE-JE-1536x864.png 1536w\" sizes=\"auto, (max-width: 600px) 100vw, 600px\" \/>            <\/div>\n        <\/a>\n                    <div class=\"article-puff__info article-info\">\n                <p>12 november, 2025<\/p>\n                                <button class=\"subjects-expand\" title=\"Visa alla hj\u00e4rtefr\u00e5gor\">\n                    <span class=\"show-for-sr\">Visa alla hj\u00e4rtefr\u00e5gor<\/span>\n                    <span class=\"dot\"><\/span>\n                    <span class=\"dot\"><\/span>\n                    <span class=\"dot\"><\/span>\n                <\/button>\n            <\/div>\n                <h3 class=\"h4--dark-grey article-puff__heading\">\n        <a href=\"https:\/\/moderaterna.se\/kronoberg\/nyhet\/moderaternas-forslag-till-valsedel-region-kronoberg\/\" class=\"a--dark-grey\">Moderaternas f\u00f6rslag till valsedel &#8211; Region Kronoberg<\/a>\n    <\/h3>\n<\/div>                <\/div>\n                            <div class=\"current__content--recent__single\">\n                    \n<div class=\"article-puff\">\n            <a href=\"https:\/\/moderaterna.se\/kronoberg\/nyhet\/moderaternas-toppkandidater-till-riksdagen-infor-valet-2026\/\">\n            <div class=\"article-puff__background theme__background--dark-blue\">\n                <img loading=\"lazy\" decoding=\"async\" width=\"600\" height=\"400\" src=\"https:\/\/moderaterna.se\/app\/uploads\/sites\/11\/2025\/11\/TK89431.png\" class=\"article-puff__image\" alt=\"\" srcset=\"https:\/\/moderaterna.se\/app\/uploads\/sites\/11\/2025\/11\/TK89431.png 4200w, https:\/\/moderaterna.se\/app\/uploads\/sites\/11\/2025\/11\/TK89431-300x200.png 300w, https:\/\/moderaterna.se\/app\/uploads\/sites\/11\/2025\/11\/TK89431-1024x683.png 1024w, https:\/\/moderaterna.se\/app\/uploads\/sites\/11\/2025\/11\/TK89431-768x512.png 768w, https:\/\/moderaterna.se\/app\/uploads\/sites\/11\/2025\/11\/TK89431-1536x1024.png 1536w, https:\/\/moderaterna.se\/app\/uploads\/sites\/11\/2025\/11\/TK89431-2048x1365.png 2048w\" sizes=\"auto, (max-width: 600px) 100vw, 600px\" \/>            <\/div>\n        <\/a>\n                    <div class=\"article-puff__info article-info\">\n                <p>10 november, 2025<\/p>\n                                <button class=\"subjects-expand\" title=\"Visa alla hj\u00e4rtefr\u00e5gor\">\n                    <span class=\"show-for-sr\">Visa alla hj\u00e4rtefr\u00e5gor<\/span>\n                    <span class=\"dot\"><\/span>\n                    <span class=\"dot\"><\/span>\n                    <span class=\"dot\"><\/span>\n                <\/button>\n            <\/div>\n                <h3 class=\"h4--dark-grey article-puff__heading\">\n        <a href=\"https:\/\/moderaterna.se\/kronoberg\/nyhet\/moderaternas-toppkandidater-till-riksdagen-infor-valet-2026\/\" class=\"a--dark-grey\">Moderaternas toppkandidater till Riksdagen inf\u00f6r valet 2026<\/a>\n    <\/h3>\n<\/div>                <\/div>\n                    <\/div>\n    <\/div>\n<\/div>\n\n\n\n<hr class=\"wp-block-separator is-style-wide\"\/>\n\n\n\n<div class=\"wp-block-cover has-dark-blue-background-color has-background-dim\"><img loading=\"lazy\" decoding=\"async\" width=\"1920\" height=\"1080\" class=\"wp-block-cover__image-background wp-image-2199\" alt=\"\" src=\"https:\/\/moderaterna.se\/app\/uploads\/sites\/11\/2022\/12\/Riksdagsledamo\u0308ter-1.png\" style=\"object-position:100% 0%\" data-object-fit=\"cover\" data-object-position=\"100% 0%\" srcset=\"https:\/\/moderaterna.se\/app\/uploads\/sites\/11\/2022\/12\/Riksdagsledamo\u0308ter-1.png 1920w, https:\/\/moderaterna.se\/app\/uploads\/sites\/11\/2022\/12\/Riksdagsledamo\u0308ter-1-300x169.png 300w, https:\/\/moderaterna.se\/app\/uploads\/sites\/11\/2022\/12\/Riksdagsledamo\u0308ter-1-1024x576.png 1024w, https:\/\/moderaterna.se\/app\/uploads\/sites\/11\/2022\/12\/Riksdagsledamo\u0308ter-1-768x432.png 768w, https:\/\/moderaterna.se\/app\/uploads\/sites\/11\/2022\/12\/Riksdagsledamo\u0308ter-1-1536x864.png 1536w\" sizes=\"auto, (max-width: 1920px) 100vw, 1920px\" \/><div class=\"wp-block-cover__inner-container is-layout-flow wp-block-cover-is-layout-flow\">\n<p class=\"has-text-align-center has-text-color\" style=\"color:#ffffff;font-size:32px\"><a href=\"https:\/\/moderaterna.se\/kronoberg\/riksdagsledamoter\/\"><strong>Riksdagsledam\u00f6ter<\/strong><\/a><\/p>\n<\/div><\/div>\n\n\n\n<hr class=\"wp-block-separator is-style-wide\"\/>\n\n\n\n<div class=\"wp-block-cover has-background-dim-40 has-dark-blue-background-color has-background-dim\"><img loading=\"lazy\" decoding=\"async\" width=\"960\" height=\"600\" class=\"wp-block-cover__image-background wp-image-1958\" alt=\"\" src=\"https:\/\/moderaterna.se\/app\/uploads\/sites\/11\/2022\/11\/budgetprop..jpeg\" data-object-fit=\"cover\" srcset=\"https:\/\/moderaterna.se\/app\/uploads\/sites\/11\/2022\/11\/budgetprop..jpeg 960w, https:\/\/moderaterna.se\/app\/uploads\/sites\/11\/2022\/11\/budgetprop.-300x188.jpeg 300w, https:\/\/moderaterna.se\/app\/uploads\/sites\/11\/2022\/11\/budgetprop.-768x480.jpeg 768w\" sizes=\"auto, (max-width: 960px) 100vw, 960px\" \/><div class=\"wp-block-cover__inner-container is-layout-flow wp-block-cover-is-layout-flow\">\n<p class=\"has-text-align-center has-text-color\" style=\"color:#ffffff;font-size:32px\"><strong><a href=\"https:\/\/moderaterna.se\/kronoberg\/nyhet\/budget-2023\/\">Budget 2023: en ny riktning f\u00f6r Sverige<\/a><\/strong><\/p>\n<\/div><\/div>\n\n\n\n<hr class=\"wp-block-separator is-style-wide\"\/>\n\n\n\n<div style=\"height:60px\" aria-hidden=\"true\" class=\"wp-block-spacer\"><\/div>\n\n\n\n<h2 class=\"has-text-align-center wp-block-heading\" id=\"h-var-politik\"><strong>V\u00e5r politik<\/strong><\/h2>\n\n\n\n<p class=\"has-text-align-center\">S\u00f6k i f\u00e4ltet nedan p\u00e5 de fr\u00e5gor du brinner f\u00f6r och l\u00e4s mer om v\u00e5r politik.<\/p>\n\n\n\n<div class=\"wp-block-group\"><div class=\"wp-block-group__inner-container is-layout-flow wp-block-group-is-layout-flow\">\n<div class=\"wp-block-columns is-layout-flex wp-container-core-columns-is-layout-9d6595d7 wp-block-columns-is-layout-flex\">\n<div class=\"wp-block-column is-layout-flow wp-block-column-is-layout-flow\" style=\"flex-basis:100%\">\n<div class=\"wp-block-group\"><div class=\"wp-block-group__inner-container is-layout-flow wp-block-group-is-layout-flow\"><div id=\"search-subjects-block_63848c8f67200\" class=\"search-subjects custom-block\">\n    <div class=\"search-subjects__content\">\n        <div class=\"search-subjects__content--search\">\n            <form @submit.prevent=\"avoidRefresh\" role=\"search\" class=\"search-subjects__content--search__form\">\n                <label class=\"show-for-sr\" for=\"search-subjects-block_63848c8f67200__search\">S\u00f6k hj\u00e4rtefr\u00e5gor<\/label>\n                <input v-model=\"search\" type=\"text\" name=\"search\" autocomplete=\"off\" class=\"search-subjects__content--search__form--input\" id=\"search-subjects-block_63848c8f67200__search\">\n                <svg xmlns=\"http:\/\/www.w3.org\/2000\/svg\" width=\"30.621\" height=\"30.621\" viewBox=\"0 0 30.621 30.621\" aria-hidden=\"true\"><g data-name=\"Icon feather-search\" fill=\"none\" stroke=\"#213a8f\" stroke-linecap=\"round\" stroke-linejoin=\"round\" stroke-width=\"3\"><path data-name=\"Path 13\" d=\"M25.5 13.5a12 12 0 1 1-12-12 12 12 0 0 1 12 12z\"\/><path data-name=\"Path 14\" d=\"M28.5 28.5l-6.525-6.525\"\/><\/g><\/svg>                                    <button @click=\"changeListVisibility(true)\" type=\"button\" class=\"search-subjects__content--search__form--button\">\n                        <span class=\"show-for-sr\">Visa alla hj\u00e4rtefr\u00e5gor<\/span>\n                        <span><\/span>\n                        <span><\/span>\n                        <span><\/span>\n                        <span><\/span>\n                    <\/button>\n                    <div v-cloak v-show=\"isListVisible\" class=\"search-subjects__content--search__form--list\">\n                        <div class=\"search-subjects__content--search__form--list__heading\">\n                            <p class=\"p--dark-blue\">V\u00e4lj hj\u00e4rtefr\u00e5ga<\/p>\n                            <button @click=\"changeListVisibility(false)\" type=\"button\" class=\"search-subjects__content--search__form--list__heading--button\">\n                                <span class=\"show-for-sr\">D\u00f6lj alla hj\u00e4rtefr\u00e5gor<\/span>\n                                <span><\/span>\n                                <span><\/span>\n                            <\/button>\n                        <\/div>\n                        <div class=\"search-subjects__content--search__form--list__line\"><\/div>\n                        <div class=\"search-subjects__content--search__form--list__subjects\">\n                            <ul>\n                                                                    <li>\n                                        <a class=\"p--dark-grey\" href=\"https:\/\/moderaterna.se\/kronoberg\/var-politik\/bostadspolitik\/\">Bostadspolitik<\/a>\n                                    <\/li>\n                                                                    <li>\n                                        <a class=\"p--dark-grey\" href=\"https:\/\/moderaterna.se\/var-politik\/demokrati-rattsstat-forvaltning\/\">Demokrati, r\u00e4ttsstat och f\u00f6rvaltning<\/a>\n                                    <\/li>\n                                                                    <li>\n                                        <a class=\"p--dark-grey\" href=\"https:\/\/moderaterna.se\/var-politik\/ekonomisk-politik-och-foretagande\/\">Ekonomisk politik och f\u00f6retagande<\/a>\n                                    <\/li>\n                                                                    <li>\n                                        <a class=\"p--dark-grey\" href=\"https:\/\/moderaterna.se\/kronoberg\/var-politik\/eu\/\">EU<\/a>\n                                    <\/li>\n                                                                    <li>\n                                        <a class=\"p--dark-grey\" href=\"https:\/\/moderaterna.se\/var-politik\/forebyggande-arbete\/\">F\u00f6rebyggande arbete<\/a>\n                                    <\/li>\n                                                                    <li>\n                                        <a class=\"p--dark-grey\" href=\"https:\/\/moderaterna.se\/var-politik\/forskola\/\">F\u00f6rskolan<\/a>\n                                    <\/li>\n                                                                    <li>\n                                        <a class=\"p--dark-grey\" href=\"https:\/\/moderaterna.se\/var-politik\/forsvar-och-krisberedskap\/\">F\u00f6rsvar och krisberedskap<\/a>\n                                    <\/li>\n                                                                    <li>\n                                        <a class=\"p--dark-grey\" href=\"https:\/\/moderaterna.se\/var-politik\/grona-naringar-landsbygd-och-jakt\/\">Gr\u00f6na n\u00e4ringar, landsbygd och jakt<\/a>\n                                    <\/li>\n                                                                    <li>\n                                        <a class=\"p--dark-grey\" href=\"https:\/\/moderaterna.se\/var-politik\/hbtq\/\">HBTQ-fr\u00e5gor<\/a>\n                                    <\/li>\n                                                                    <li>\n                                        <a class=\"p--dark-grey\" href=\"https:\/\/moderaterna.se\/var-politik\/halso-och-sjukvard-2\/\">H\u00e4lso- och sjukv\u00e5rd<\/a>\n                                    <\/li>\n                                                                    <li>\n                                        <a class=\"p--dark-grey\" href=\"https:\/\/moderaterna.se\/var-politik\/idrott\/\">Idrott och friluftsliv<\/a>\n                                    <\/li>\n                                                                    <li>\n                                        <a class=\"p--dark-grey\" href=\"https:\/\/moderaterna.se\/kronoberg\/var-politik\/integration\/\">Integration<\/a>\n                                    <\/li>\n                                                                    <li>\n                                        <a class=\"p--dark-grey\" href=\"https:\/\/moderaterna.se\/kronoberg\/var-politik\/jobb-och-arbetsmarknad\/\">Jobb och arbetsmarknad<\/a>\n                                    <\/li>\n                                                                    <li>\n                                        <a class=\"p--dark-grey\" href=\"https:\/\/moderaterna.se\/var-politik\/jamstalldhet\/\">J\u00e4mst\u00e4lldhet<\/a>\n                                    <\/li>\n                                                                    <li>\n                                        <a class=\"p--dark-grey\" href=\"https:\/\/moderaterna.se\/var-politik\/klimat-miljo-och-energi\/\">Klimat, milj\u00f6 och energi<\/a>\n                                    <\/li>\n                                                                    <li>\n                                        <a class=\"p--dark-grey\" href=\"https:\/\/moderaterna.se\/kronoberg\/var-politik\/kultur\/\">Kultur<\/a>\n                                    <\/li>\n                                                                    <li>\n                                        <a class=\"p--dark-grey\" href=\"https:\/\/moderaterna.se\/var-politik\/lag-och-ordning-2\/\">Lag och ordning<\/a>\n                                    <\/li>\n                                                                    <li>\n                                        <a class=\"p--dark-grey\" href=\"https:\/\/moderaterna.se\/kronoberg\/var-politik\/migration\/\">Migration<\/a>\n                                    <\/li>\n                                                                    <li>\n                                        <a class=\"p--dark-grey\" href=\"https:\/\/moderaterna.se\/var-politik\/sjukforsakring-2\/\">Sjukf\u00f6rs\u00e4kring<\/a>\n                                    <\/li>\n                                                                    <li>\n                                        <a class=\"p--dark-grey\" href=\"https:\/\/moderaterna.se\/kronoberg\/var-politik\/skola-och-utbildning\/\">Skola och utbildning<\/a>\n                                    <\/li>\n                                                                    <li>\n                                        <a class=\"p--dark-grey\" href=\"https:\/\/moderaterna.se\/kronoberg\/var-politik\/trafik-och-infrastruktur\/\">Trafik och infrastruktur<\/a>\n                                    <\/li>\n                                                                    <li>\n                                        <a class=\"p--dark-grey\" href=\"https:\/\/moderaterna.se\/kronoberg\/var-politik\/utrikespolitik\/\">Utrikespolitik<\/a>\n                                    <\/li>\n                                                                    <li>\n                                        <a class=\"p--dark-grey\" href=\"https:\/\/moderaterna.se\/var-politik\/valfardsbrottslighet\/\">V\u00e4lf\u00e4rdsbrottslighet<\/a>\n                                    <\/li>\n                                                                    <li>\n                                        <a class=\"p--dark-grey\" href=\"https:\/\/moderaterna.se\/var-politik\/aldres-villkor-och-pensioner\/\">\u00c4ldres villkor och pensioner<\/a>\n                                    <\/li>\n                                                            <\/ul>\n                        <\/div>\n                    <\/div>\n                            <\/form>\n        <\/div>\n        <div v-cloak class=\"search-subjects__content--results\" aria-live=\"polite\">\n            <p v-if=\"filteredSubjects.length === 0 &#038;&#038; search\">Inga s\u00f6kresultat<\/p>\n            <div v-else v-for=\"subject in filteredSubjects\" class=\"search-subjects__content--results__single\">\n                <div class=\"search-subjects__content--results__single--main\">\n                    <button :data-name=\"subject[0].name\" @click=\"toggleButton($event)\" :class=\"isCookieActive(subject[0].slug, 'moderaterna_voted_subjects') ?\n                    'active-heart vote-subject-button' : 'not-active-heart vote-subject-button'\" :value=\"subject[0].slug\">\n                        <span class=\"show-for-sr\">\n                            {{\n                                isCookieActive(subject[0].slug, `moderaterna_voted_subjects`) ?\n                                `Ta bort ${subject[0].name} fr\u00e5n dina hj\u00e4rtefr\u00e5gor` :\n                                `L\u00e4gg till ${subject[0].name} bland dina hj\u00e4rtefr\u00e5gor`\n                            }}\n                        <\/span>\n                        <svg xmlns=\"http:\/\/www.w3.org\/2000\/svg\" width=\"29.25\" height=\"28.125\" viewBox=\"0 0 29.25 28.125\" aria-hidden=\"true\"><path data-name=\"Icon ionic-ios-heart-empty\" d=\"M21.375 0h-.07a8 8 0 0 0-6.68 3.656A8 8 0 0 0 7.945 0h-.07A7.949 7.949 0 0 0 0 7.945a17.115 17.115 0 0 0 3.361 9.33c4.233 5.787 11.264 10.85 11.264 10.85s7.031-5.063 11.264-10.85a17.115 17.115 0 0 0 3.361-9.33A7.949 7.949 0 0 0 21.375 0zM24.3 16.116a53.929 53.929 0 0 1-9.675 9.533 54.01 54.01 0 0 1-9.675-9.541 15.169 15.169 0 0 1-2.981-8.163 5.966 5.966 0 0 1 5.92-5.97h.063a5.9 5.9 0 0 1 2.89.759 6.144 6.144 0 0 1 2.137 2 1.975 1.975 0 0 0 3.3 0 6.205 6.205 0 0 1 2.138-2 5.9 5.9 0 0 1 2.89-.759h.063a5.966 5.966 0 0 1 5.92 5.97 15.361 15.361 0 0 1-2.99 8.17z\" fill=\"#213a8f\"\/><\/svg>                        <svg xmlns=\"http:\/\/www.w3.org\/2000\/svg\" data-name=\"Icon ionic-ios-heart\" width=\"29.25\" height=\"28.125\" viewBox=\"0 0 29.25 28.125\" aria-hidden=\"true\" class=\"hidden-heart\"><path data-name=\"Icon ionic-ios-heart\" d=\"M21.375 0h-.07a8 8 0 0 0-6.68 3.656A8 8 0 0 0 7.945 0h-.07A7.949 7.949 0 0 0 0 7.945a17.115 17.115 0 0 0 3.361 9.33c4.233 5.787 11.264 10.85 11.264 10.85s7.031-5.063 11.264-10.85a17.115 17.115 0 0 0 3.361-9.33A7.949 7.949 0 0 0 21.375 0z\" fill=\"#213a8f\"\/><\/svg>                    <\/button>\n                    <h3 class=\"h6--dark-grey\"><a :href=\"subject[0].page_link\">{{ subject[0].name }}<\/a><\/h3>\n                <\/div>\n                <div v-if=\"subject[1]\" class=\"search-subjects__content--results__single--related\">\n                    <p>Relaterade hj\u00e4rtefr\u00e5gor<\/p>\n                    <div v-for=\"relatedSubjects in subject[1]\" class=\"search-subjects__content--results__single--related__single\">\n                        <button :data-name=\"relatedSubjects.name\" @:click=\"toggleButton($event)\" :class=\"isCookieActive(relatedSubjects.slug, 'moderaterna_voted_subjects') ?\n                        'active-heart vote-subject-button' : 'not-active-heart vote-subject-button'\" :value=\"relatedSubjects.slug\">\n                            <span class=\"show-for-sr\">\n                                {{\n                                    isCookieActive(relatedSubjects.slug, `moderaterna_voted_subjects`) ?\n                                    `Ta bort ${relatedSubjects.name} fr\u00e5n dina hj\u00e4rtefr\u00e5gor` :\n                                    `L\u00e4gg till ${relatedSubjects.name} bland dina hj\u00e4rtefr\u00e5gor`\n                                }}\n                            <\/span>\n                            <svg xmlns=\"http:\/\/www.w3.org\/2000\/svg\" width=\"29.25\" height=\"28.125\" viewBox=\"0 0 29.25 28.125\" aria-hidden=\"true\"><path data-name=\"Icon ionic-ios-heart-empty\" d=\"M21.375 0h-.07a8 8 0 0 0-6.68 3.656A8 8 0 0 0 7.945 0h-.07A7.949 7.949 0 0 0 0 7.945a17.115 17.115 0 0 0 3.361 9.33c4.233 5.787 11.264 10.85 11.264 10.85s7.031-5.063 11.264-10.85a17.115 17.115 0 0 0 3.361-9.33A7.949 7.949 0 0 0 21.375 0zM24.3 16.116a53.929 53.929 0 0 1-9.675 9.533 54.01 54.01 0 0 1-9.675-9.541 15.169 15.169 0 0 1-2.981-8.163 5.966 5.966 0 0 1 5.92-5.97h.063a5.9 5.9 0 0 1 2.89.759 6.144 6.144 0 0 1 2.137 2 1.975 1.975 0 0 0 3.3 0 6.205 6.205 0 0 1 2.138-2 5.9 5.9 0 0 1 2.89-.759h.063a5.966 5.966 0 0 1 5.92 5.97 15.361 15.361 0 0 1-2.99 8.17z\" fill=\"#213a8f\"\/><\/svg>                            <svg xmlns=\"http:\/\/www.w3.org\/2000\/svg\" data-name=\"Icon ionic-ios-heart\" width=\"29.25\" height=\"28.125\" viewBox=\"0 0 29.25 28.125\" aria-hidden=\"true\" class=\"hidden-heart\"><path data-name=\"Icon ionic-ios-heart\" d=\"M21.375 0h-.07a8 8 0 0 0-6.68 3.656A8 8 0 0 0 7.945 0h-.07A7.949 7.949 0 0 0 0 7.945a17.115 17.115 0 0 0 3.361 9.33c4.233 5.787 11.264 10.85 11.264 10.85s7.031-5.063 11.264-10.85a17.115 17.115 0 0 0 3.361-9.33A7.949 7.949 0 0 0 21.375 0z\" fill=\"#213a8f\"\/><\/svg>                        <\/button>\n                        <h3 class=\"h6--dark-grey\"><a :href=\"relatedSubjects.page_link\">{{ relatedSubjects.name }}<\/a><\/h3>\n                    <\/div>\n                <\/div>\n            <\/div>\n        <\/div>\n    <\/div>\n<\/div>\n<\/div><\/div>\n<\/div>\n<\/div>\n<\/div><\/div>\n\n\n\n<div class=\"wp-block-cover has-background-dim-60 has-dark-blue-background-color has-background-dim\"><img loading=\"lazy\" decoding=\"async\" width=\"1920\" height=\"1170\" class=\"wp-block-cover__image-background wp-image-1878\" alt=\"\" src=\"https:\/\/moderaterna.se\/app\/uploads\/sites\/11\/2022\/09\/HERO_1920x1170px_drottninggatan.jpg\" data-object-fit=\"cover\" srcset=\"https:\/\/moderaterna.se\/app\/uploads\/sites\/11\/2022\/09\/HERO_1920x1170px_drottninggatan.jpg 1920w, https:\/\/moderaterna.se\/app\/uploads\/sites\/11\/2022\/09\/HERO_1920x1170px_drottninggatan-300x183.jpg 300w, https:\/\/moderaterna.se\/app\/uploads\/sites\/11\/2022\/09\/HERO_1920x1170px_drottninggatan-1024x624.jpg 1024w, https:\/\/moderaterna.se\/app\/uploads\/sites\/11\/2022\/09\/HERO_1920x1170px_drottninggatan-768x468.jpg 768w, https:\/\/moderaterna.se\/app\/uploads\/sites\/11\/2022\/09\/HERO_1920x1170px_drottninggatan-1536x936.jpg 1536w\" sizes=\"auto, (max-width: 1920px) 100vw, 1920px\" \/><div class=\"wp-block-cover__inner-container is-layout-flow wp-block-cover-is-layout-flow\">\n<p class=\"has-text-align-center has-text-color\" style=\"color:#ffffff;font-size:46px\"><strong><a href=\"https:\/\/moderaterna.membersite.se\/Membership\/BuyMembershipGetSparData\">Bli medlem i Moderaterna<\/a><\/strong><\/p>\n<\/div><\/div>\n\n\n\n<div style=\"height:60px\" aria-hidden=\"true\" class=\"wp-block-spacer\"><\/div>\n\n\n\n<div class=\"wp-block-buttons is-content-justification-center is-layout-flex wp-block-buttons-is-layout-flex\">\n<div class=\"wp-block-button\"><a class=\"wp-block-button__link\" href=\"https:\/\/moderaterna.se\/kronoberg\/kontakta-oss\/\">Kontakta oss!<\/a><\/div>\n<\/div>\n\n\n\n<div style=\"height:60px\" aria-hidden=\"true\" class=\"wp-block-spacer\"><\/div>\n","protected":false},"excerpt":{"rendered":"<p>V\u00e5r politik S\u00f6k i f\u00e4ltet nedan p\u00e5 de fr\u00e5gor du brinner f\u00f6r och l\u00e4s mer om v\u00e5r politik.<\/p>\n","protected":false},"author":9,"featured_media":669,"parent":0,"menu_order":0,"comment_status":"closed","ping_status":"closed","template":"page-templates\/landing-page.php","meta":{"_acf_changed":false,"_relevanssi_hide_post":"","_relevanssi_hide_content":"","_relevanssi_pin_for_all":"","_relevanssi_pin_keywords":"","_relevanssi_unpin_keywords":"","_relevanssi_related_keywords":"","_relevanssi_related_include_ids":"","_relevanssi_related_exclude_ids":"","_relevanssi_related_no_append":"","_relevanssi_related_not_related":"","_relevanssi_related_posts":"526","_relevanssi_noindex_reason":"","footnotes":""},"subject":[],"class_list":["post-82","page","type-page","status-publish","has-post-thumbnail","hentry"],"acf":[],"publishpress_future_action":{"enabled":false,"date":"2026-04-29 03:20:46","action":"change-status","newStatus":"draft","terms":[],"taxonomy":"subject"},"_links":{"self":[{"href":"https:\/\/moderaterna.se\/kronoberg\/wp-json\/wp\/v2\/pages\/82","targetHints":{"allow":["GET"]}}],"collection":[{"href":"https:\/\/moderaterna.se\/kronoberg\/wp-json\/wp\/v2\/pages"}],"about":[{"href":"https:\/\/moderaterna.se\/kronoberg\/wp-json\/wp\/v2\/types\/page"}],"author":[{"embeddable":true,"href":"https:\/\/moderaterna.se\/kronoberg\/wp-json\/wp\/v2\/users\/9"}],"replies":[{"embeddable":true,"href":"https:\/\/moderaterna.se\/kronoberg\/wp-json\/wp\/v2\/comments?post=82"}],"version-history":[{"count":187,"href":"https:\/\/moderaterna.se\/kronoberg\/wp-json\/wp\/v2\/pages\/82\/revisions"}],"predecessor-version":[{"id":2227,"href":"https:\/\/moderaterna.se\/kronoberg\/wp-json\/wp\/v2\/pages\/82\/revisions\/2227"}],"wp:featuredmedia":[{"embeddable":true,"href":"https:\/\/moderaterna.se\/kronoberg\/wp-json\/wp\/v2\/media\/669"}],"wp:attachment":[{"href":"https:\/\/moderaterna.se\/kronoberg\/wp-json\/wp\/v2\/media?parent=82"}],"wp:term":[{"taxonomy":"subject","embeddable":true,"href":"https:\/\/moderaterna.se\/kronoberg\/wp-json\/wp\/v2\/subject?post=82"}],"curies":[{"name":"wp","href":"https:\/\/api.w.org\/{rel}","templated":true}]}}