{"id":632,"date":"2021-12-08T09:52:53","date_gmt":"2021-12-08T08:52:53","guid":{"rendered":"https:\/\/moderaterna.se\/kronoberg\/?page_id=632"},"modified":"2025-08-11T10:38:52","modified_gmt":"2025-08-11T08:38:52","slug":"forbundsstyrelsen","status":"publish","type":"page","link":"https:\/\/moderaterna.se\/kronoberg\/forbundsstyrelsen\/","title":{"rendered":"F\u00f6rbundsstyrelsen"},"content":{"rendered":"\n<p><\/p>\n\n\n\n<h2 class=\"wp-block-heading\"><strong>Ordf\u00f6rande<\/strong> <\/h2>\n\n\n\n<p>Oliver Rosengren, V\u00e4xj\u00f6<\/p>\n\n\n\n<div class=\"wp-block-group\"><div class=\"wp-block-group__inner-container is-layout-flow wp-block-group-is-layout-flow\">\n<ul class=\"wp-block-social-links has-icon-color has-icon-background-color is-style-pill-shape is-layout-flex wp-block-social-links-is-layout-flex\"><li style=\"color:#93D5F6;background-color:#213A8F;\" class=\"wp-social-link wp-social-link-mail has-blue-color has-dark-blue-background-color wp-block-social-link\"><a href=\"mailto:oliver.&#114;os&#101;&#110;&#103;r&#101;&#110;&#064;ri&#107;s&#100;&#097;&#103;&#101;n.&#115;&#101;\" class=\"wp-block-social-link-anchor\"><svg width=\"24\" height=\"24\" viewBox=\"0 0 24 24\" version=\"1.1\" xmlns=\"http:\/\/www.w3.org\/2000\/svg\" aria-hidden=\"true\" focusable=\"false\"><path d=\"M19,5H5c-1.1,0-2,.9-2,2v10c0,1.1.9,2,2,2h14c1.1,0,2-.9,2-2V7c0-1.1-.9-2-2-2zm.5,12c0,.3-.2.5-.5.5H5c-.3,0-.5-.2-.5-.5V9.8l7.5,5.6,7.5-5.6V17zm0-9.1L12,13.6,4.5,7.9V7c0-.3.2-.5.5-.5h14c.3,0,.5.2.5.5v.9z\"><\/path><\/svg><span class=\"wp-block-social-link-label screen-reader-text\">Mail<\/span><\/a><\/li><\/ul>\n\n\n\n<p><\/p>\n<\/div><\/div>\n\n\n\n<h2 class=\"wp-block-heading\"><strong>1:e vice ordf\u00f6rande<\/strong> <\/h2>\n\n\n\n<p>Magnus Gunnarsson, Ljungby<\/p>\n\n\n\n<ul class=\"wp-block-social-links has-icon-color has-icon-background-color is-style-pill-shape is-layout-flex wp-block-social-links-is-layout-flex\"><li style=\"color:#93D5F6;background-color:#213A8F;\" class=\"wp-social-link wp-social-link-mail has-blue-color has-dark-blue-background-color wp-block-social-link\"><a href=\"mailto:mag&#110;&#117;s.gunnarss&#111;&#110;&#064;&#108;&#106;&#117;ngby&#046;&#115;e\" class=\"wp-block-social-link-anchor\"><svg width=\"24\" height=\"24\" viewBox=\"0 0 24 24\" version=\"1.1\" xmlns=\"http:\/\/www.w3.org\/2000\/svg\" aria-hidden=\"true\" focusable=\"false\"><path d=\"M19,5H5c-1.1,0-2,.9-2,2v10c0,1.1.9,2,2,2h14c1.1,0,2-.9,2-2V7c0-1.1-.9-2-2-2zm.5,12c0,.3-.2.5-.5.5H5c-.3,0-.5-.2-.5-.5V9.8l7.5,5.6,7.5-5.6V17zm0-9.1L12,13.6,4.5,7.9V7c0-.3.2-.5.5-.5h14c.3,0,.5.2.5.5v.9z\"><\/path><\/svg><span class=\"wp-block-social-link-label screen-reader-text\">Mail<\/span><\/a><\/li><\/ul>\n\n\n\n<h2 class=\"wp-block-heading\"><strong>2:e vice ordf\u00f6rande<\/strong> <\/h2>\n\n\n\n<p>Claudia Crowley S\u00f6rensson, Alvesta<\/p>\n\n\n\n<ul class=\"wp-block-social-links has-icon-color has-icon-background-color is-style-pill-shape is-layout-flex wp-block-social-links-is-layout-flex\"><li style=\"color:#93D5F6;background-color:#213A8F;\" class=\"wp-social-link wp-social-link-mail has-blue-color has-dark-blue-background-color wp-block-social-link\"><a href=\"mailto:&#067;&#108;&#097;&#117;di&#097;.&#083;&#111;&#114;e&#110;&#115;s&#111;&#110;&#064;al&#118;&#101;&#115;&#116;a&#046;se\" class=\"wp-block-social-link-anchor\"><svg width=\"24\" height=\"24\" viewBox=\"0 0 24 24\" version=\"1.1\" xmlns=\"http:\/\/www.w3.org\/2000\/svg\" aria-hidden=\"true\" focusable=\"false\"><path d=\"M19,5H5c-1.1,0-2,.9-2,2v10c0,1.1.9,2,2,2h14c1.1,0,2-.9,2-2V7c0-1.1-.9-2-2-2zm.5,12c0,.3-.2.5-.5.5H5c-.3,0-.5-.2-.5-.5V9.8l7.5,5.6,7.5-5.6V17zm0-9.1L12,13.6,4.5,7.9V7c0-.3.2-.5.5-.5h14c.3,0,.5.2.5.5v.9z\"><\/path><\/svg><span class=\"wp-block-social-link-label screen-reader-text\">Mail<\/span><\/a><\/li><\/ul>\n\n\n\n<div style=\"height:36px\" aria-hidden=\"true\" class=\"wp-block-spacer\"><\/div>\n\n\n\n<h2 class=\"wp-block-heading\" id=\"h-ledamoter\"><strong>Ledam\u00f6ter:<\/strong><\/h2>\n\n\n\n<p>Thomas Ragnarsson, Adjungerad<\/p>\n\n\n\n<p>Marcus Dackling, Lessebo<\/p>\n\n\n\n<p>Jakob Willborg, \u00c4lmhult<\/p>\n\n\n\n<p>Ida Eriksson, Regionen<\/p>\n\n\n\n<p>Andreas Svegard, Markaryd<\/p>\n\n\n\n<p>Elin Petersson, MK<\/p>\n\n\n\n<p>Jessica Rask, Uppvidinge<\/p>\n\n\n\n<p>\u00c5ke Nyberg, Tingsryd<\/p>\n\n\n\n<p>Emma Falkbacken, MUF<\/p>\n\n\n\n<p>Pernilla Torn\u00e9us, V\u00e4xj\u00f6<\/p>\n\n\n\n<div style=\"height:36px\" aria-hidden=\"true\" class=\"wp-block-spacer\"><\/div>\n","protected":false},"excerpt":{"rendered":"<p>Ordf\u00f6rande Oliver Rosengren, V\u00e4xj\u00f6 1:e vice ordf\u00f6rande Magnus Gunnarsson, Ljungby 2:e vice ordf\u00f6rande Claudia Crowley S\u00f6rensson, Alvesta Ledam\u00f6ter: Thomas Ragnarsson, Adjungerad Marcus Dackling, Lessebo Jakob Willborg, \u00c4lmhult Ida Eriksson, Regionen Andreas Svegard, Markaryd Elin Petersson, MK Jessica Rask, Uppvidinge \u00c5ke Nyberg, Tingsryd Emma Falkbacken, MUF Pernilla Torn\u00e9us, V\u00e4xj\u00f6<\/p>\n","protected":false},"author":9,"featured_media":0,"parent":0,"menu_order":0,"comment_status":"closed","ping_status":"closed","template":"","meta":{"_acf_changed":false,"_relevanssi_hide_post":"","_relevanssi_hide_content":"","_relevanssi_pin_for_all":"","_relevanssi_pin_keywords":"","_relevanssi_unpin_keywords":"","_relevanssi_related_keywords":"","_relevanssi_related_include_ids":"","_relevanssi_related_exclude_ids":"","_relevanssi_related_no_append":"","_relevanssi_related_not_related":"","_relevanssi_related_posts":"526","_relevanssi_noindex_reason":"","footnotes":""},"subject":[],"class_list":["post-632","page","type-page","status-publish","hentry"],"acf":[],"publishpress_future_action":{"enabled":false,"date":"2026-04-19 10:24:56","action":"change-status","newStatus":"draft","terms":[],"taxonomy":"subject"},"_links":{"self":[{"href":"https:\/\/moderaterna.se\/kronoberg\/wp-json\/wp\/v2\/pages\/632","targetHints":{"allow":["GET"]}}],"collection":[{"href":"https:\/\/moderaterna.se\/kronoberg\/wp-json\/wp\/v2\/pages"}],"about":[{"href":"https:\/\/moderaterna.se\/kronoberg\/wp-json\/wp\/v2\/types\/page"}],"author":[{"embeddable":true,"href":"https:\/\/moderaterna.se\/kronoberg\/wp-json\/wp\/v2\/users\/9"}],"replies":[{"embeddable":true,"href":"https:\/\/moderaterna.se\/kronoberg\/wp-json\/wp\/v2\/comments?post=632"}],"version-history":[{"count":21,"href":"https:\/\/moderaterna.se\/kronoberg\/wp-json\/wp\/v2\/pages\/632\/revisions"}],"predecessor-version":[{"id":2578,"href":"https:\/\/moderaterna.se\/kronoberg\/wp-json\/wp\/v2\/pages\/632\/revisions\/2578"}],"wp:attachment":[{"href":"https:\/\/moderaterna.se\/kronoberg\/wp-json\/wp\/v2\/media?parent=632"}],"wp:term":[{"taxonomy":"subject","embeddable":true,"href":"https:\/\/moderaterna.se\/kronoberg\/wp-json\/wp\/v2\/subject?post=632"}],"curies":[{"name":"wp","href":"https:\/\/api.w.org\/{rel}","templated":true}]}}