{"id":1766,"date":"2022-06-15T14:09:49","date_gmt":"2022-06-15T12:09:49","guid":{"rendered":"https:\/\/moderaterna.se\/kronoberg\/?page_id=1766"},"modified":"2025-11-26T09:23:51","modified_gmt":"2025-11-26T08:23:51","slug":"region-kronoberg","status":"publish","type":"page","link":"https:\/\/moderaterna.se\/kronoberg\/region-kronoberg\/","title":{"rendered":"Region Kronoberg"},"content":{"rendered":"\n<h2 class=\"wp-block-heading\" id=\"h-var-politik\"><strong>V\u00c5R POLITIK<\/strong><\/h2>\n\n\n\n<div class=\"wp-block-columns is-layout-flex wp-container-core-columns-is-layout-9d6595d7 wp-block-columns-is-layout-flex\">\n<div class=\"wp-block-column is-layout-flow wp-block-column-is-layout-flow\">\n<h3 class=\"wp-block-heading has-text-align-center\" id=\"h-na-varden-enkelt\" style=\"font-size:18px\"><strong>N\u00e5 v\u00e5rden enkelt<\/strong><\/h3>\n\n\n\n<p>N\u00e4r du \u00e4r i behov av v\u00e5rd ska du f\u00e5 den \u2013 och inte hamna i v\u00e5rdk\u00f6.<\/p>\n\n\n\n<p>Du ska alltid kunna <strong>n\u00e5 v\u00e5rden enkelt<\/strong> vid sjukdom eller skada. Vi prioriterar tillg\u00e4nglighet.<\/p>\n\n\n\n<h3 class=\"wp-block-heading has-text-align-center\" id=\"h-forbattrad-arbetsmiljo\" style=\"font-size:18px\"><strong>F\u00f6rb\u00e4ttrad arbetsmilj\u00f6<\/strong><\/h3>\n\n\n\n<p>Medarbetarna i Region Kronoberg g\u00f6r ett otroligt arbete, <strong>vi f\u00f6rb\u00e4ttrar arbetsmilj\u00f6n<\/strong>.<\/p>\n\n\n\n<p>Region Kronoberg ska vara en arbetsgivare fler v\u00e4ljer.<\/p>\n\n\n\n<h3 class=\"wp-block-heading has-text-align-center\" id=\"h-sanka-regionskatten\" style=\"font-size:18px\"><strong>S\u00e4nka regionskatten<\/strong><\/h3>\n\n\n\n<p>Region Kronoberg ska ha en god ekonomi. Vi arbetar f\u00f6r att kunna <strong>s\u00e4nka regionskatten<\/strong>, du ska sj\u00e4lv best\u00e4mma vad du ska g\u00f6ra med en st\u00f6rre del av din l\u00f6n.<\/p>\n\n\n\n<h3 class=\"wp-block-heading has-text-align-center\" id=\"h-trygg-snabb-och-miljovanlig-kollektivtrafik\" style=\"font-size:18px\"><strong>Trygg, snabb och milj\u00f6v\u00e4nlig<\/strong> <strong>kollektivtrafik<\/strong><\/h3>\n\n\n\n<p>Det \u00e4r viktigt att en st\u00f6rre del av biljetten betalas av den som reser. Idag betalas halva biljetten av dig som skattebetalare.<\/p>\n<\/div>\n\n\n\n<div class=\"wp-block-column is-layout-flow wp-block-column-is-layout-flow\">\n<h3 class=\"wp-block-heading has-text-align-center\" id=\"h-fler-patienter-vardas-pa-ratt-vardniva\" style=\"font-size:18px\"><strong>Fler patienter v\u00e5rdas p\u00e5 r\u00e4tt v\u00e5rdniv\u00e5<\/strong><\/h3>\n\n\n\n<p>Vi vill s\u00e4kerst\u00e4lla att <strong>fler patienter v\u00e5rdas p\u00e5 r\u00e4tt v\u00e5rdniv\u00e5.<\/strong> Det inneb\u00e4r att fler kan v\u00e5rdas i sin hem-milj\u00f6. Sjukhusen ska finnas d\u00e4r n\u00e4r du beh\u00f6ver det. Men din v\u00e5rdcentral \u00e4r oftast din prim\u00e4ra kontakt.<\/p>\n\n\n\n<h3 class=\"wp-block-heading has-text-align-center\" id=\"h-vardgivare-som-passar-dig\" style=\"font-size:18px\"><strong>V\u00e5rdgivare som passar dig<\/strong><\/h3>\n\n\n\n<p>Vi vill ha m\u00e5nga v\u00e5rdakt\u00f6rer hos oss. Du ska enkelt kunna v\u00e4lja den <strong>v\u00e5rdgivare som passar dig<\/strong> och dina behov b\u00e4st.<\/p>\n\n\n\n<h3 class=\"wp-block-heading has-text-align-center\" id=\"h-fler-foretag-ska-etablera-sig\" style=\"font-size:18px\"><strong>Fler f\u00f6retag ska etablera sig<\/strong><\/h3>\n\n\n\n<p>Vi arbetar f\u00f6r att <strong>fler f\u00f6retag ska etablera sig<\/strong>, utvecklas och frodas i v\u00e5rt l\u00e4n. F\u00f6retagande \u00e4r basen i samh\u00e4llet och vi st\u00f6ttar alla som v\u00e5gar satsa!<\/p>\n\n\n\n<p><\/p>\n<\/div>\n<\/div>\n\n\n\n<h2 class=\"wp-block-heading\" id=\"h-vad-tycker-ida-eriksson\"><strong>Vad tycker Ida Eriksson?<\/strong><\/h2>\n\n\n\n<div class=\"wp-block-group is-content-justification-center is-nowrap is-layout-flex wp-container-core-group-is-layout-94bc23d7 wp-block-group-is-layout-flex\">\n<p class=\"wp-container-content-6511ad4a\">Jag brinner f\u00f6r att du ska k\u00e4nna frihet i ditt liv. Kunna g\u00f6ra dina egna val. Best\u00e4mma mer \u00f6ver dig och din familj. Att v\u00e4lf\u00e4rden ska finnas som ett tryggt skyddsn\u00e4t n\u00e4r du beh\u00f6ver det, och d\u00e5 ska du vara i centrum. Det offentliga ska vara effektivt och arbeta med k\u00e4rnfr\u00e5gorna.<\/p>\n\n\n\n<figure class=\"wp-block-image is-style-rounded\"><img loading=\"lazy\" decoding=\"async\" width=\"1024\" height=\"1024\" src=\"https:\/\/moderaterna.se\/app\/uploads\/sites\/11\/2025\/03\/Namnlos-design-26-1024x1024.png\" alt=\"\" class=\"wp-image-2485\" srcset=\"https:\/\/moderaterna.se\/app\/uploads\/sites\/11\/2025\/03\/Namnlos-design-26-1024x1024.png 1024w, https:\/\/moderaterna.se\/app\/uploads\/sites\/11\/2025\/03\/Namnlos-design-26-300x300.png 300w, https:\/\/moderaterna.se\/app\/uploads\/sites\/11\/2025\/03\/Namnlos-design-26-150x150.png 150w, https:\/\/moderaterna.se\/app\/uploads\/sites\/11\/2025\/03\/Namnlos-design-26-768x768.png 768w, https:\/\/moderaterna.se\/app\/uploads\/sites\/11\/2025\/03\/Namnlos-design-26.png 1080w\" sizes=\"auto, (max-width: 1024px) 100vw, 1024px\" \/><\/figure>\n<\/div>\n\n\n\n<div class=\"wp-block-group is-nowrap is-layout-flex wp-container-core-group-is-layout-ad2f72ca wp-block-group-is-layout-flex\">\n<p>Har du fr\u00e5gor? Kontakta mig!<\/p>\n\n\n\n<div class=\"wp-block-group\"><div class=\"wp-block-group__inner-container is-layout-constrained wp-block-group-is-layout-constrained\">\n<div class=\"wp-block-columns is-layout-flex wp-container-core-columns-is-layout-9d6595d7 wp-block-columns-is-layout-flex\">\n<div class=\"wp-block-column is-layout-flow wp-block-column-is-layout-flow\" style=\"flex-basis:100%\">\n<ul class=\"wp-block-social-links alignleft has-icon-color has-icon-background-color is-style-default is-content-justification-center is-layout-flex wp-container-core-social-links-is-layout-16018d1d wp-block-social-links-is-layout-flex\"><li style=\"color:#ffffff;background-color:#3962e3;\" class=\"wp-social-link wp-social-link-instagram  wp-block-social-link\"><a href=\"https:\/\/www.instagram.com\/ida_eriksson_m\/\" class=\"wp-block-social-link-anchor\"><svg width=\"24\" height=\"24\" viewBox=\"0 0 24 24\" version=\"1.1\" xmlns=\"http:\/\/www.w3.org\/2000\/svg\" aria-hidden=\"true\" focusable=\"false\"><path d=\"M12,4.622c2.403,0,2.688,0.009,3.637,0.052c0.877,0.04,1.354,0.187,1.671,0.31c0.42,0.163,0.72,0.358,1.035,0.673 c0.315,0.315,0.51,0.615,0.673,1.035c0.123,0.317,0.27,0.794,0.31,1.671c0.043,0.949,0.052,1.234,0.052,3.637 s-0.009,2.688-0.052,3.637c-0.04,0.877-0.187,1.354-0.31,1.671c-0.163,0.42-0.358,0.72-0.673,1.035 c-0.315,0.315-0.615,0.51-1.035,0.673c-0.317,0.123-0.794,0.27-1.671,0.31c-0.949,0.043-1.233,0.052-3.637,0.052 s-2.688-0.009-3.637-0.052c-0.877-0.04-1.354-0.187-1.671-0.31c-0.42-0.163-0.72-0.358-1.035-0.673 c-0.315-0.315-0.51-0.615-0.673-1.035c-0.123-0.317-0.27-0.794-0.31-1.671C4.631,14.688,4.622,14.403,4.622,12 s0.009-2.688,0.052-3.637c0.04-0.877,0.187-1.354,0.31-1.671c0.163-0.42,0.358-0.72,0.673-1.035 c0.315-0.315,0.615-0.51,1.035-0.673c0.317-0.123,0.794-0.27,1.671-0.31C9.312,4.631,9.597,4.622,12,4.622 M12,3 C9.556,3,9.249,3.01,8.289,3.054C7.331,3.098,6.677,3.25,6.105,3.472C5.513,3.702,5.011,4.01,4.511,4.511 c-0.5,0.5-0.808,1.002-1.038,1.594C3.25,6.677,3.098,7.331,3.054,8.289C3.01,9.249,3,9.556,3,12c0,2.444,0.01,2.751,0.054,3.711 c0.044,0.958,0.196,1.612,0.418,2.185c0.23,0.592,0.538,1.094,1.038,1.594c0.5,0.5,1.002,0.808,1.594,1.038 c0.572,0.222,1.227,0.375,2.185,0.418C9.249,20.99,9.556,21,12,21s2.751-0.01,3.711-0.054c0.958-0.044,1.612-0.196,2.185-0.418 c0.592-0.23,1.094-0.538,1.594-1.038c0.5-0.5,0.808-1.002,1.038-1.594c0.222-0.572,0.375-1.227,0.418-2.185 C20.99,14.751,21,14.444,21,12s-0.01-2.751-0.054-3.711c-0.044-0.958-0.196-1.612-0.418-2.185c-0.23-0.592-0.538-1.094-1.038-1.594 c-0.5-0.5-1.002-0.808-1.594-1.038c-0.572-0.222-1.227-0.375-2.185-0.418C14.751,3.01,14.444,3,12,3L12,3z M12,7.378 c-2.552,0-4.622,2.069-4.622,4.622S9.448,16.622,12,16.622s4.622-2.069,4.622-4.622S14.552,7.378,12,7.378z M12,15 c-1.657,0-3-1.343-3-3s1.343-3,3-3s3,1.343,3,3S13.657,15,12,15z M16.804,6.116c-0.596,0-1.08,0.484-1.08,1.08 s0.484,1.08,1.08,1.08c0.596,0,1.08-0.484,1.08-1.08S17.401,6.116,16.804,6.116z\"><\/path><\/svg><span class=\"wp-block-social-link-label screen-reader-text\">Instagram<\/span><\/a><\/li>\n\n<li style=\"color:#ffffff;background-color:#3962e3;\" class=\"wp-social-link wp-social-link-facebook  wp-block-social-link\"><a href=\"https:\/\/www.facebook.com\/profile.php?id=100064238820835\" class=\"wp-block-social-link-anchor\"><svg width=\"24\" height=\"24\" viewBox=\"0 0 24 24\" version=\"1.1\" xmlns=\"http:\/\/www.w3.org\/2000\/svg\" aria-hidden=\"true\" focusable=\"false\"><path d=\"M12 2C6.5 2 2 6.5 2 12c0 5 3.7 9.1 8.4 9.9v-7H7.9V12h2.5V9.8c0-2.5 1.5-3.9 3.8-3.9 1.1 0 2.2.2 2.2.2v2.5h-1.3c-1.2 0-1.6.8-1.6 1.6V12h2.8l-.4 2.9h-2.3v7C18.3 21.1 22 17 22 12c0-5.5-4.5-10-10-10z\"><\/path><\/svg><span class=\"wp-block-social-link-label screen-reader-text\">Facebook<\/span><\/a><\/li>\n\n<li style=\"color:#ffffff;background-color:#3962e3;\" class=\"wp-social-link wp-social-link-mail  wp-block-social-link\"><a href=\"mailto:&#105;d&#097;&#046;e&#114;&#105;&#107;s&#115;&#111;n&#064;kr&#111;n&#111;b&#101;&#114;g.s&#101;\" class=\"wp-block-social-link-anchor\"><svg width=\"24\" height=\"24\" viewBox=\"0 0 24 24\" version=\"1.1\" xmlns=\"http:\/\/www.w3.org\/2000\/svg\" aria-hidden=\"true\" focusable=\"false\"><path d=\"M19,5H5c-1.1,0-2,.9-2,2v10c0,1.1.9,2,2,2h14c1.1,0,2-.9,2-2V7c0-1.1-.9-2-2-2zm.5,12c0,.3-.2.5-.5.5H5c-.3,0-.5-.2-.5-.5V9.8l7.5,5.6,7.5-5.6V17zm0-9.1L12,13.6,4.5,7.9V7c0-.3.2-.5.5-.5h14c.3,0,.5.2.5.5v.9z\"><\/path><\/svg><span class=\"wp-block-social-link-label screen-reader-text\">Mail<\/span><\/a><\/li><\/ul>\n<\/div>\n<\/div>\n<\/div><\/div>\n<\/div>\n\n\n\n<p><strong>Ida Eriksson,<\/strong> Regionr\u00e5d<\/p>\n\n\n\n<hr class=\"wp-block-separator has-alpha-channel-opacity is-style-default\" \/>\n\n\n\n<p class=\"has-medium-font-size\">Pressbilder Regionpolitiker: <a href=\"https:\/\/moderaterna.se\/kronoberg\/region-kronoberg\/pressbilder-region-kronoberg\/\">L\u00e4nk<\/a><\/p>\n\n\n\n<hr class=\"wp-block-separator has-alpha-channel-opacity is-style-default\" \/>\n\n\n\n<p>L\u00e4s g\u00e4rna v\u00e5ra ing\u00e5ngna avtal samt reform- och budgetf\u00f6rslag nedan.<\/p>\n\n\n\n<div class=\"wp-block-columns is-not-stacked-on-mobile is-layout-flex wp-container-core-columns-is-layout-9d6595d7 wp-block-columns-is-layout-flex\">\n<div class=\"wp-block-column is-layout-flow wp-block-column-is-layout-flow\" style=\"flex-basis:25%\">\n<figure class=\"wp-block-image size-full\"><a href=\"https:\/\/drive.google.com\/file\/d\/1adg0TFSKIA1W23P6H-nAO_wsBSKOnsKq\/view?usp=sharing\" target=\"_blank\" rel=\"noreferrer noopener\"><img loading=\"lazy\" decoding=\"async\" width=\"1241\" height=\"1754\" src=\"https:\/\/moderaterna.se\/app\/uploads\/sites\/11\/2025\/05\/Ansvar-for-kronoberg-omslag_page-0001.jpg\" alt=\"\" class=\"wp-image-2546\" style=\"aspect-ratio:2\/3;object-fit:contain\" srcset=\"https:\/\/moderaterna.se\/app\/uploads\/sites\/11\/2025\/05\/Ansvar-for-kronoberg-omslag_page-0001.jpg 1241w, https:\/\/moderaterna.se\/app\/uploads\/sites\/11\/2025\/05\/Ansvar-for-kronoberg-omslag_page-0001-212x300.jpg 212w, https:\/\/moderaterna.se\/app\/uploads\/sites\/11\/2025\/05\/Ansvar-for-kronoberg-omslag_page-0001-725x1024.jpg 725w, https:\/\/moderaterna.se\/app\/uploads\/sites\/11\/2025\/05\/Ansvar-for-kronoberg-omslag_page-0001-768x1085.jpg 768w, https:\/\/moderaterna.se\/app\/uploads\/sites\/11\/2025\/05\/Ansvar-for-kronoberg-omslag_page-0001-1087x1536.jpg 1087w\" sizes=\"auto, (max-width: 1241px) 100vw, 1241px\" \/><\/a><\/figure>\n<\/div>\n\n\n\n<div class=\"wp-block-column is-layout-flow wp-block-column-is-layout-flow\" style=\"flex-basis:25%\">\n<figure class=\"wp-block-image size-full\"><a href=\"https:\/\/drive.google.com\/file\/d\/1br6JtcUQUGBMy4swM31gx5KSY3IS1dzD\/view?usp=sharing\" target=\"_blank\" rel=\"noreferrer noopener\"><img loading=\"lazy\" decoding=\"async\" width=\"1241\" height=\"1754\" src=\"https:\/\/moderaterna.se\/app\/uploads\/sites\/11\/2025\/05\/Ansvar-for-varden-sjukhusvarden-omslag_pages-to-jpg-0001.jpg\" alt=\"\" class=\"wp-image-2547\" style=\"aspect-ratio:2\/3;object-fit:contain\" srcset=\"https:\/\/moderaterna.se\/app\/uploads\/sites\/11\/2025\/05\/Ansvar-for-varden-sjukhusvarden-omslag_pages-to-jpg-0001.jpg 1241w, https:\/\/moderaterna.se\/app\/uploads\/sites\/11\/2025\/05\/Ansvar-for-varden-sjukhusvarden-omslag_pages-to-jpg-0001-212x300.jpg 212w, https:\/\/moderaterna.se\/app\/uploads\/sites\/11\/2025\/05\/Ansvar-for-varden-sjukhusvarden-omslag_pages-to-jpg-0001-725x1024.jpg 725w, https:\/\/moderaterna.se\/app\/uploads\/sites\/11\/2025\/05\/Ansvar-for-varden-sjukhusvarden-omslag_pages-to-jpg-0001-768x1085.jpg 768w, https:\/\/moderaterna.se\/app\/uploads\/sites\/11\/2025\/05\/Ansvar-for-varden-sjukhusvarden-omslag_pages-to-jpg-0001-1087x1536.jpg 1087w\" sizes=\"auto, (max-width: 1241px) 100vw, 1241px\" \/><\/a><\/figure>\n<\/div>\n\n\n\n<div class=\"wp-block-column is-layout-flow wp-block-column-is-layout-flow\" style=\"flex-basis:25%\">\n<figure class=\"wp-block-image size-full\"><a href=\"https:\/\/drive.google.com\/file\/d\/1ufVrz5ns723qFvT1Jm3RhB7RC1Kuap34\/view?usp=sharing\" target=\"_blank\" rel=\"noreferrer noopener\"><img loading=\"lazy\" decoding=\"async\" width=\"1810\" height=\"2560\" src=\"https:\/\/moderaterna.se\/app\/uploads\/sites\/11\/2025\/05\/framsida-budget_250520-2-scaled.jpg\" alt=\"\" class=\"wp-image-2567\" style=\"aspect-ratio:2\/3;object-fit:contain\" srcset=\"https:\/\/moderaterna.se\/app\/uploads\/sites\/11\/2025\/05\/framsida-budget_250520-2-scaled.jpg 1810w, https:\/\/moderaterna.se\/app\/uploads\/sites\/11\/2025\/05\/framsida-budget_250520-2-212x300.jpg 212w, https:\/\/moderaterna.se\/app\/uploads\/sites\/11\/2025\/05\/framsida-budget_250520-2-724x1024.jpg 724w, https:\/\/moderaterna.se\/app\/uploads\/sites\/11\/2025\/05\/framsida-budget_250520-2-768x1086.jpg 768w, https:\/\/moderaterna.se\/app\/uploads\/sites\/11\/2025\/05\/framsida-budget_250520-2-1086x1536.jpg 1086w, https:\/\/moderaterna.se\/app\/uploads\/sites\/11\/2025\/05\/framsida-budget_250520-2-1448x2048.jpg 1448w\" sizes=\"auto, (max-width: 1810px) 100vw, 1810px\" \/><\/a><\/figure>\n<\/div>\n\n\n\n<div class=\"wp-block-column is-layout-flow wp-block-column-is-layout-flow\" style=\"flex-basis:25%\">\n<figure class=\"wp-block-image size-full is-style-default\"><a href=\"https:\/\/drive.google.com\/file\/d\/1bBCenetWBUaBxLpqkxlKEjFkPBPEcY9M\/view?usp=sharing\" target=\"_blank\" rel=\"noreferrer noopener\"><img loading=\"lazy\" decoding=\"async\" width=\"1241\" height=\"1754\" src=\"https:\/\/moderaterna.se\/app\/uploads\/sites\/11\/2025\/05\/Budget-2025-2027-omslag_pages-to-jpg-0001.jpg\" alt=\"\" class=\"wp-image-2548\" style=\"aspect-ratio:2\/3;object-fit:contain\" srcset=\"https:\/\/moderaterna.se\/app\/uploads\/sites\/11\/2025\/05\/Budget-2025-2027-omslag_pages-to-jpg-0001.jpg 1241w, https:\/\/moderaterna.se\/app\/uploads\/sites\/11\/2025\/05\/Budget-2025-2027-omslag_pages-to-jpg-0001-212x300.jpg 212w, https:\/\/moderaterna.se\/app\/uploads\/sites\/11\/2025\/05\/Budget-2025-2027-omslag_pages-to-jpg-0001-725x1024.jpg 725w, https:\/\/moderaterna.se\/app\/uploads\/sites\/11\/2025\/05\/Budget-2025-2027-omslag_pages-to-jpg-0001-768x1085.jpg 768w, https:\/\/moderaterna.se\/app\/uploads\/sites\/11\/2025\/05\/Budget-2025-2027-omslag_pages-to-jpg-0001-1087x1536.jpg 1087w\" sizes=\"auto, (max-width: 1241px) 100vw, 1241px\" \/><\/a><\/figure>\n<\/div>\n<\/div>\n","protected":false},"excerpt":{"rendered":"<p>V\u00c5R POLITIK N\u00e5 v\u00e5rden enkelt N\u00e4r du \u00e4r i behov av v\u00e5rd ska du f\u00e5 den \u2013 och inte hamna i v\u00e5rdk\u00f6. Du ska alltid kunna n\u00e5 v\u00e5rden enkelt vid sjukdom eller skada. Vi prioriterar tillg\u00e4nglighet. F\u00f6rb\u00e4ttrad arbetsmilj\u00f6 Medarbetarna i Region Kronoberg g\u00f6r ett otroligt arbete, vi f\u00f6rb\u00e4ttrar arbetsmilj\u00f6n. Region Kronoberg ska vara en arbetsgivare [&hellip;]<\/p>\n","protected":false},"author":15,"featured_media":0,"parent":0,"menu_order":0,"comment_status":"closed","ping_status":"closed","template":"","meta":{"_acf_changed":false,"_relevanssi_hide_post":"","_relevanssi_hide_content":"","_relevanssi_pin_for_all":"","_relevanssi_pin_keywords":"","_relevanssi_unpin_keywords":"","_relevanssi_related_keywords":"","_relevanssi_related_include_ids":"","_relevanssi_related_exclude_ids":"","_relevanssi_related_no_append":"","_relevanssi_related_not_related":"","_relevanssi_related_posts":"1530,1443,2370,812,1413,1544","_relevanssi_noindex_reason":"","footnotes":""},"subject":[],"class_list":["post-1766","page","type-page","status-publish","hentry"],"acf":[],"publishpress_future_action":{"enabled":false,"date":"2026-04-19 10:26:17","action":"change-status","newStatus":"draft","terms":[],"taxonomy":"subject"},"_links":{"self":[{"href":"https:\/\/moderaterna.se\/kronoberg\/wp-json\/wp\/v2\/pages\/1766","targetHints":{"allow":["GET"]}}],"collection":[{"href":"https:\/\/moderaterna.se\/kronoberg\/wp-json\/wp\/v2\/pages"}],"about":[{"href":"https:\/\/moderaterna.se\/kronoberg\/wp-json\/wp\/v2\/types\/page"}],"author":[{"embeddable":true,"href":"https:\/\/moderaterna.se\/kronoberg\/wp-json\/wp\/v2\/users\/15"}],"replies":[{"embeddable":true,"href":"https:\/\/moderaterna.se\/kronoberg\/wp-json\/wp\/v2\/comments?post=1766"}],"version-history":[{"count":70,"href":"https:\/\/moderaterna.se\/kronoberg\/wp-json\/wp\/v2\/pages\/1766\/revisions"}],"predecessor-version":[{"id":2686,"href":"https:\/\/moderaterna.se\/kronoberg\/wp-json\/wp\/v2\/pages\/1766\/revisions\/2686"}],"wp:attachment":[{"href":"https:\/\/moderaterna.se\/kronoberg\/wp-json\/wp\/v2\/media?parent=1766"}],"wp:term":[{"taxonomy":"subject","embeddable":true,"href":"https:\/\/moderaterna.se\/kronoberg\/wp-json\/wp\/v2\/subject?post=1766"}],"curies":[{"name":"wp","href":"https:\/\/api.w.org\/{rel}","templated":true}]}}