{"id":82,"date":"2021-10-13T14:29:52","date_gmt":"2021-10-13T12:29:52","guid":{"rendered":"https:\/\/moderaterna.se\/?page_id=82"},"modified":"2024-06-05T11:51:39","modified_gmt":"2024-06-05T09:51:39","slug":"moderaterna-nu-far-vi-ordning-pa-sverige","status":"publish","type":"page","link":"https:\/\/moderaterna.se\/kalmar\/","title":{"rendered":"Moderaterna i Kalmar l\u00e4n"},"content":{"rendered":"<div id=\"current-block_acf_block_6660352ad218f\" class=\"current custom-block custom-block__full\">\n    <div class=\"current__content\">\n        <div class=\"current__content--heading\">\n                            <h2 class=\"current__content--heading__header\">Nyheter<\/h2>\n                <a href=\"https:\/\/moderaterna.se\/kalmar\/nyheter\/\" class=\"current__content--heading__button link-button theme__color--dark-blue\">\n                    <svg xmlns=\"http:\/\/www.w3.org\/2000\/svg\" data-name=\"Icon ionic-ios-arrow-round-forward\" width=\"17.168\" height=\"11.45\" viewBox=\"0 0 17.168 11.45\" aria-hidden=\"true\"><path data-name=\"Icon ionic-ios-arrow-round-forward\" d=\"M10.948.219a.779.779 0 0 0-.006 1.1l3.626 3.629H.769a.775.775 0 0 0 0 1.55h13.793l-3.626 3.632a.785.785 0 0 0 .006 1.1.772.772 0 0 0 1.091-.006l4.914-4.949a.871.871 0 0 0 .161-.244.74.74 0 0 0 .06-.3.777.777 0 0 0-.221-.543L12.033.239a.76.76 0 0 0-1.085-.02z\" fill=\"#213a8f\"\/><\/svg>                    Alla nyheter                <\/a>\n                    <\/div>\n        <div class=\"current__content--recent\">\n                            <div class=\"current__content--recent__single\">\n                    \n<div class=\"article-puff\">\n            <a href=\"https:\/\/moderaterna.se\/kalmar\/nyhet\/kommunvalsedel-for-kalmar\/\">\n            <div class=\"article-puff__background theme__background--dark-blue\">\n                <img loading=\"lazy\" decoding=\"async\" width=\"512\" height=\"400\" src=\"https:\/\/moderaterna.se\/app\/uploads\/sites\/29\/2026\/02\/valsedel-kalmar.png\" class=\"article-puff__image\" alt=\"\" srcset=\"https:\/\/moderaterna.se\/app\/uploads\/sites\/29\/2026\/02\/valsedel-kalmar.png 1280w, https:\/\/moderaterna.se\/app\/uploads\/sites\/29\/2026\/02\/valsedel-kalmar-300x234.png 300w, https:\/\/moderaterna.se\/app\/uploads\/sites\/29\/2026\/02\/valsedel-kalmar-1024x800.png 1024w, https:\/\/moderaterna.se\/app\/uploads\/sites\/29\/2026\/02\/valsedel-kalmar-768x600.png 768w\" sizes=\"auto, (max-width: 512px) 100vw, 512px\" \/>            <\/div>\n        <\/a>\n                    <div class=\"article-puff__info article-info\">\n                <p>16 februari, 2026<\/p>\n                                <button class=\"subjects-expand\" title=\"Visa alla hj\u00e4rtefr\u00e5gor\">\n                    <span class=\"show-for-sr\">Visa alla hj\u00e4rtefr\u00e5gor<\/span>\n                    <span class=\"dot\"><\/span>\n                    <span class=\"dot\"><\/span>\n                    <span class=\"dot\"><\/span>\n                <\/button>\n            <\/div>\n                <h3 class=\"h4--dark-grey article-puff__heading\">\n        <a href=\"https:\/\/moderaterna.se\/kalmar\/nyhet\/kommunvalsedel-for-kalmar\/\" class=\"a--dark-grey\">Kommunvalsedel f\u00f6r Kalmar<\/a>\n    <\/h3>\n<\/div>                <\/div>\n                            <div class=\"current__content--recent__single\">\n                    \n<div class=\"article-puff\">\n            <a href=\"https:\/\/moderaterna.se\/kalmar\/nyhet\/kommunvalsedel-for-vimmerby\/\">\n            <div class=\"article-puff__background theme__background--dark-blue\">\n                <img loading=\"lazy\" decoding=\"async\" width=\"512\" height=\"400\" src=\"https:\/\/moderaterna.se\/app\/uploads\/sites\/29\/2026\/02\/valsedel-Vimmerby.png\" class=\"article-puff__image\" alt=\"\" srcset=\"https:\/\/moderaterna.se\/app\/uploads\/sites\/29\/2026\/02\/valsedel-Vimmerby.png 1280w, https:\/\/moderaterna.se\/app\/uploads\/sites\/29\/2026\/02\/valsedel-Vimmerby-300x234.png 300w, https:\/\/moderaterna.se\/app\/uploads\/sites\/29\/2026\/02\/valsedel-Vimmerby-1024x800.png 1024w, https:\/\/moderaterna.se\/app\/uploads\/sites\/29\/2026\/02\/valsedel-Vimmerby-768x600.png 768w\" sizes=\"auto, (max-width: 512px) 100vw, 512px\" \/>            <\/div>\n        <\/a>\n                    <div class=\"article-puff__info article-info\">\n                <p>16 februari, 2026<\/p>\n                                <button class=\"subjects-expand\" title=\"Visa alla hj\u00e4rtefr\u00e5gor\">\n                    <span class=\"show-for-sr\">Visa alla hj\u00e4rtefr\u00e5gor<\/span>\n                    <span class=\"dot\"><\/span>\n                    <span class=\"dot\"><\/span>\n                    <span class=\"dot\"><\/span>\n                <\/button>\n            <\/div>\n                <h3 class=\"h4--dark-grey article-puff__heading\">\n        <a href=\"https:\/\/moderaterna.se\/kalmar\/nyhet\/kommunvalsedel-for-vimmerby\/\" class=\"a--dark-grey\">Kommunvalsedel f\u00f6r Vimmerby<\/a>\n    <\/h3>\n<\/div>                <\/div>\n                    <\/div>\n    <\/div>\n<\/div>\n\n\n\n<div class=\"wp-block-columns has-pink-background-color has-background is-layout-flex wp-container-core-columns-is-layout-9d6595d7 wp-block-columns-is-layout-flex\">\n<div class=\"wp-block-column is-layout-flow wp-block-column-is-layout-flow\">\n<h2 class=\"wp-block-heading\" id=\"h-viktiga-politiska-fragor-for-kalmar-lan\">Viktiga politiska fr\u00e5gor f\u00f6r Kalmar l\u00e4n<\/h2>\n<\/div>\n<\/div>\n\n\n\n<div class=\"wp-block-columns are-vertically-aligned-top has-pink-background-color has-text-color has-background is-layout-flex wp-container-core-columns-is-layout-9d6595d7 wp-block-columns-is-layout-flex\" style=\"color:#000000\">\n<div class=\"wp-block-column is-vertically-aligned-top has-text-color is-layout-flow wp-block-column-is-layout-flow\" style=\"color:#000000\">\n<div class=\"wp-block-group\"><div class=\"wp-block-group__inner-container is-layout-flow wp-block-group-is-layout-flow\"><\/div><\/div>\n<\/div>\n\n\n\n<div class=\"wp-block-column is-vertically-aligned-top has-text-color is-layout-flow wp-block-column-is-layout-flow\" style=\"color:#000000\"><\/div>\n\n\n\n<div class=\"wp-block-column is-vertically-aligned-top has-text-color is-layout-flow wp-block-column-is-layout-flow\" style=\"color:#000000\"><\/div>\n<\/div>\n","protected":false},"excerpt":{"rendered":"<p>Viktiga politiska fr\u00e5gor f\u00f6r Kalmar l\u00e4n<\/p>\n","protected":false},"author":9,"featured_media":0,"parent":1254,"menu_order":0,"comment_status":"closed","ping_status":"closed","template":"page-templates\/landing-page.php","meta":{"_acf_changed":false,"_relevanssi_hide_post":"","_relevanssi_hide_content":"","_relevanssi_pin_for_all":"","_relevanssi_pin_keywords":"","_relevanssi_unpin_keywords":"","_relevanssi_related_keywords":"","_relevanssi_related_include_ids":"","_relevanssi_related_exclude_ids":"","_relevanssi_related_no_append":"","_relevanssi_related_not_related":"","_relevanssi_related_posts":"526","_relevanssi_noindex_reason":"","footnotes":""},"subject":[],"class_list":["post-82","page","type-page","status-publish","hentry"],"acf":[],"publishpress_future_action":{"enabled":false,"date":"2026-04-30 03:51:26","action":"change-status","newStatus":"draft","terms":[],"taxonomy":"subject"},"_links":{"self":[{"href":"https:\/\/moderaterna.se\/kalmar\/wp-json\/wp\/v2\/pages\/82","targetHints":{"allow":["GET"]}}],"collection":[{"href":"https:\/\/moderaterna.se\/kalmar\/wp-json\/wp\/v2\/pages"}],"about":[{"href":"https:\/\/moderaterna.se\/kalmar\/wp-json\/wp\/v2\/types\/page"}],"author":[{"embeddable":true,"href":"https:\/\/moderaterna.se\/kalmar\/wp-json\/wp\/v2\/users\/9"}],"replies":[{"embeddable":true,"href":"https:\/\/moderaterna.se\/kalmar\/wp-json\/wp\/v2\/comments?post=82"}],"version-history":[{"count":267,"href":"https:\/\/moderaterna.se\/kalmar\/wp-json\/wp\/v2\/pages\/82\/revisions"}],"predecessor-version":[{"id":3656,"href":"https:\/\/moderaterna.se\/kalmar\/wp-json\/wp\/v2\/pages\/82\/revisions\/3656"}],"up":[{"embeddable":true,"href":"https:\/\/moderaterna.se\/kalmar\/wp-json\/wp\/v2\/pages\/1254"}],"wp:attachment":[{"href":"https:\/\/moderaterna.se\/kalmar\/wp-json\/wp\/v2\/media?parent=82"}],"wp:term":[{"taxonomy":"subject","embeddable":true,"href":"https:\/\/moderaterna.se\/kalmar\/wp-json\/wp\/v2\/subject?post=82"}],"curies":[{"name":"wp","href":"https:\/\/api.w.org\/{rel}","templated":true}]}}