{"id":647,"date":"2021-12-08T10:12:33","date_gmt":"2021-12-08T09:12:33","guid":{"rendered":"https:\/\/moderaterna.se\/kalmar\/?page_id=647"},"modified":"2024-06-05T10:23:38","modified_gmt":"2024-06-05T08:23:38","slug":"om-oss","status":"publish","type":"page","link":"https:\/\/moderaterna.se\/kalmar\/om-oss\/","title":{"rendered":"Om oss"},"content":{"rendered":"\n<p>Vi arbetar f\u00f6r ett b\u00e4ttre Kalmar l\u00e4n. Varmt v\u00e4lkommen att ta kontakt via <a href=\"mailto:kalmar@moderaterna.se\">kalmar@moderaterna.se<\/a>.<\/p>\n\n\n\n<p>Moderaterna i Kalmar l\u00e4n omfattar tolv kommuner med f\u00f6reningar i samtliga kommuner. I Kalmar och V\u00e4stervik \u00e4r f\u00f6reningarna organiserade i kretsar utifr\u00e5n kommunens geografi med tre f\u00f6reningar i varje kommun. <\/p>\n\n\n\n<p>Inom Moderaterna i Kalmar l\u00e4n finns&nbsp;\u00e4ven Moderata Ungdomsf\u00f6rbundet, inklusive Moderata Studenter samt n\u00e4tverken Moderatkvinnorna, Moderata Seniorer, F\u00f6retagarr\u00e5det och \u00d6ppna Moderater.<\/p>\n\n\n\n<h2 class=\"wp-block-heading\" id=\"h-riksdagen\"><strong>Riksdagen<\/strong><\/h2>\n\n\n\n<p>Moderaterna i Kalmar l\u00e4n har tv\u00e5 ledam\u00f6ter representerade i Sveriges Riksdag:<\/p>\n\n\n\n<p><strong>Marie Nicholson<\/strong>, Kalmar, <a href=\"mailto:jan.r.andersson@riksdagen.se\" target=\"_blank\" rel=\"noreferrer noopener\">marie.nicholson@riksdagen.se<\/a><\/p>\n\n\n\n<p><strong>Lars Engsund<\/strong>, Oskarshamn, <a href=\"mailto:jan.r.andersson@riksdagen.se\" target=\"_blank\" rel=\"noreferrer noopener\">lars.engsund@riksdagen.se<\/a><\/p>\n\n\n\n<h3 class=\"wp-block-heading\" id=\"h-regionen\"><strong>Regionen<\/strong><\/h3>\n\n\n\n<p>Moderaterna i Kalmar l\u00e4n har 19 ledam\u00f6ter representerade i Region Kalmar l\u00e4n.<\/p>\n\n\n\n<p>Vi har tre regionr\u00e5d i l\u00e4net:<\/p>\n\n\n\n<p><strong>Malin Sj\u00f6lander<\/strong>, V\u00e4stervik, <a href=\"mailto:malin.sjolander@regionkalmar.se\" target=\"_blank\" rel=\"noreferrer noopener\">malin.sjolander@regionkalmar.se<\/a><\/p>\n\n\n\n<p><strong>P\u00e4r-Gustav Johansson<\/strong>, Kalmar, <a href=\"mailto:par-gustav.johansson@regionkalmar.se\" target=\"_blank\" rel=\"noreferrer noopener\">par-gustav.johansson@regionkalmar.se<\/a><\/p>\n\n\n\n<p><strong>Carl Dahlin<\/strong>, M\u00f6rbyl\u00e5nga, <a href=\"mailto:carl.dahlin@regionkalmar.se\" target=\"_blank\" rel=\"noreferrer noopener\">carl.dahlin@regionkalmar.se<\/a><\/p>\n\n\n\n<h3 class=\"wp-block-heading\" id=\"h-kalmar-lans-kommunfullmaktigeforsamlingar\"><strong>Kalmar l\u00e4ns kommunfullm\u00e4ktigef\u00f6rsamlingar<\/strong><\/h3>\n\n\n\n<p>I l\u00e4nets kommunfullm\u00e4ktigef\u00f6rsamlingar&nbsp;har Moderaterna 91 mandat.<\/p>\n\n\n\n<p><a href=\"https:\/\/moderaterna.se\/kalmar\/vara-politiker\/\">H\u00e4r hittar du v\u00e5ra gruppledare i kommunerna och kommunalr\u00e5d.<\/a><\/p>\n\n\n\n<h3 class=\"wp-block-heading\" id=\"h-moderata-ungdomsforbundet-muf\"><strong>Moderata ungdomsf\u00f6rbundet (MUF)<\/strong><\/h3>\n\n\n\n<p>Moderaterna i Kalmar l\u00e4n har ett ungdomsf\u00f6rbund d\u00e4r \u00e4ven Moderata Studenter ing\u00e5r. <\/p>\n\n\n\n<p><strong>Olle Olson<\/strong>, distriktsordf\u00f6rande MUF Kalmar l\u00e4n, <a href=\"mailto:olle.olson@moderaterna.se\">olle.olson@moderaterna.se<\/a><\/p>\n\n\n\n<h3 class=\"wp-block-heading\" id=\"h-moderatkvinnorna-i-kalmar-lan-mk\"><strong>Moderatkvinnorna i Kalmar l\u00e4n (MK)<\/strong><\/h3>\n\n\n\n<p>Moderaterna i Kalmar l\u00e4n har ett kvinnof\u00f6rbund d\u00e4r alla som \u00e4r medlemmar i l\u00e4net \u00e4r v\u00e4lkomna. <\/p>\n\n\n\n<p><strong>Ellinor Troli<\/strong>, ordf\u00f6rande Moderatkvinnorna i Kalmar l\u00e4n, <a href=\"mailto:elvira.bergh@moderaterna.se\">marianne.hennel@gmail.com<\/a><\/p>\n\n\n\n<p><\/p>\n\n\n<div id=\"listing-block_acf_block_66602089cded2\" class=\"listing custom-block custom-block__full theme__background--pink\">\n    <div class=\"listing__content\">\n                    <h2 class=\"listing__content--title theme__color--purple\">Moderata partif\u00f6reningar i Kalmar l\u00e4n<\/h2>\n                            <div class=\"listing__content--description theme__color--purple\"><p>H\u00e4r listas de kommunala partif\u00f6reningarna i Kalmar l\u00e4n. Varje kommun har en f\u00f6rening, ut\u00f6ver Kalmar och V\u00e4stervik som har tre f\u00f6reningar i respektive kommun som uppg\u00e5r i Kalmarkretsen och V\u00e4stervikskretsen.<\/p>\n<\/div>\n                <div class=\"listing__content--list\">\n                                <ul class=\"listing__content--list__standard\">\n                                                    <li>\n                                <a class=\"p--purple\" href=\"https:\/\/moderaterna.se\/kalmar\/foreningar\/borgholm\/\">Borgholm<\/a>\n                            <\/li>\n                                                    <li>\n                                <a class=\"p--purple\" href=\"https:\/\/moderaterna.se\/kalmar\/foreningar\/emmaboda\/\">Emmaboda<\/a>\n                            <\/li>\n                                                    <li>\n                                <a class=\"p--purple\" href=\"https:\/\/moderaterna.se\/kalmar\/foreningar\/hultsfred\/\">Hultsfred<\/a>\n                            <\/li>\n                                                    <li>\n                                <a class=\"p--purple\" href=\"https:\/\/moderaterna.se\/kalmar\/foreningar\/hogsby\/\">H\u00f6gsby<\/a>\n                            <\/li>\n                                                    <li>\n                                <a class=\"p--purple\" href=\"https:\/\/moderaterna.se\/kalmar\/foreningar\/kalmar\/\">Kalmar<\/a>\n                            <\/li>\n                                                    <li>\n                                <a class=\"p--purple\" href=\"https:\/\/moderaterna.se\/kalmar\/foreningar\/loftahammar\/\">Loftahammar<\/a>\n                            <\/li>\n                                                    <li>\n                                <a class=\"p--purple\" href=\"https:\/\/moderaterna.se\/kalmar\/foreningar\/monsteras\/\">M\u00f6nster\u00e5s<\/a>\n                            <\/li>\n                                                    <li>\n                                <a class=\"p--purple\" href=\"https:\/\/moderaterna.se\/kalmar\/foreningar\/morbylanga\/\">M\u00f6rbyl\u00e5nga<\/a>\n                            <\/li>\n                                                    <li>\n                                <a class=\"p--purple\" href=\"https:\/\/moderaterna.se\/kalmar\/foreningar\/norra-tjust\/\">Norra Tjust<\/a>\n                            <\/li>\n                                                    <li>\n                                <a class=\"p--purple\" href=\"https:\/\/moderaterna.se\/kalmar\/foreningar\/nybro\/\">Nybro<\/a>\n                            <\/li>\n                                                    <li>\n                                <a class=\"p--purple\" href=\"https:\/\/moderaterna.se\/kalmar\/foreningar\/oskarshamn\/\">Oskarshamn<\/a>\n                            <\/li>\n                                                    <li>\n                                <a class=\"p--purple\" href=\"https:\/\/moderaterna.se\/kalmar\/foreningar\/torsas\/\">Tors\u00e5s<\/a>\n                            <\/li>\n                                                    <li>\n                                <a class=\"p--purple\" href=\"https:\/\/moderaterna.se\/kalmar\/foreningar\/vimmerby\/\">Vimmerby<\/a>\n                            <\/li>\n                                                    <li>\n                                <a class=\"p--purple\" href=\"https:\/\/moderaterna.se\/kalmar\/foreningar\/vastervik\/\">V\u00e4stervik<\/a>\n                            <\/li>\n                                                    <li>\n                                <a class=\"p--purple\" href=\"https:\/\/moderaterna.se\/kalmar\/foreningar\/vastervikskretsen\/\">V\u00e4stervikskretsen<\/a>\n                            <\/li>\n                                            <\/ul>\n                        <\/div>\n    <\/div>\n<\/div>\n","protected":false},"excerpt":{"rendered":"<p>Vi arbetar f\u00f6r ett b\u00e4ttre Kalmar l\u00e4n. Varmt v\u00e4lkommen att ta kontakt via kalmar@moderaterna.se. Moderaterna i Kalmar l\u00e4n omfattar tolv kommuner med f\u00f6reningar i samtliga kommuner. I Kalmar och V\u00e4stervik \u00e4r f\u00f6reningarna organiserade i kretsar utifr\u00e5n kommunens geografi med tre f\u00f6reningar i varje kommun. Inom Moderaterna i Kalmar l\u00e4n finns&nbsp;\u00e4ven Moderata Ungdomsf\u00f6rbundet, inklusive Moderata Studenter [&hellip;]<\/p>\n","protected":false},"author":9,"featured_media":0,"parent":0,"menu_order":0,"comment_status":"closed","ping_status":"closed","template":"","meta":{"_acf_changed":false,"_relevanssi_hide_post":"","_relevanssi_hide_content":"","_relevanssi_pin_for_all":"","_relevanssi_pin_keywords":"","_relevanssi_unpin_keywords":"","_relevanssi_related_keywords":"","_relevanssi_related_include_ids":"","_relevanssi_related_exclude_ids":"","_relevanssi_related_no_append":"","_relevanssi_related_not_related":"","_relevanssi_related_posts":"640,526,642","_relevanssi_noindex_reason":"","footnotes":""},"subject":[],"class_list":["post-647","page","type-page","status-publish","hentry"],"acf":[],"publishpress_future_action":{"enabled":false,"date":"2026-04-21 14:45:18","action":"change-status","newStatus":"draft","terms":[],"taxonomy":"subject"},"_links":{"self":[{"href":"https:\/\/moderaterna.se\/kalmar\/wp-json\/wp\/v2\/pages\/647","targetHints":{"allow":["GET"]}}],"collection":[{"href":"https:\/\/moderaterna.se\/kalmar\/wp-json\/wp\/v2\/pages"}],"about":[{"href":"https:\/\/moderaterna.se\/kalmar\/wp-json\/wp\/v2\/types\/page"}],"author":[{"embeddable":true,"href":"https:\/\/moderaterna.se\/kalmar\/wp-json\/wp\/v2\/users\/9"}],"replies":[{"embeddable":true,"href":"https:\/\/moderaterna.se\/kalmar\/wp-json\/wp\/v2\/comments?post=647"}],"version-history":[{"count":72,"href":"https:\/\/moderaterna.se\/kalmar\/wp-json\/wp\/v2\/pages\/647\/revisions"}],"predecessor-version":[{"id":3629,"href":"https:\/\/moderaterna.se\/kalmar\/wp-json\/wp\/v2\/pages\/647\/revisions\/3629"}],"wp:attachment":[{"href":"https:\/\/moderaterna.se\/kalmar\/wp-json\/wp\/v2\/media?parent=647"}],"wp:term":[{"taxonomy":"subject","embeddable":true,"href":"https:\/\/moderaterna.se\/kalmar\/wp-json\/wp\/v2\/subject?post=647"}],"curies":[{"name":"wp","href":"https:\/\/api.w.org\/{rel}","templated":true}]}}