{"id":39,"date":"2021-10-13T13:03:39","date_gmt":"2021-10-13T11:03:39","guid":{"rendered":"https:\/\/moderaterna.se\/?page_id=39"},"modified":"2024-06-05T11:44:12","modified_gmt":"2024-06-05T09:44:12","slug":"var-politik","status":"publish","type":"page","link":"https:\/\/moderaterna.se\/kalmar\/var-politik\/","title":{"rendered":"V\u00e5r politik"},"content":{"rendered":"\n<p>Valfrihet n\u00e4r det exempelvis g\u00e4ller offentligt finansierade v\u00e4lf\u00e4rdstj\u00e4nster, ger m\u00e4nniskor m\u00f6jlighet till \u00f6kat inflytande \u00f6ver sin egen situation. Vi tycker att alla beslut ska fattas s\u00e5 n\u00e4ra de m\u00e4nniskor som p\u00e5verkas som m\u00f6jligt och st\u00e5r bakom det kommunala sj\u00e4lvstyret. Den som jobbar och anstr\u00e4nger sig ska kunna f\u00f6rv\u00e4nta sig att staten garanterar medborgarnas trygghet och att v\u00e4lf\u00e4rden fungerar.<\/p>\n\n\n\n<p><strong>Moderaterna i Kalmar l\u00e4n vill att l\u00e4nets medborgare ska vara fria och trygga<\/strong>. Folk ska f\u00e5 best\u00e4mma mer \u00f6ver sina egna liv genom mer pengar i pl\u00e5nboken. Samtidigt vill vi f\u00e5r ordning p\u00e5 brottsligheten, elpriserna, drivmedelspriserna, sjukv\u00e5rdsk\u00f6erna och s\u00e4nka skatten f\u00f6r pension\u00e4rerna. Det ska l\u00f6na sig att arbeta och ha arbetat i Sverige. <\/p>\n\n\n\n<p>Kalmar l\u00e4n inneh\u00e5ller b\u00e5de land och stad, hav och skog och \u00e4r en attraktiv plats att leva, arbeta och bo. Livet i l\u00e4net erbjuder den livskvalitet som m\u00e4nniskor efterfr\u00e5gar med en god balans mellan jobb, fritidssyssels\u00e4ttningar och rekreationsm\u00f6jligheter. H\u00e4r finns n\u00e5got f\u00f6r alla. I Kalmar l\u00e4n v\u00e4rnas \u00e4gander\u00e4tten. Livet p\u00e5 landsbygden erbjuder h\u00e4rliga naturupplevelser och underl\u00e4ttas av en v\u00e4lfungerande infrastruktur och samh\u00e4llsservice \u00e4ven utanf\u00f6r st\u00e4derna. Livet i staden erbjuder ett rikt stadsliv med puls och trygga gator och torg.<\/p>\n\n\n\n<p><strong>Det ska vara \u00e4r l\u00e4tt att starta och driva f\u00f6retag i Kalmar l\u00e4n<\/strong>, vi moderater vet att det \u00e4r i f\u00f6retagen jobben skapas och l\u00e4net pr\u00e4glas av den innovation och fram\u00e5tanda som skapas i f\u00f6retagen. Moderat politik fr\u00e4mjar utvecklingen f\u00f6r en \u00f6kad attraktivitet och dragkraft samt skapar goda f\u00f6ruts\u00e4ttningar f\u00f6r \u00f6kad tillv\u00e4xt.<\/p>\n\n\n\n<p>Med tre sjukhus och flertalet v\u00e5rdcentraler \u00e4r v\u00e5rden tillg\u00e4nglig, h\u00e5ller h\u00f6g kvalit\u00e9 och erbjuder valfrihet s\u00e5 att varje patient kan v\u00e4lja det alternativ den k\u00e4nner sig mest trygg med. Vi beh\u00f6ver d\u00e4remot ge medarbetarna i Region Kalmar l\u00e4ns verksamheter st\u00f6rre inflytande \u00f6ver sin arbetssituation f\u00f6r att de ska kunna trivas p\u00e5 jobbet. Det skapar dessutom ringar p\u00e5 vattnet s\u00e5 att fler s\u00f6ker sig hit.<\/p>\n\n\n\n<p><strong>Levnadsvillkoren i l\u00e4net \u00e4r goda, men vi beh\u00f6ver g\u00f6ra mer<\/strong> f\u00f6r att f\u00e5 en v\u00e4lfungerande infrastruktur som underh\u00e5lls och utvecklas. Utbildningsniv\u00e5n i l\u00e4net \u00f6kar och matchar arbetsmarknadens behov tack vare att utbildningsinstanser i l\u00e4net h\u00e5ller en h\u00f6g kvalit\u00e9. En l\u00e5g arbetsl\u00f6shet d\u00e4r barn ser sina f\u00f6r\u00e4ldrar g\u00e5 till ett arbete eller studier p\u00e5 morgonen \u00e4r nyckeln till ett fungerande samh\u00e4lle. Tillsammans bidrar alla till den gemensamma v\u00e4lf\u00e4rden vilket g\u00f6r att utanf\u00f6rskapet minskar.<\/p>\n\n\n\n<p>Vi moderater tror p\u00e5 individens frihet och att varje individ ska ha m\u00f6jlighet att leva upp till sin<br>fulla potential. H\u00e5rt arbete och anstr\u00e4ngning ska alltid l\u00f6na sig samtidigt som lag och ordning uppr\u00e4tth\u00e5lls.<br>Genom moderat politik verkar vi f\u00f6r ett Kalmar l\u00e4n d\u00e4r fler g\u00e5r till arbetet eller studier p\u00e5<br>morgonen, en sjukv\u00e5rd i v\u00e4rldsklass och en trygg tillvaro. F\u00f6r bara n\u00e4r du k\u00e4nner dig trygg \u00e4r<br>du fri p\u00e5 riktigt.<\/p>\n\n\n\n<p><\/p>\n\n\n\n<p><\/p>\n\n\n\n<h2 class=\"wp-block-heading\"><strong>Vi har beskrivit v\u00e5r politik i f\u00f6ljande dokument:<\/strong><\/h2>\n\n\n\n<p><strong>Handlingsprogram 2022<\/strong>, som t\u00e4cker de flesta politikomr\u00e5den som ber\u00f6r oss i Kalmar l\u00e4n.<\/p>\n\n\n\n<p>Samtliga dokument finns som pdf-filer nedan:<\/p>\n\n\n<!DOCTYPE html PUBLIC \"-\/\/W3C\/\/DTD HTML 4.0 Transitional\/\/EN\" \"http:\/\/www.w3.org\/TR\/REC-html40\/loose.dtd\">\n<?xml encoding=\"utf-8\" ?><html><body><div data-wp-interactive=\"core\/file\" class=\"wp-block-file\"><object data-wp-bind--hidden=\"!state.hasPdfPreview\" hidden class=\"wp-block-file__embed\" data=\"https:\/\/moderaterna.se\/app\/uploads\/sites\/29\/2022\/06\/Handlingsprogram-Moderaterna-i-Region-Kalmar-lan.pdf\" type=\"application\/pdf\" style=\"width:100%;height:600px\" aria-label=\"Inb&auml;ddning av Handlingsprogram-Moderaterna-i-Region-Kalmar-lan.\"><\/object><a href=\"https:\/\/moderaterna.se\/app\/uploads\/sites\/29\/2022\/06\/Handlingsprogram-Moderaterna-i-Region-Kalmar-lan.pdf\" target=\"_blank\" rel=\"noreferrer noopener\">Handlingsprogram-Moderaterna-i-Region-Kalmar-lan<\/a><a href=\"https:\/\/moderaterna.se\/app\/uploads\/sites\/29\/2022\/06\/Handlingsprogram-Moderaterna-i-Region-Kalmar-lan.pdf\" class=\"wp-block-file__button wp-element-button\" download><span class=\"show-for-sr\">Ladda ner<\/span><svg xmlns=\"http:\/\/www.w3.org\/2000\/svg\" data-name=\"Icon metro-file-pdf\" width=\"26.442\" height=\"30.849\" viewBox=\"0 0 26.442 30.849\"><path data-name=\"Icon metro-file-pdf\" d=\"M25.271 6.542a4.006 4.006 0 0 1 .826 1.308 3.973 3.973 0 0 1 .344 1.515v19.832a1.646 1.646 0 0 1-1.653 1.653H1.652A1.646 1.646 0 0 1 0 29.197V1.653A1.646 1.646 0 0 1 1.652-.003h15.425a3.974 3.974 0 0 1 1.515.344 4.006 4.006 0 0 1 1.308.826zm-7.642-4.2v6.473h6.473a1.881 1.881 0 0 0-.379-.706L18.329 2.72a1.88 1.88 0 0 0-.706-.379zm6.61 26.3V11.018h-7.162a1.646 1.646 0 0 1-1.653-1.653V2.204H2.203v26.442h22.035zM15.39 18.437a13.1 13.1 0 0 0 1.446.964 17.082 17.082 0 0 1 2.014-.121q2.531 0 3.047.844a.832.832 0 0 1 .034.9.05.05 0 0 1-.017.034l-.034.034v.017q-.1.654-1.222.654a7.1 7.1 0 0 1-1.98-.344 12.552 12.552 0 0 1-2.238-.912 31 31 0 0 0-6.748 1.429q-2.634 4.51-4.166 4.51a1 1 0 0 1-.482-.121l-.415-.21q-.017-.017-.1-.086a.711.711 0 0 1-.1-.62 3.738 3.738 0 0 1 .964-1.575 8.319 8.319 0 0 1 2.272-1.661.251.251 0 0 1 .4.1.1.1 0 0 1 .034.069q.9-1.463 1.842-3.391a26.274 26.274 0 0 0 1.79-4.51 13.916 13.916 0 0 1-.525-2.746 6.693 6.693 0 0 1 .112-2.195q.189-.689.723-.689h.379a.726.726 0 0 1 .6.258 1.375 1.375 0 0 1 .155 1.171.373.373 0 0 1-.069.138.448.448 0 0 1 .017.138v.516a22.542 22.542 0 0 1-.241 3.305 8.709 8.709 0 0 0 2.513 4.1zm-9.916 7.075a7.6 7.6 0 0 0 2.355-2.715 9.813 9.813 0 0 0-1.5 1.442 5.722 5.722 0 0 0-.855 1.273zm6.855-15.837a5.119 5.119 0 0 0-.034 2.272q.017-.121.121-.757 0-.052.121-.74a.387.387 0 0 1 .069-.138.05.05 0 0 1-.017-.034.035.035 0 0 0-.009-.026.035.035 0 0 1-.009-.026.991.991 0 0 0-.224-.62.05.05 0 0 1-.017.034v.034zm-2.138 11.379a25.25 25.25 0 0 1 4.889-1.394 2.6 2.6 0 0 1-.224-.164 3.083 3.083 0 0 1-.275-.232 9.119 9.119 0 0 1-2.186-3.03 23 23 0 0 1-1.429 3.391q-.516.964-.775 1.429zm11.121-.275a4.12 4.12 0 0 0-2.41-.413 6.511 6.511 0 0 0 2.135.482 1.67 1.67 0 0 0 .31-.017q0-.017-.034-.052z\" fill=\"#213a8f\"><\/path><\/svg><\/a><\/div>\n<\/body><\/html>\n\n\n\n<p><\/p>\n\n\n\n<p><span class=\"has-inline-color has-dark-blue-color\"><strong>Varmt v\u00e4lkommen att prenumerera p\u00e5 Moderaterna i Kalmar l\u00e4ns nyhetsbrev!<\/strong><\/span><\/p>\n\n\n\n<p>Ungef\u00e4r en g\u00e5ng per m\u00e5nad f\u00e5r du information om vad som h\u00e4nder lokalt och regionalt i partiet. Det \u00e4r alltifr\u00e5n lokala kampanjaktiviteter, ministerbes\u00f6k, utbildningar och tips p\u00e5 engagerande debattartiklar. <\/p>\n\n\n\n<p>Gl\u00f6m inte att l\u00e4gga till oss i din adresslista s\u00e5 att du f\u00e5r nyhetsbreven till den r\u00e4tta mejlkorgen. Om v\u00e5ra mejl skulle landa i din skr\u00e4pkort beh\u00f6ver du dra \u00f6ver mejlet till din inkorg. D\u00e5 \u00e4r problemet l\u00f6st.<\/p>\n\n\n\n<div class=\"wp-block-buttons is-layout-flex wp-block-buttons-is-layout-flex\">\n<div class=\"wp-block-button\"><a class=\"wp-block-button__link wp-element-button\" href=\"https:\/\/moderat.us7.list-manage.com\/subscribe?u=546afadb5ce83d47b2bfcee65&amp;id=642fea8671\" target=\"_blank\" rel=\"noreferrer noopener\">Jag vill f\u00e5 nyhetsbrevet!<\/a><\/div>\n<\/div>\n\n\n\n<div class=\"wp-block-columns has-pink-background-color has-background is-layout-flex wp-container-core-columns-is-layout-9d6595d7 wp-block-columns-is-layout-flex\">\n<div class=\"wp-block-column is-layout-flow wp-block-column-is-layout-flow\">\n<h2 class=\"wp-block-heading\" id=\"h-viktiga-politiska-fragor-som-far-ordning-pa-sverige-och-kalmar-lan\">Viktiga politiska fr\u00e5gor som f\u00e5r ordning p\u00e5 Sverige och Kalmar l\u00e4n<\/h2>\n<\/div>\n<\/div>\n\n\n\n<div class=\"wp-block-columns has-pink-background-color has-background is-layout-flex wp-container-core-columns-is-layout-9d6595d7 wp-block-columns-is-layout-flex\">\n<div class=\"wp-block-column is-layout-flow wp-block-column-is-layout-flow\"><\/div>\n\n\n\n<div class=\"wp-block-column is-layout-flow wp-block-column-is-layout-flow\"><\/div>\n<\/div>\n\n\n\n<h2 class=\"wp-block-heading\" id=\"h-vad-tycker-moderaterna-i-dina-hjartefragor\"><strong>Vad tycker Moderaterna i dina hj\u00e4rtefr\u00e5gor?<\/strong><\/h2>\n\n\n<div id=\"search-subjects-block_acf_block_6660336b7bde1\" class=\"search-subjects custom-block\">\n    <div class=\"search-subjects__content\">\n        <div class=\"search-subjects__content--search\">\n            <form @submit.prevent=\"avoidRefresh\" role=\"search\" class=\"search-subjects__content--search__form\">\n                <label class=\"show-for-sr\" for=\"search-subjects-block_acf_block_6660336b7bde1__search\">S\u00f6k hj\u00e4rtefr\u00e5gor<\/label>\n                <input v-model=\"search\" type=\"text\" name=\"search\" autocomplete=\"off\" class=\"search-subjects__content--search__form--input\" id=\"search-subjects-block_acf_block_6660336b7bde1__search\">\n                <svg xmlns=\"http:\/\/www.w3.org\/2000\/svg\" width=\"30.621\" height=\"30.621\" viewBox=\"0 0 30.621 30.621\" aria-hidden=\"true\"><g data-name=\"Icon feather-search\" fill=\"none\" stroke=\"#213a8f\" stroke-linecap=\"round\" stroke-linejoin=\"round\" stroke-width=\"3\"><path data-name=\"Path 13\" d=\"M25.5 13.5a12 12 0 1 1-12-12 12 12 0 0 1 12 12z\"\/><path data-name=\"Path 14\" d=\"M28.5 28.5l-6.525-6.525\"\/><\/g><\/svg>                                    <button @click=\"changeListVisibility(true)\" type=\"button\" class=\"search-subjects__content--search__form--button\">\n                        <span class=\"show-for-sr\">Visa alla hj\u00e4rtefr\u00e5gor<\/span>\n                        <span><\/span>\n                        <span><\/span>\n                        <span><\/span>\n                        <span><\/span>\n                    <\/button>\n                    <div v-cloak v-show=\"isListVisible\" class=\"search-subjects__content--search__form--list\">\n                        <div class=\"search-subjects__content--search__form--list__heading\">\n                            <p class=\"p--dark-blue\">V\u00e4lj hj\u00e4rtefr\u00e5ga<\/p>\n                            <button @click=\"changeListVisibility(false)\" type=\"button\" class=\"search-subjects__content--search__form--list__heading--button\">\n                                <span class=\"show-for-sr\">D\u00f6lj alla hj\u00e4rtefr\u00e5gor<\/span>\n                                <span><\/span>\n                                <span><\/span>\n                            <\/button>\n                        <\/div>\n                        <div class=\"search-subjects__content--search__form--list__line\"><\/div>\n                        <div class=\"search-subjects__content--search__form--list__subjects\">\n                            <ul>\n                                                                    <li>\n                                        <a class=\"p--dark-grey\" href=\"https:\/\/moderaterna.se\/kalmar\/var-politik\/bostadspolitik\/\">Bostadspolitik<\/a>\n                                    <\/li>\n                                                                    <li>\n                                        <a class=\"p--dark-grey\" href=\"https:\/\/moderaterna.se\/var-politik\/demokrati-rattsstat-forvaltning\/\">Demokrati, r\u00e4ttsstat och f\u00f6rvaltning<\/a>\n                                    <\/li>\n                                                                    <li>\n                                        <a class=\"p--dark-grey\" href=\"https:\/\/moderaterna.se\/var-politik\/ekonomisk-politik-och-foretagande\/\">Ekonomisk politik och f\u00f6retagande<\/a>\n                                    <\/li>\n                                                                    <li>\n                                        <a class=\"p--dark-grey\" href=\"https:\/\/moderaterna.se\/kalmar\/var-politik\/eu\/\">EU<\/a>\n                                    <\/li>\n                                                                    <li>\n                                        <a class=\"p--dark-grey\" href=\"https:\/\/moderaterna.se\/var-politik\/forebyggande-arbete\/\">F\u00f6rebyggande arbete<\/a>\n                                    <\/li>\n                                                                    <li>\n                                        <a class=\"p--dark-grey\" href=\"https:\/\/moderaterna.se\/var-politik\/forskola\/\">F\u00f6rskolan<\/a>\n                                    <\/li>\n                                                                    <li>\n                                        <a class=\"p--dark-grey\" href=\"https:\/\/moderaterna.se\/var-politik\/forsvar-och-krisberedskap\/\">F\u00f6rsvar och krisberedskap<\/a>\n                                    <\/li>\n                                                                    <li>\n                                        <a class=\"p--dark-grey\" href=\"https:\/\/moderaterna.se\/var-politik\/grona-naringar-landsbygd-och-jakt\/\">Gr\u00f6na n\u00e4ringar, landsbygd och jakt<\/a>\n                                    <\/li>\n                                                                    <li>\n                                        <a class=\"p--dark-grey\" href=\"https:\/\/moderaterna.se\/var-politik\/hbtq\/\">HBTQ-fr\u00e5gor<\/a>\n                                    <\/li>\n                                                                    <li>\n                                        <a class=\"p--dark-grey\" href=\"https:\/\/moderaterna.se\/var-politik\/halso-och-sjukvard-2\/\">H\u00e4lso- och sjukv\u00e5rd<\/a>\n                                    <\/li>\n                                                                    <li>\n                                        <a class=\"p--dark-grey\" href=\"https:\/\/moderaterna.se\/var-politik\/idrott\/\">Idrott och friluftsliv<\/a>\n                                    <\/li>\n                                                                    <li>\n                                        <a class=\"p--dark-grey\" href=\"https:\/\/moderaterna.se\/kalmar\/var-politik\/integration\/\">Integration<\/a>\n                                    <\/li>\n                                                                    <li>\n                                        <a class=\"p--dark-grey\" href=\"https:\/\/moderaterna.se\/kalmar\/var-politik\/jobb-och-arbetsmarknad\/\">Jobb och arbetsmarknad<\/a>\n                                    <\/li>\n                                                                    <li>\n                                        <a class=\"p--dark-grey\" href=\"https:\/\/moderaterna.se\/var-politik\/jamstalldhet\/\">J\u00e4mst\u00e4lldhet<\/a>\n                                    <\/li>\n                                                                    <li>\n                                        <a class=\"p--dark-grey\" href=\"https:\/\/moderaterna.se\/var-politik\/klimat-miljo-och-energi\/\">Klimat, milj\u00f6 och energi<\/a>\n                                    <\/li>\n                                                                    <li>\n                                        <a class=\"p--dark-grey\" href=\"https:\/\/moderaterna.se\/kalmar\/var-politik\/kultur\/\">Kultur<\/a>\n                                    <\/li>\n                                                                    <li>\n                                        <a class=\"p--dark-grey\" href=\"https:\/\/moderaterna.se\/var-politik\/lag-och-ordning-2\/\">Lag och ordning<\/a>\n                                    <\/li>\n                                                                    <li>\n                                        <a class=\"p--dark-grey\" href=\"https:\/\/moderaterna.se\/kalmar\/var-politik\/migration\/\">Migration<\/a>\n                                    <\/li>\n                                                                    <li>\n                                        <a class=\"p--dark-grey\" href=\"https:\/\/moderaterna.se\/var-politik\/sjukforsakring-2\/\">Sjukf\u00f6rs\u00e4kring<\/a>\n                                    <\/li>\n                                                                    <li>\n                                        <a class=\"p--dark-grey\" href=\"https:\/\/moderaterna.se\/kalmar\/var-politik\/skola-och-utbildning\/\">Skola och utbildning<\/a>\n                                    <\/li>\n                                                                    <li>\n                                        <a class=\"p--dark-grey\" href=\"https:\/\/moderaterna.se\/kalmar\/var-politik\/trafik-och-infrastruktur\/\">Trafik och infrastruktur<\/a>\n                                    <\/li>\n                                                                    <li>\n                                        <a class=\"p--dark-grey\" href=\"https:\/\/moderaterna.se\/kalmar\/var-politik\/utrikespolitik\/\">Utrikespolitik<\/a>\n                                    <\/li>\n                                                                    <li>\n                                        <a class=\"p--dark-grey\" href=\"https:\/\/moderaterna.se\/var-politik\/valfardsbrottslighet\/\">V\u00e4lf\u00e4rdsbrottslighet<\/a>\n                                    <\/li>\n                                                                    <li>\n                                        <a class=\"p--dark-grey\" href=\"https:\/\/moderaterna.se\/var-politik\/aldres-villkor-och-pensioner\/\">\u00c4ldres villkor och pensioner<\/a>\n                                    <\/li>\n                                                            <\/ul>\n                        <\/div>\n                    <\/div>\n                            <\/form>\n        <\/div>\n        <div v-cloak class=\"search-subjects__content--results\" aria-live=\"polite\">\n            <p v-if=\"filteredSubjects.length === 0 &#038;&#038; search\">Inga s\u00f6kresultat<\/p>\n            <div v-else v-for=\"subject in filteredSubjects\" class=\"search-subjects__content--results__single\">\n                <div class=\"search-subjects__content--results__single--main\">\n                    <button :data-name=\"subject[0].name\" @click=\"toggleButton($event)\" :class=\"isCookieActive(subject[0].slug, 'moderaterna_voted_subjects') ?\n                    'active-heart vote-subject-button' : 'not-active-heart vote-subject-button'\" :value=\"subject[0].slug\">\n                        <span class=\"show-for-sr\">\n                            {{\n                                isCookieActive(subject[0].slug, `moderaterna_voted_subjects`) ?\n                                `Ta bort ${subject[0].name} fr\u00e5n dina hj\u00e4rtefr\u00e5gor` :\n                                `L\u00e4gg till ${subject[0].name} bland dina hj\u00e4rtefr\u00e5gor`\n                            }}\n                        <\/span>\n                        <svg xmlns=\"http:\/\/www.w3.org\/2000\/svg\" width=\"29.25\" height=\"28.125\" viewBox=\"0 0 29.25 28.125\" aria-hidden=\"true\"><path data-name=\"Icon ionic-ios-heart-empty\" d=\"M21.375 0h-.07a8 8 0 0 0-6.68 3.656A8 8 0 0 0 7.945 0h-.07A7.949 7.949 0 0 0 0 7.945a17.115 17.115 0 0 0 3.361 9.33c4.233 5.787 11.264 10.85 11.264 10.85s7.031-5.063 11.264-10.85a17.115 17.115 0 0 0 3.361-9.33A7.949 7.949 0 0 0 21.375 0zM24.3 16.116a53.929 53.929 0 0 1-9.675 9.533 54.01 54.01 0 0 1-9.675-9.541 15.169 15.169 0 0 1-2.981-8.163 5.966 5.966 0 0 1 5.92-5.97h.063a5.9 5.9 0 0 1 2.89.759 6.144 6.144 0 0 1 2.137 2 1.975 1.975 0 0 0 3.3 0 6.205 6.205 0 0 1 2.138-2 5.9 5.9 0 0 1 2.89-.759h.063a5.966 5.966 0 0 1 5.92 5.97 15.361 15.361 0 0 1-2.99 8.17z\" fill=\"#213a8f\"\/><\/svg>                        <svg xmlns=\"http:\/\/www.w3.org\/2000\/svg\" data-name=\"Icon ionic-ios-heart\" width=\"29.25\" height=\"28.125\" viewBox=\"0 0 29.25 28.125\" aria-hidden=\"true\" class=\"hidden-heart\"><path data-name=\"Icon ionic-ios-heart\" d=\"M21.375 0h-.07a8 8 0 0 0-6.68 3.656A8 8 0 0 0 7.945 0h-.07A7.949 7.949 0 0 0 0 7.945a17.115 17.115 0 0 0 3.361 9.33c4.233 5.787 11.264 10.85 11.264 10.85s7.031-5.063 11.264-10.85a17.115 17.115 0 0 0 3.361-9.33A7.949 7.949 0 0 0 21.375 0z\" fill=\"#213a8f\"\/><\/svg>                    <\/button>\n                    <h3 class=\"h6--dark-grey\"><a :href=\"subject[0].page_link\">{{ subject[0].name }}<\/a><\/h3>\n                <\/div>\n                <div v-if=\"subject[1]\" class=\"search-subjects__content--results__single--related\">\n                    <p>Relaterade hj\u00e4rtefr\u00e5gor<\/p>\n                    <div v-for=\"relatedSubjects in subject[1]\" class=\"search-subjects__content--results__single--related__single\">\n                        <button :data-name=\"relatedSubjects.name\" @:click=\"toggleButton($event)\" :class=\"isCookieActive(relatedSubjects.slug, 'moderaterna_voted_subjects') ?\n                        'active-heart vote-subject-button' : 'not-active-heart vote-subject-button'\" :value=\"relatedSubjects.slug\">\n                            <span class=\"show-for-sr\">\n                                {{\n                                    isCookieActive(relatedSubjects.slug, `moderaterna_voted_subjects`) ?\n                                    `Ta bort ${relatedSubjects.name} fr\u00e5n dina hj\u00e4rtefr\u00e5gor` :\n                                    `L\u00e4gg till ${relatedSubjects.name} bland dina hj\u00e4rtefr\u00e5gor`\n                                }}\n                            <\/span>\n                            <svg xmlns=\"http:\/\/www.w3.org\/2000\/svg\" width=\"29.25\" height=\"28.125\" viewBox=\"0 0 29.25 28.125\" aria-hidden=\"true\"><path data-name=\"Icon ionic-ios-heart-empty\" d=\"M21.375 0h-.07a8 8 0 0 0-6.68 3.656A8 8 0 0 0 7.945 0h-.07A7.949 7.949 0 0 0 0 7.945a17.115 17.115 0 0 0 3.361 9.33c4.233 5.787 11.264 10.85 11.264 10.85s7.031-5.063 11.264-10.85a17.115 17.115 0 0 0 3.361-9.33A7.949 7.949 0 0 0 21.375 0zM24.3 16.116a53.929 53.929 0 0 1-9.675 9.533 54.01 54.01 0 0 1-9.675-9.541 15.169 15.169 0 0 1-2.981-8.163 5.966 5.966 0 0 1 5.92-5.97h.063a5.9 5.9 0 0 1 2.89.759 6.144 6.144 0 0 1 2.137 2 1.975 1.975 0 0 0 3.3 0 6.205 6.205 0 0 1 2.138-2 5.9 5.9 0 0 1 2.89-.759h.063a5.966 5.966 0 0 1 5.92 5.97 15.361 15.361 0 0 1-2.99 8.17z\" fill=\"#213a8f\"\/><\/svg>                            <svg xmlns=\"http:\/\/www.w3.org\/2000\/svg\" data-name=\"Icon ionic-ios-heart\" width=\"29.25\" height=\"28.125\" viewBox=\"0 0 29.25 28.125\" aria-hidden=\"true\" class=\"hidden-heart\"><path data-name=\"Icon ionic-ios-heart\" d=\"M21.375 0h-.07a8 8 0 0 0-6.68 3.656A8 8 0 0 0 7.945 0h-.07A7.949 7.949 0 0 0 0 7.945a17.115 17.115 0 0 0 3.361 9.33c4.233 5.787 11.264 10.85 11.264 10.85s7.031-5.063 11.264-10.85a17.115 17.115 0 0 0 3.361-9.33A7.949 7.949 0 0 0 21.375 0z\" fill=\"#213a8f\"\/><\/svg>                        <\/button>\n                        <h3 class=\"h6--dark-grey\"><a :href=\"relatedSubjects.page_link\">{{ relatedSubjects.name }}<\/a><\/h3>\n                    <\/div>\n                <\/div>\n            <\/div>\n        <\/div>\n    <\/div>\n<\/div>\n\n\n\n<div class=\"wp-block-columns is-layout-flex wp-container-core-columns-is-layout-9d6595d7 wp-block-columns-is-layout-flex\">\n<div class=\"wp-block-column is-layout-flow wp-block-column-is-layout-flow\">\n\n\n<p><\/p>\n<\/div>\n\n\n\n<div class=\"wp-block-column is-layout-flow wp-block-column-is-layout-flow\"><\/div>\n<\/div>\n","protected":false},"excerpt":{"rendered":"<p>Valfrihet n\u00e4r det exempelvis g\u00e4ller offentligt finansierade v\u00e4lf\u00e4rdstj\u00e4nster, ger m\u00e4nniskor m\u00f6jlighet till \u00f6kat inflytande \u00f6ver sin egen situation. Vi tycker att alla beslut ska fattas s\u00e5 n\u00e4ra de m\u00e4nniskor som p\u00e5verkas som m\u00f6jligt och st\u00e5r bakom det kommunala sj\u00e4lvstyret. Den som jobbar och anstr\u00e4nger sig ska kunna f\u00f6rv\u00e4nta sig att staten garanterar medborgarnas trygghet och [&hellip;]<\/p>\n","protected":false},"author":9,"featured_media":0,"parent":0,"menu_order":2,"comment_status":"closed","ping_status":"closed","template":"page-templates\/landing-page.php","meta":{"_acf_changed":false,"_relevanssi_hide_post":"","_relevanssi_hide_content":"","_relevanssi_pin_for_all":"","_relevanssi_pin_keywords":"","_relevanssi_unpin_keywords":"","_relevanssi_related_keywords":"","_relevanssi_related_include_ids":"","_relevanssi_related_exclude_ids":"","_relevanssi_related_no_append":"","_relevanssi_related_not_related":"","_relevanssi_related_posts":"526","_relevanssi_noindex_reason":"","footnotes":""},"subject":[],"class_list":["post-39","page","type-page","status-publish","hentry"],"acf":[],"publishpress_future_action":{"enabled":false,"date":"2026-04-24 21:01:22","action":"change-status","newStatus":"draft","terms":[],"taxonomy":"subject"},"_links":{"self":[{"href":"https:\/\/moderaterna.se\/kalmar\/wp-json\/wp\/v2\/pages\/39","targetHints":{"allow":["GET"]}}],"collection":[{"href":"https:\/\/moderaterna.se\/kalmar\/wp-json\/wp\/v2\/pages"}],"about":[{"href":"https:\/\/moderaterna.se\/kalmar\/wp-json\/wp\/v2\/types\/page"}],"author":[{"embeddable":true,"href":"https:\/\/moderaterna.se\/kalmar\/wp-json\/wp\/v2\/users\/9"}],"replies":[{"embeddable":true,"href":"https:\/\/moderaterna.se\/kalmar\/wp-json\/wp\/v2\/comments?post=39"}],"version-history":[{"count":63,"href":"https:\/\/moderaterna.se\/kalmar\/wp-json\/wp\/v2\/pages\/39\/revisions"}],"predecessor-version":[{"id":3642,"href":"https:\/\/moderaterna.se\/kalmar\/wp-json\/wp\/v2\/pages\/39\/revisions\/3642"}],"wp:attachment":[{"href":"https:\/\/moderaterna.se\/kalmar\/wp-json\/wp\/v2\/media?parent=39"}],"wp:term":[{"taxonomy":"subject","embeddable":true,"href":"https:\/\/moderaterna.se\/kalmar\/wp-json\/wp\/v2\/subject?post=39"}],"curies":[{"name":"wp","href":"https:\/\/api.w.org\/{rel}","templated":true}]}}