{"id":1801,"date":"2022-06-05T00:03:22","date_gmt":"2022-06-04T22:03:22","guid":{"rendered":"https:\/\/moderaterna.se\/kalmar\/?page_id=1801"},"modified":"2026-01-13T12:17:05","modified_gmt":"2026-01-13T11:17:05","slug":"kalender","status":"publish","type":"page","link":"https:\/\/moderaterna.se\/kalmar\/kalender\/","title":{"rendered":"Kalender"},"content":{"rendered":"\n<p><strong><strong><span class=\"has-inline-color has-dark-blue-color\">EU-valet 2024<\/span><\/strong><\/strong><br>11-13 april, nationell valupptakt p\u00e5 Sverigem\u00f6tet<br>25 april, svenskar i utlandet f\u00e5r information om r\u00f6stningsf\u00f6rfarandet<br>6 maj, valupptakt i Kalmar l\u00e4n<br>10 maj, r\u00f6stl\u00e4ngd fastst\u00e4lls<br>16 maj, utlandsr\u00f6stningen b\u00f6rjar<br>22 maj, f\u00f6rtidsr\u00f6stningen b\u00f6rjar<br>9 juni, valdag<\/p>\n\n\n\n<p><\/p>\n\n\n\n<p><strong><mark class=\"has-inline-color has-dark-blue-color\">Kampanjaktiviteter<\/mark><\/strong><\/p>\n\n\n\n<p><strong>Emmaboda<\/strong><br>9 maj, Broakulla marknad, kl. 9-16<br>11 maj, Vissefj\u00e4rdadagen, kl. 9-15<br>20 maj, lappa l\u00e5dor, Emmaboda<br>22 maj, D\u00f6rrknackning, Emmaboda<br>28 maj, T\u00e5gkampanj, morgonen, Emmaboda station<br>29 maj, D\u00f6rrknackning, Emmaboda<br>1 juni, fr\u00e5n kl. 16, Torgkampanj, Emmaboda (utanf\u00f6r ICA)<br>5 juni, fr\u00e5n kl. 16, Torgkampanj, Emmaboda (utanf\u00f6r ICA)<br>8 juni, kl. 9-15, Eriksm\u00e5la marknad<\/p>\n\n\n\n<p><strong>Kalmar<br><\/strong>2 maj, kl. 17.30-19.30, D\u00f6rrknackning<br>7 maj, kl. 18.30, EU-kv\u00e4ll med M\u00e5ns Linge och Marianne Hennel, f\u00f6rbundskansliet Kalmar<br>17 maj, kl. 10-12.30, Lindsdalsdagarna<br>18 maj, kl. 10-15, Lindsdalsdagarna<br>20 maj, kl. 06.45, Frukostkampanj. Plats: Stationen.<br>20 maj, kl. 11.00-15.00, Kampanj med Anna Tenje, \u00e4ldre- och socialf\u00f6rs\u00e4kringsminister, samt verksamhetsbes\u00f6k<br>23 maj, kl. 17.30-19.30, D\u00f6rrknackning, Kalmar<br>24 maj, kl. 15-17, Kampanj. Plats: kansliet p\u00e5 Larmgatan 40.<br>29 maj, kl. 17.30-19.30, D\u00f6rrknackning, Kalmar<br>1 juni, kl. 17.30-19.30, D\u00f6rrknackning, Kalmar<br>2 juni, kl. 17.30-19.30, D\u00f6rrknackning, Kalmar<br>5 juni, ca. 06.45, Frukostkampanj. Plats: Stationen<br>6 juni, kl. 11-13 och 17.30-19.30, D\u00f6rrknackning, Kalmar<br>7 juni, kl. 17.30-19.30, D\u00f6rrknackning, Kalmar<br>8 juni, kl. 11-13 och 17.30-19.30, D\u00f6rrknackning, Kalmar<\/p>\n\n\n\n<p><strong>Borgholm<\/strong><br>14 maj, EU f\u00f6redrag, kl. 18.30, Hotell Borgholm<\/p>\n\n\n\n<p><strong>M\u00f6nster\u00e5s<\/strong><br>4 maj, M\u00f6nster\u00e5s marknad<\/p>\n\n\n\n<p><strong>Nybro<br><\/strong>3 maj, Nybro marknad<br>5 maj, Bakluckeloppis, Nybro<br>30 maj, kl. 8.30-12.30 p\u00e5 Torget i Nybro<br>31 maj, p\u00e5 eftermiddagen vid Systemet i Nybro<br>1 juni, kl. 8.30-12.30 p\u00e5 Torget i Nybro<br>3 juni, kl. 6.00-8.00, stationen i Nybro<br>8 juni, kl. 8.30-12.30 p\u00e5 Torget i Nybro<\/p>\n\n\n\n<p><strong>Oskarshamn<br><\/strong>24 maj, ca kl. 9-17, Tolvskillingsmarkanden<br>25 maj, ca kl. 9-17, Tolvskillingsmarknaden, Europaparlamentariker Jessica Polfj\u00e4rd deltar<\/p>\n\n\n\n<p><strong>V\u00e4stervik<\/strong><br>16 maj, EP-debatt, V\u00e4sterviks gymnasiet<br>17 maj, Gr\u00f6nt veckoslut, Gamleby gymnasium<br>18 maj, Gr\u00f6nt veckoslut, Gamleby gymnasium<\/p>\n\n\n\n<p><strong>M\u00f6rbyl\u00e5nga<\/strong><br>7 maj, kl. 08.30-10.30, kampanj ICA Kvantum, F\u00e4rjestaden<br>10 maj, kl. 15.30-17.30, kampanj utanf\u00f6r Systembolaget, F\u00e4rjestaden<br>11 maj, kl. 11-13, kampanj ICA Skansen, M\u00f6rbyl\u00e5nga<br>14 maj, kl. 08.30-10.30, kampanj ICA Kvantum, F\u00e4rjestaden<br>17 maj, kl. 15.30-17.30, kampanj utanf\u00f6r Systembolaget, F\u00e4rjestaden<br>18 maj, kl. 11-13, kampanj ICA Skansen, M\u00f6rbyl\u00e5nga<br>21 maj, kl. 08.30-10.30, kampanj ICA Kvantum, F\u00e4rjestaden<br>24 maj, kl. 15.30-17.30, kampanj utanf\u00f6r Systembolaget, F\u00e4rjestaden<br>24 maj, d\u00f6rrknackning i F\u00e4rjestaden<br>24 maj, d\u00f6rrknackning i M\u00f6rbyl\u00e5nga<br>25 maj, kl. 11-13, kampanj ICA Skansen, M\u00f6rbyl\u00e5nga<br>25 maj, d\u00f6rrknackning i F\u00e4rjestaden<br>25 maj, d\u00f6rrknackning i M\u00f6rbyl\u00e5nga<br>26 maj, d\u00f6rrknackning i F\u00e4rjestaden<br>26 maj, d\u00f6rrknackning i M\u00f6rbyl\u00e5nga<br>28 maj, kl. 08.30-10.30, kampanj ICA Kvantum, F\u00e4rjestaden<br>31 maj, kl. 15.30-17.30, kampanj utanf\u00f6r Systembolaget, F\u00e4rjestaden<br>31 maj, d\u00f6rrknackning i F\u00e4rjestaden<br>31 maj, d\u00f6rrknackning i M\u00f6rbyl\u00e5nga<br>1 juni, kl. 11-13, kampanj ICA Skansen, M\u00f6rbyl\u00e5nga<br>1 juni, d\u00f6rrknackning i F\u00e4rjestaden<br>1 juni, d\u00f6rrknackning i M\u00f6rbyl\u00e5nga<br>2 juni, d\u00f6rrknackning i F\u00e4rjestaden<br>2 juni, d\u00f6rrknackning i M\u00f6rbyl\u00e5nga<br>4 juni, kl. 08.30-10.30, kampanj ICA Kvantum, F\u00e4rjestaden<br>5 juni, kl. 15.30-17.30, kampanj utanf\u00f6r Systembolaget, F\u00e4rjestaden<br>6 juni, d\u00f6rrknackning i F\u00e4rjestaden<br>6 juni, d\u00f6rrknackning i M\u00f6rbyl\u00e5nga<br>7 juni, kl. 15.30-17.30, kampanj utanf\u00f6r Systembolaget, F\u00e4rjestaden<br>7 juni, d\u00f6rrknackning i F\u00e4rjestaden<br>7 juni, d\u00f6rrknackning i M\u00f6rbyl\u00e5nga<br>8 juni, kl. 11-14, kampanj p\u00e5 K\u00f6pstaden med Marie Nicholson, riksdagsledamot<br>8 juni, kl. 11-13, kampanj ICA Skansen, M\u00f6rbyl\u00e5nga<br>8 juni, d\u00f6rrknackning i F\u00e4rjestaden<br>8 juni, d\u00f6rrknackning i M\u00f6rbyl\u00e5nga<br><br><br><\/p>\n\n\n\n<p><span class=\"has-inline-color has-dark-blue-color\"><strong>Varmt v\u00e4lkommen att prenumerera p\u00e5 Moderaterna i Kalmar l\u00e4ns nyhetsbrev!<\/strong><\/span><\/p>\n\n\n\n<p>Ungef\u00e4r en g\u00e5ng per m\u00e5nad f\u00e5r du information om vad som h\u00e4nder lokalt och regionalt i partiet. Det \u00e4r alltifr\u00e5n lokala kampanjaktiviteter, ministerbes\u00f6k, utbildningar och tips p\u00e5 engagerande debattartiklar. <\/p>\n\n\n\n<p>Gl\u00f6m inte att l\u00e4gga till oss i din adresslista s\u00e5 att du f\u00e5r nyhetsbreven till den r\u00e4tta mejlkorgen. Om v\u00e5ra mejl skulle landa i din skr\u00e4pkort beh\u00f6ver du dra \u00f6ver mejlet till din inkorg. D\u00e5 \u00e4r problemet l\u00f6st.<\/p>\n\n\n\n<div class=\"wp-block-buttons is-layout-flex wp-block-buttons-is-layout-flex\">\n<div class=\"wp-block-button\"><a class=\"wp-block-button__link wp-element-button\" href=\"https:\/\/moderat.us7.list-manage.com\/subscribe?u=546afadb5ce83d47b2bfcee65&amp;id=642fea8671\" target=\"_blank\" rel=\"noreferrer noopener\">Jag vill f\u00e5 nyhetsbrevet!<\/a><\/div>\n<\/div>\n\n\n\n<div style=\"height:100px\" aria-hidden=\"true\" class=\"wp-block-spacer\"><\/div>\n","protected":false},"excerpt":{"rendered":"<p>EU-valet 202411-13 april, nationell valupptakt p\u00e5 Sverigem\u00f6tet25 april, svenskar i utlandet f\u00e5r information om r\u00f6stningsf\u00f6rfarandet6 maj, valupptakt i Kalmar l\u00e4n10 maj, r\u00f6stl\u00e4ngd fastst\u00e4lls16 maj, utlandsr\u00f6stningen b\u00f6rjar22 maj, f\u00f6rtidsr\u00f6stningen b\u00f6rjar9 juni, valdag Kampanjaktiviteter Emmaboda9 maj, Broakulla marknad, kl. 9-1611 maj, Vissefj\u00e4rdadagen, kl. 9-1520 maj, lappa l\u00e5dor, Emmaboda22 maj, D\u00f6rrknackning, Emmaboda28 maj, T\u00e5gkampanj, morgonen, Emmaboda station29 maj, [&hellip;]<\/p>\n","protected":false},"author":32,"featured_media":1802,"parent":0,"menu_order":0,"comment_status":"closed","ping_status":"closed","template":"","meta":{"_acf_changed":false,"_relevanssi_hide_post":"","_relevanssi_hide_content":"","_relevanssi_pin_for_all":"","_relevanssi_pin_keywords":"","_relevanssi_unpin_keywords":"","_relevanssi_related_keywords":"","_relevanssi_related_include_ids":"","_relevanssi_related_exclude_ids":"","_relevanssi_related_no_append":"","_relevanssi_related_not_related":"","_relevanssi_related_posts":"2413,1603,2198,2443,3344,2931","_relevanssi_noindex_reason":"","footnotes":""},"subject":[],"class_list":["post-1801","page","type-page","status-publish","has-post-thumbnail","hentry"],"acf":[],"publishpress_future_action":{"enabled":false,"date":"2026-04-30 07:01:39","action":"change-status","newStatus":"draft","terms":[],"taxonomy":"subject"},"_links":{"self":[{"href":"https:\/\/moderaterna.se\/kalmar\/wp-json\/wp\/v2\/pages\/1801","targetHints":{"allow":["GET"]}}],"collection":[{"href":"https:\/\/moderaterna.se\/kalmar\/wp-json\/wp\/v2\/pages"}],"about":[{"href":"https:\/\/moderaterna.se\/kalmar\/wp-json\/wp\/v2\/types\/page"}],"author":[{"embeddable":true,"href":"https:\/\/moderaterna.se\/kalmar\/wp-json\/wp\/v2\/users\/32"}],"replies":[{"embeddable":true,"href":"https:\/\/moderaterna.se\/kalmar\/wp-json\/wp\/v2\/comments?post=1801"}],"version-history":[{"count":256,"href":"https:\/\/moderaterna.se\/kalmar\/wp-json\/wp\/v2\/pages\/1801\/revisions"}],"predecessor-version":[{"id":3711,"href":"https:\/\/moderaterna.se\/kalmar\/wp-json\/wp\/v2\/pages\/1801\/revisions\/3711"}],"wp:featuredmedia":[{"embeddable":true,"href":"https:\/\/moderaterna.se\/kalmar\/wp-json\/wp\/v2\/media\/1802"}],"wp:attachment":[{"href":"https:\/\/moderaterna.se\/kalmar\/wp-json\/wp\/v2\/media?parent=1801"}],"wp:term":[{"taxonomy":"subject","embeddable":true,"href":"https:\/\/moderaterna.se\/kalmar\/wp-json\/wp\/v2\/subject?post=1801"}],"curies":[{"name":"wp","href":"https:\/\/api.w.org\/{rel}","templated":true}]}}