{"id":647,"date":"2021-12-08T10:12:33","date_gmt":"2021-12-08T09:12:33","guid":{"rendered":"https:\/\/moderaterna.se\/jonkoping\/?page_id=647"},"modified":"2022-05-16T15:36:15","modified_gmt":"2022-05-16T13:36:15","slug":"om-oss","status":"publish","type":"page","link":"https:\/\/moderaterna.se\/jonkoping\/om-oss\/","title":{"rendered":"Om oss"},"content":{"rendered":"\n<div class=\"wp-block-buttons is-layout-flex wp-block-buttons-is-layout-flex\">\n<div class=\"wp-block-button\"><a class=\"wp-block-button__link\" href=\"https:\/\/moderaterna.se\/jonkoping\/vara-politiker\/\">V\u00e5ra politiker<\/a><\/div>\n\n\n\n<div class=\"wp-block-button\"><a class=\"wp-block-button__link\" href=\"https:\/\/moderaterna.se\/jonkoping\/forbundsstyrelsen\/\">F\u00f6rbundsstyrelsen<\/a><\/div>\n\n\n\n<div class=\"wp-block-button\"><a class=\"wp-block-button__link\" href=\"https:\/\/moderaterna.se\/jonkoping\/forbundskansliet\/\">F\u00f6rbundskansliet<\/a><\/div>\n\n\n\n<div class=\"wp-block-button\"><a class=\"wp-block-button__link\" href=\"https:\/\/www.moderaternaregionjonkoping.se\">Moderaterna i Region J\u00f6nk\u00f6pings l\u00e4n<\/a><\/div>\n<\/div>\n\n\n\n<p>Via knapparna ovan hittar ni information om f\u00f6rbundsstyrelsen och v\u00e5rt gemensamma f\u00f6rbundskansli samt v\u00e5ra ledande politiker p\u00e5 riks-, region- och kommunniv\u00e5.<\/p>\n\n\n\n<p>Du hittar ocks\u00e5 information om v\u00e5r regionpolitik och Moderaterna i Region J\u00f6nk\u00f6pings l\u00e4n. <\/p>\n\n\n\n<p>Moderaterna i J\u00f6nk\u00f6pings l\u00e4n omfattar tretton kommuner med f\u00f6reningar i samtliga kommuner. I J\u00f6nk\u00f6ping och Gislaved \u00e4r f\u00f6reningarna organiserade i kretsar utifr\u00e5n kommunens geografi.<\/p>\n\n\n\n<p>Inom Moderaterna finns&nbsp;\u00e4ven Moderata Ungdomsf\u00f6rbundet, inklusive Moderata Studenter samt n\u00e4tverken Moderatkvinnorna, Moderata Seniorer och \u00d6ppna Moderater alla dessa finns ocks\u00e5 aktiva i J\u00f6nk\u00f6ping.<\/p>\n\n\n<div id=\"listing-block_61bf55e6040a8\" class=\"listing custom-block custom-block__full theme__background--pink\">\n    <div class=\"listing__content\">\n                    <h2 class=\"listing__content--title theme__color--purple\">Moderata partif\u00f6reningar i J\u00f6nk\u00f6pings l\u00e4n<\/h2>\n                        <div class=\"listing__content--list\">\n                                <ul class=\"listing__content--list__standard\">\n                                                    <li>\n                                <a class=\"p--purple\" href=\"https:\/\/moderaterna.se\/jonkoping\/foreningar\/anderstorp\/\">Anderstorp<\/a>\n                            <\/li>\n                                                    <li>\n                                <a class=\"p--purple\" href=\"https:\/\/moderaterna.se\/jonkoping\/foreningar\/aneby\/\">Aneby<\/a>\n                            <\/li>\n                                                    <li>\n                                <a class=\"p--purple\" href=\"https:\/\/moderaterna.se\/jonkoping\/foreningar\/eksjo\/\">Eksj\u00f6<\/a>\n                            <\/li>\n                                                    <li>\n                                <a class=\"p--purple\" href=\"https:\/\/moderaterna.se\/jonkoping\/foreningar\/gislaved-reftele\/\">Gislaved-Reftele<\/a>\n                            <\/li>\n                                                    <li>\n                                <a class=\"p--purple\" href=\"https:\/\/moderaterna.se\/jonkoping\/foreningar\/gnosjo\/\">Gnosj\u00f6<\/a>\n                            <\/li>\n                                                    <li>\n                                <a class=\"p--purple\" href=\"https:\/\/moderaterna.se\/jonkoping\/foreningar\/habo\/\">Habo<\/a>\n                            <\/li>\n                                                    <li>\n                                <a class=\"p--purple\" href=\"https:\/\/moderaterna.se\/jonkoping\/foreningar\/hestra\/\">Hestra<\/a>\n                            <\/li>\n                                                    <li>\n                                <a class=\"p--purple\" href=\"https:\/\/moderaterna.se\/jonkoping\/foreningar\/jonkopings-kommun-8-lokalforeningar\/\">J\u00f6nk\u00f6pings kommun (8 lokalf\u00f6reningar)<\/a>\n                            <\/li>\n                                                    <li>\n                                <a class=\"p--purple\" href=\"https:\/\/moderaterna.se\/jonkoping\/foreningar\/mullsjo\/\">Mullsj\u00f6<\/a>\n                            <\/li>\n                                                    <li>\n                                <a class=\"p--purple\" href=\"https:\/\/moderaterna.se\/jonkoping\/foreningar\/nassjo\/\">N\u00e4ssj\u00f6<\/a>\n                            <\/li>\n                                                    <li>\n                                <a class=\"p--purple\" href=\"https:\/\/moderaterna.se\/jonkoping\/foreningar\/skillingaryd-vaggeryd\/\">Skillingaryd-Vaggeryd<\/a>\n                            <\/li>\n                                                    <li>\n                                <a class=\"p--purple\" href=\"https:\/\/moderaterna.se\/jonkoping\/foreningar\/smalandsstenar-burseryd\/\">Sm\u00e5landsstenar-Burseryd<\/a>\n                            <\/li>\n                                                    <li>\n                                <a class=\"p--purple\" href=\"https:\/\/moderaterna.se\/jonkoping\/foreningar\/savsjo\/\">S\u00e4vsj\u00f6<\/a>\n                            <\/li>\n                                                    <li>\n                                <a class=\"p--purple\" href=\"https:\/\/moderaterna.se\/jonkoping\/foreningar\/tranas\/\">Tran\u00e5s<\/a>\n                            <\/li>\n                                                    <li>\n                                <a class=\"p--purple\" href=\"https:\/\/moderaterna.se\/jonkoping\/foreningar\/vetlanda\/\">Vetlanda<\/a>\n                            <\/li>\n                                                    <li>\n                                <a class=\"p--purple\" href=\"https:\/\/moderaterna.se\/jonkoping\/foreningar\/varnamo\/\">V\u00e4rnamo<\/a>\n                            <\/li>\n                                            <\/ul>\n                        <\/div>\n    <\/div>\n<\/div>\n","protected":false},"excerpt":{"rendered":"<p>Via knapparna ovan hittar ni information om f\u00f6rbundsstyrelsen och v\u00e5rt gemensamma f\u00f6rbundskansli samt v\u00e5ra ledande politiker p\u00e5 riks-, region- och kommunniv\u00e5. Du hittar ocks\u00e5 information om v\u00e5r regionpolitik och Moderaterna i Region J\u00f6nk\u00f6pings l\u00e4n. Moderaterna i J\u00f6nk\u00f6pings l\u00e4n omfattar tretton kommuner med f\u00f6reningar i samtliga kommuner. I J\u00f6nk\u00f6ping och Gislaved \u00e4r f\u00f6reningarna organiserade i kretsar [&hellip;]<\/p>\n","protected":false},"author":9,"featured_media":0,"parent":0,"menu_order":2,"comment_status":"closed","ping_status":"closed","template":"","meta":{"_acf_changed":false,"_relevanssi_hide_post":"","_relevanssi_hide_content":"","_relevanssi_pin_for_all":"","_relevanssi_pin_keywords":"","_relevanssi_unpin_keywords":"","_relevanssi_related_keywords":"","_relevanssi_related_include_ids":"","_relevanssi_related_exclude_ids":"","_relevanssi_related_no_append":"","_relevanssi_related_not_related":"","_relevanssi_related_posts":"640,526,642","_relevanssi_noindex_reason":"","footnotes":""},"subject":[],"class_list":["post-647","page","type-page","status-publish","hentry"],"acf":[],"publishpress_future_action":{"enabled":false,"date":"2026-04-21 23:12:05","action":"change-status","newStatus":"draft","terms":[],"taxonomy":"subject"},"_links":{"self":[{"href":"https:\/\/moderaterna.se\/jonkoping\/wp-json\/wp\/v2\/pages\/647","targetHints":{"allow":["GET"]}}],"collection":[{"href":"https:\/\/moderaterna.se\/jonkoping\/wp-json\/wp\/v2\/pages"}],"about":[{"href":"https:\/\/moderaterna.se\/jonkoping\/wp-json\/wp\/v2\/types\/page"}],"author":[{"embeddable":true,"href":"https:\/\/moderaterna.se\/jonkoping\/wp-json\/wp\/v2\/users\/9"}],"replies":[{"embeddable":true,"href":"https:\/\/moderaterna.se\/jonkoping\/wp-json\/wp\/v2\/comments?post=647"}],"version-history":[{"count":28,"href":"https:\/\/moderaterna.se\/jonkoping\/wp-json\/wp\/v2\/pages\/647\/revisions"}],"predecessor-version":[{"id":1245,"href":"https:\/\/moderaterna.se\/jonkoping\/wp-json\/wp\/v2\/pages\/647\/revisions\/1245"}],"wp:attachment":[{"href":"https:\/\/moderaterna.se\/jonkoping\/wp-json\/wp\/v2\/media?parent=647"}],"wp:term":[{"taxonomy":"subject","embeddable":true,"href":"https:\/\/moderaterna.se\/jonkoping\/wp-json\/wp\/v2\/subject?post=647"}],"curies":[{"name":"wp","href":"https:\/\/api.w.org\/{rel}","templated":true}]}}