{"id":630,"date":"2026-05-13T09:50:43","date_gmt":"2026-05-13T07:50:43","guid":{"rendered":"https:\/\/moderaterna.se\/jonkoping\/?page_id=630"},"modified":"2026-05-14T01:57:07","modified_gmt":"2026-05-13T23:57:07","slug":"forbundskansliet","status":"publish","type":"page","link":"https:\/\/moderaterna.se\/jonkoping\/forbundskansliet\/","title":{"rendered":"F\u00f6rbundskansliet"},"content":{"rendered":"\n<h2 class=\"wp-block-heading\" id=\"h-valkommen-till-moderaterna-i-jonkopings-lans-forbundskansli\">V\u00e4lkommen till Moderaterna i J\u00f6nk\u00f6pings l\u00e4ns f\u00f6rbundskansli<\/h2>\n\n\n\n<p>F\u00f6rbundet har ett kansli som fungerar som ett nav f\u00f6r det organisatoriska arbetet i l\u00e4net. H\u00e4r st\u00f6ttar vi f\u00f6rbundets f\u00f6reningar, kretsar och medlemmar i det l\u00f6pande arbetet, med allt fr\u00e5n medlemsfr\u00e5gor och administration till kampanjst\u00f6d, utbildningar, kommunikation och praktisk samordning.<\/p>\n\n\n\n<p>Kansliet har en viktig roll i att skapa struktur, kontinuitet och goda f\u00f6ruts\u00e4ttningar f\u00f6r det politiska arbetet i hela l\u00e4net. Genom n\u00e4ra kontakt med v\u00e5ra lokala f\u00f6retr\u00e4dare och f\u00f6reningar bidrar vi till att st\u00e4rka organisationen, underl\u00e4tta engagemang och s\u00e4kerst\u00e4lla att medlemmar och f\u00f6rtroendevalda f\u00e5r det st\u00f6d de beh\u00f6ver.<\/p>\n\n\n\n<p>Ut\u00f6ver arbetet i det egna l\u00e4net har vi ocks\u00e5 ett omfattande administrativt samarbete med flera andra l\u00e4nsf\u00f6rbund. Inom ramen f\u00f6r detta arbetar vi bland annat med medlemsadministration, utskicksservice, registerhantering och andra administrativa tj\u00e4nster. P\u00e5 s\u00e5 s\u00e4tt kan vi bidra till en mer effektiv organisation, d\u00e4r fler f\u00f6rbund f\u00e5r tillg\u00e5ng till stabila och professionella administrativa funktioner.<\/p>\n\n\n\n<p><strong>Tel:\u00a0<\/strong>036-34 25 50<br><strong>E-post Moderaterna i J\u00f6nk\u00f6pings l\u00e4n:<\/strong><a href=\"mailto:jonkoping@moderaterna.se\">jonkoping@moderaterna.se<\/a><br><strong>E-post Servicekansliet:<\/strong>\u00a0<a href=\"mailto:service@servicekansliet.se\">service@servicekansliet.se<\/a><br><strong>Bes\u00f6ksadress \/ Postadress:<\/strong>\u00a0 Huskvarnav\u00e4gen 62. 554 54 J\u00f6nk\u00f6ping <\/p>\n\n\n\n<p><strong>Fakturor skickas till: <\/strong><a href=\"mailto:jonkoping@moderaterna.se\">jonkoping@moderaterna.se<\/a><\/p>\n\n\n\n<div class=\"wp-block-media-text is-stacked-on-mobile is-vertically-aligned-top\" style=\"grid-template-columns:40% auto\"><figure class=\"wp-block-media-text__media\"><img loading=\"lazy\" decoding=\"async\" width=\"769\" height=\"1024\" src=\"https:\/\/moderaterna.se\/app\/uploads\/sites\/10\/2026\/05\/P1149783-2-769x1024.jpg\" alt=\"\" class=\"wp-image-1582 size-full\" srcset=\"https:\/\/moderaterna.se\/app\/uploads\/sites\/10\/2026\/05\/P1149783-2-769x1024.jpg 769w, https:\/\/moderaterna.se\/app\/uploads\/sites\/10\/2026\/05\/P1149783-2-225x300.jpg 225w, https:\/\/moderaterna.se\/app\/uploads\/sites\/10\/2026\/05\/P1149783-2-768x1023.jpg 768w, https:\/\/moderaterna.se\/app\/uploads\/sites\/10\/2026\/05\/P1149783-2-1154x1536.jpg 1154w, https:\/\/moderaterna.se\/app\/uploads\/sites\/10\/2026\/05\/P1149783-2.jpg 1538w\" sizes=\"auto, (max-width: 769px) 100vw, 769px\" \/><\/figure><div class=\"wp-block-media-text__content\">\n<h2 class=\"wp-block-heading\" id=\"h-tobias-stomilovic\">Tobias Stomilovic<\/h2>\n\n\n\n<p><strong>Partiombudsman<\/strong><\/p>\n\n\n\n<p><a href=\"mailto:tobias.stomilovic@moderaterna.se\">tobias.stomilovic@moderaterna.se<\/a><\/p>\n\n\n\n<p>\u2068036-34 25 51<\/p>\n<\/div><\/div>\n\n\n\n<div class=\"wp-block-group\"><div class=\"wp-block-group__inner-container is-layout-constrained wp-block-group-is-layout-constrained\">\n<div class=\"wp-block-media-text has-media-on-the-right is-stacked-on-mobile is-vertically-aligned-top is-image-fill-element\" style=\"grid-template-columns:auto 40%\"><div class=\"wp-block-media-text__content\">\n<h2 class=\"wp-block-heading\" id=\"h-pontus-lundgren\">Pontus Lundgren<\/h2>\n\n\n\n<p><strong>Bitr\u00e4dande<\/strong> <strong>partiombudsman<\/strong><\/p>\n\n\n\n<p><a href=\"mailto:pontus.lundgren@moderaterna.se\">pontus.lundgren@moderaterna.se<\/a><\/p>\n\n\n\n<p>\u2068036-34 25 56<\/p>\n<\/div><figure class=\"wp-block-media-text__media\"><img loading=\"lazy\" decoding=\"async\" width=\"768\" height=\"1024\" src=\"https:\/\/moderaterna.se\/app\/uploads\/sites\/10\/2026\/05\/Ponlu-768x1024.jpg\" alt=\"\" class=\"wp-image-1584 size-full\" style=\"object-position:50% 50%\" srcset=\"https:\/\/moderaterna.se\/app\/uploads\/sites\/10\/2026\/05\/Ponlu-768x1024.jpg 768w, https:\/\/moderaterna.se\/app\/uploads\/sites\/10\/2026\/05\/Ponlu-225x300.jpg 225w, https:\/\/moderaterna.se\/app\/uploads\/sites\/10\/2026\/05\/Ponlu-1152x1536.jpg 1152w, https:\/\/moderaterna.se\/app\/uploads\/sites\/10\/2026\/05\/Ponlu.jpg 1536w\" sizes=\"auto, (max-width: 768px) 100vw, 768px\" \/><\/figure><\/div>\n<\/div><\/div>\n\n\n\n<div class=\"wp-block-media-text is-stacked-on-mobile is-vertically-aligned-top\" style=\"grid-template-columns:40% auto\"><figure class=\"wp-block-media-text__media\"><img loading=\"lazy\" decoding=\"async\" width=\"768\" height=\"1024\" src=\"https:\/\/moderaterna.se\/app\/uploads\/sites\/10\/2026\/05\/P1103072-768x1024.jpg\" alt=\"\" class=\"wp-image-1585 size-full\" srcset=\"https:\/\/moderaterna.se\/app\/uploads\/sites\/10\/2026\/05\/P1103072-768x1024.jpg 768w, https:\/\/moderaterna.se\/app\/uploads\/sites\/10\/2026\/05\/P1103072-225x300.jpg 225w, https:\/\/moderaterna.se\/app\/uploads\/sites\/10\/2026\/05\/P1103072-1152x1536.jpg 1152w, https:\/\/moderaterna.se\/app\/uploads\/sites\/10\/2026\/05\/P1103072.jpg 1536w\" sizes=\"auto, (max-width: 768px) 100vw, 768px\" \/><\/figure><div class=\"wp-block-media-text__content\">\n<h2 class=\"wp-block-heading\" id=\"h-claes-loberg\">Claes Loberg<\/h2>\n\n\n\n<p><strong><strong>Produktionsansvarig servicekansliet<\/strong><\/strong><\/p>\n\n\n\n<p><a href=\"mailto:claes.loberg@moderaterna.se\">claes.loberg@moderaterna.se<\/a><\/p>\n\n\n\n<p>\u2068036-34 25 52<\/p>\n<\/div><\/div>\n\n\n\n<div class=\"wp-block-media-text has-media-on-the-right is-stacked-on-mobile is-vertically-aligned-top is-image-fill-element\" style=\"grid-template-columns:auto 40%\"><div class=\"wp-block-media-text__content\">\n<h2 class=\"wp-block-heading\" id=\"h-ulrika-marklund\">Ulrika Marklund<\/h2>\n\n\n\n<p><strong>Medlemsadministrat\u00f6r<\/strong><\/p>\n\n\n\n<p><a href=\"mailto:ulrika.marklund@moderaterna.se\">ulrika.marklund@moderaterna.se<\/a><\/p>\n\n\n\n<p>\u2068036-34 25 57<\/p>\n<\/div><figure class=\"wp-block-media-text__media\"><img loading=\"lazy\" decoding=\"async\" width=\"788\" height=\"940\" src=\"https:\/\/moderaterna.se\/app\/uploads\/sites\/10\/2026\/05\/SoMe-forbundet-14.jpg\" alt=\"\" class=\"wp-image-1586 size-full\" style=\"object-position:50% 50%\" srcset=\"https:\/\/moderaterna.se\/app\/uploads\/sites\/10\/2026\/05\/SoMe-forbundet-14.jpg 788w, https:\/\/moderaterna.se\/app\/uploads\/sites\/10\/2026\/05\/SoMe-forbundet-14-251x300.jpg 251w, https:\/\/moderaterna.se\/app\/uploads\/sites\/10\/2026\/05\/SoMe-forbundet-14-768x916.jpg 768w\" sizes=\"auto, (max-width: 788px) 100vw, 788px\" \/><\/figure><\/div>\n\n\n\n<p><\/p>\n","protected":false},"excerpt":{"rendered":"<p>V\u00e4lkommen till Moderaterna i J\u00f6nk\u00f6pings l\u00e4ns f\u00f6rbundskansli F\u00f6rbundet har ett kansli som fungerar som ett nav f\u00f6r det organisatoriska arbetet i l\u00e4net. H\u00e4r st\u00f6ttar vi f\u00f6rbundets f\u00f6reningar, kretsar och medlemmar i det l\u00f6pande arbetet, med allt fr\u00e5n medlemsfr\u00e5gor och administration till kampanjst\u00f6d, utbildningar, kommunikation och praktisk samordning. Kansliet har en viktig roll i att skapa [&hellip;]<\/p>\n","protected":false},"author":9,"featured_media":886,"parent":0,"menu_order":4,"comment_status":"closed","ping_status":"closed","template":"","meta":{"_acf_changed":false,"_relevanssi_hide_post":"","_relevanssi_hide_content":"","_relevanssi_pin_for_all":"","_relevanssi_pin_keywords":"","_relevanssi_unpin_keywords":"","_relevanssi_related_keywords":"","_relevanssi_related_include_ids":"","_relevanssi_related_exclude_ids":"","_relevanssi_related_no_append":"","_relevanssi_related_not_related":"","_relevanssi_related_posts":"526","_relevanssi_noindex_reason":"","footnotes":""},"subject":[],"class_list":["post-630","page","type-page","status-publish","has-post-thumbnail","hentry"],"acf":[],"publishpress_future_action":{"enabled":false,"date":"2026-05-21 04:09:07","action":"change-status","newStatus":"draft","terms":[],"taxonomy":"subject"},"_links":{"self":[{"href":"https:\/\/moderaterna.se\/jonkoping\/wp-json\/wp\/v2\/pages\/630","targetHints":{"allow":["GET"]}}],"collection":[{"href":"https:\/\/moderaterna.se\/jonkoping\/wp-json\/wp\/v2\/pages"}],"about":[{"href":"https:\/\/moderaterna.se\/jonkoping\/wp-json\/wp\/v2\/types\/page"}],"author":[{"embeddable":true,"href":"https:\/\/moderaterna.se\/jonkoping\/wp-json\/wp\/v2\/users\/9"}],"replies":[{"embeddable":true,"href":"https:\/\/moderaterna.se\/jonkoping\/wp-json\/wp\/v2\/comments?post=630"}],"version-history":[{"count":11,"href":"https:\/\/moderaterna.se\/jonkoping\/wp-json\/wp\/v2\/pages\/630\/revisions"}],"predecessor-version":[{"id":1590,"href":"https:\/\/moderaterna.se\/jonkoping\/wp-json\/wp\/v2\/pages\/630\/revisions\/1590"}],"wp:featuredmedia":[{"embeddable":true,"href":"https:\/\/moderaterna.se\/jonkoping\/wp-json\/wp\/v2\/media\/886"}],"wp:attachment":[{"href":"https:\/\/moderaterna.se\/jonkoping\/wp-json\/wp\/v2\/media?parent=630"}],"wp:term":[{"taxonomy":"subject","embeddable":true,"href":"https:\/\/moderaterna.se\/jonkoping\/wp-json\/wp\/v2\/subject?post=630"}],"curies":[{"name":"wp","href":"https:\/\/api.w.org\/{rel}","templated":true}]}}