{"id":1535,"date":"2026-04-02T11:16:20","date_gmt":"2026-04-02T09:16:20","guid":{"rendered":"https:\/\/moderaterna.se\/jonkoping\/?page_id=1535"},"modified":"2026-04-02T11:16:21","modified_gmt":"2026-04-02T09:16:21","slug":"transparensmeddelande-dooh","status":"publish","type":"page","link":"https:\/\/moderaterna.se\/jonkoping\/om-oss\/transparensmeddelande-dooh\/","title":{"rendered":"Transparensmeddelande Dooh"},"content":{"rendered":"\n<hr class=\"wp-block-separator has-alpha-channel-opacity\" \/>\n\n\n\n<p>1. Sponsor av Reklamen<\/p>\n\n\n\n<p>Detta \u00e4r den person eller organisation som betalat f\u00f6r denna reklam.<\/p>\n\n\n\n<p>Namn: Moderata Samlingspartiet i J\u00f6nk\u00f6pings l\u00e4n<br>Adress: Huskvarnav\u00e4gen 62<br>554 54 J\u00f6nk\u00f6ping&nbsp;<br>Organisationsnummer:&nbsp;826000-6930<br>Kontakt: Bitr\u00e4dande partiombudsman Pontus Lundgren, <a href=\"mailto:pontus.lundgren@moderaterna.se\">pontus.lundgren@moderaterna.se<\/a><\/p>\n\n\n\n<p>2. Annonsens syfte och koppling<\/p>\n\n\n\n<ul class=\"wp-block-list\">\n<li>Denna reklam \u00e4r en del av&nbsp;<strong>Moderaterna i J\u00f6nk\u00f6pings l\u00e4ns officiella kampanj<\/strong> inf\u00f6r de allm\u00e4nna valen till kommun, region och riksdag i Sverige den&nbsp;<strong>13 september 2026<\/strong>.<\/li>\n\n\n\n<li><strong>Syftet<\/strong>&nbsp;med reklamen \u00e4r att informera om v\u00e5r politik och uppmana v\u00e4ljare att r\u00f6sta p\u00e5 Moderaterna i J\u00f6nk\u00f6pings l\u00e4n.&nbsp;<\/li>\n\n\n\n<li><strong>Officiell information om deltagande i valet<\/strong>&nbsp;tillhandah\u00e5lls av&nbsp;<a href=\"http:\/\/val.se\/\">Valmyndigheten<\/a>.&nbsp;<\/li>\n<\/ul>\n\n\n\n<p>3. Finansiering av reklamen<\/p>\n\n\n\n<ul class=\"wp-block-list\">\n<li>Total budget f\u00f6r hela reklamkampanjen: 100 000 SEK inkl moms.<\/li>\n\n\n\n<li>Metod f\u00f6r ber\u00e4kning av v\u00e4rde: V\u00e4rdet f\u00f6r kampanjen har ber\u00e4knats genom summering av ers\u00e4ttning som utbetalats till tillhandah\u00e5llare av politiska reklamtj\u00e4nster.&nbsp;<\/li>\n\n\n\n<li>K\u00e4lla till medel: Kampanjen finansieras genom offentligt partist\u00f6d.&nbsp;<br><br>*Inga medel fr\u00e5n sponsorer utanf\u00f6r EU har anv\u00e4nts f\u00f6r denna kampanj.*<\/li>\n<\/ul>\n\n\n\n<p>4. Publiceringsperiod<\/p>\n\n\n\n<p>Denna specifika reklamkampanj kommer att p\u00e5g\u00e5 under p\u00e5skhelgen, fr\u00e5n 2 april fram till 6 april.\u00a0<\/p>\n\n\n\n<p>5. Ytterligare information<\/p>\n\n\n\n<p>Mer information om v\u00e5r politik och v\u00e5ra kandidater hittar du p\u00e5 v\u00e5r officiella webbplats: <a href=\"https:\/\/moderaterna.se\/jonkoping\/\">https:\/\/moderaterna.se\/jonkoping\/<\/a><\/p>\n\n\n\n<p>6. Klagom\u00e5lsmekanism<\/p>\n\n\n\n<p>Om du har klagom\u00e5l g\u00e4llande denna politiska reklamkampanj kan du anv\u00e4nda f\u00f6ljande klagom\u00e5lsmekanism:&nbsp;<\/p>\n\n\n\n<ul class=\"wp-block-list\">\n<li>L\u00e4nk till klagom\u00e5lsmekanism: <a href=\"https:\/\/www.bauermediaoutdoor.se\/political-advertising-complaints eller https:\/\/jcdecaux.se\/\">https:\/\/www.bauermediaoutdoor.se\/political-advertising-complaints eller https:\/\/jcdecaux.se\/<\/a><\/li>\n<\/ul>\n","protected":false},"excerpt":{"rendered":"<p>1. Sponsor av Reklamen Detta \u00e4r den person eller organisation som betalat f\u00f6r denna reklam. Namn: Moderata Samlingspartiet i J\u00f6nk\u00f6pings l\u00e4nAdress: Huskvarnav\u00e4gen 62554 54 J\u00f6nk\u00f6ping&nbsp;Organisationsnummer:&nbsp;826000-6930Kontakt: Bitr\u00e4dande partiombudsman Pontus Lundgren, pontus.lundgren@moderaterna.se 2. Annonsens syfte och koppling 3. Finansiering av reklamen 4. Publiceringsperiod Denna specifika reklamkampanj kommer att p\u00e5g\u00e5 under p\u00e5skhelgen, fr\u00e5n 2 april fram till 6 [&hellip;]<\/p>\n","protected":false},"author":106,"featured_media":0,"parent":647,"menu_order":1,"comment_status":"closed","ping_status":"closed","template":"","meta":{"_acf_changed":false,"_relevanssi_hide_post":"","_relevanssi_hide_content":"","_relevanssi_pin_for_all":"","_relevanssi_pin_keywords":"","_relevanssi_unpin_keywords":"","_relevanssi_related_keywords":"","_relevanssi_related_include_ids":"","_relevanssi_related_exclude_ids":"","_relevanssi_related_no_append":"","_relevanssi_related_not_related":"","_relevanssi_related_posts":"","_relevanssi_noindex_reason":"","footnotes":""},"subject":[],"class_list":["post-1535","page","type-page","status-publish","hentry"],"acf":[],"publishpress_future_action":{"enabled":false,"date":"2026-05-08 06:31:00","action":"change-status","newStatus":"draft","terms":[],"taxonomy":"subject"},"_links":{"self":[{"href":"https:\/\/moderaterna.se\/jonkoping\/wp-json\/wp\/v2\/pages\/1535","targetHints":{"allow":["GET"]}}],"collection":[{"href":"https:\/\/moderaterna.se\/jonkoping\/wp-json\/wp\/v2\/pages"}],"about":[{"href":"https:\/\/moderaterna.se\/jonkoping\/wp-json\/wp\/v2\/types\/page"}],"author":[{"embeddable":true,"href":"https:\/\/moderaterna.se\/jonkoping\/wp-json\/wp\/v2\/users\/106"}],"replies":[{"embeddable":true,"href":"https:\/\/moderaterna.se\/jonkoping\/wp-json\/wp\/v2\/comments?post=1535"}],"version-history":[{"count":1,"href":"https:\/\/moderaterna.se\/jonkoping\/wp-json\/wp\/v2\/pages\/1535\/revisions"}],"predecessor-version":[{"id":1536,"href":"https:\/\/moderaterna.se\/jonkoping\/wp-json\/wp\/v2\/pages\/1535\/revisions\/1536"}],"up":[{"embeddable":true,"href":"https:\/\/moderaterna.se\/jonkoping\/wp-json\/wp\/v2\/pages\/647"}],"wp:attachment":[{"href":"https:\/\/moderaterna.se\/jonkoping\/wp-json\/wp\/v2\/media?parent=1535"}],"wp:term":[{"taxonomy":"subject","embeddable":true,"href":"https:\/\/moderaterna.se\/jonkoping\/wp-json\/wp\/v2\/subject?post=1535"}],"curies":[{"name":"wp","href":"https:\/\/api.w.org\/{rel}","templated":true}]}}