{"id":635,"date":"2021-12-08T09:54:05","date_gmt":"2021-12-08T08:54:05","guid":{"rendered":"https:\/\/moderaterna.se\/jamtland\/?page_id=635"},"modified":"2023-06-28T16:48:40","modified_gmt":"2023-06-28T14:48:40","slug":"foreningar","status":"publish","type":"page","link":"https:\/\/moderaterna.se\/jamtland\/foreningar\/","title":{"rendered":"F\u00f6reningar"},"content":{"rendered":"<div id=\"listing-block_61bf11c1b1771\" class=\"listing custom-block custom-block__full theme__background--blue\">\n    <div class=\"listing__content\">\n                    <h2 class=\"listing__content--title theme__color--dark-blue\">Moderata partif\u00f6reningar i J\u00e4mtland<\/h2>\n                            <div class=\"listing__content--description theme__color--dark-blue\"><p>Moderaterna Berg<\/p>\n<p>Moderaterna Br\u00e4cke<\/p>\n<p>Moderaterna H\u00e4rjedalen<\/p>\n<p>Moderaterna Krokom<\/p>\n<p>Moderaterna Ragunda<\/p>\n<p>Moderaterna Str\u00f6msund<\/p>\n<p>Moderaterna \u00c5re<\/p>\n<p>Moderaterna \u00d6stersund<\/p>\n<\/div>\n                <div class=\"listing__content--list\">\n                                <ul class=\"listing__content--list__standard\">\n                                                    <li>\n                                <a class=\"p--purple\" href=\"https:\/\/moderaterna.se\/jamtland\/foreningar\/moderata-seniorer\/\">Moderata Seniorer<\/a>\n                            <\/li>\n                                                    <li>\n                                <a class=\"p--purple\" href=\"https:\/\/moderaterna.se\/jamtland\/foreningar\/moderaterna-i-bergs-kommun\/\">Moderaterna i Bergs kommun<\/a>\n                            <\/li>\n                                                    <li>\n                                <a class=\"p--purple\" href=\"https:\/\/moderaterna.se\/jamtland\/foreningar\/moderaterna-i-bracke-och-ragunda-kommuner\/\">Moderaterna i Br\u00e4cke kommun<\/a>\n                            <\/li>\n                                                    <li>\n                                <a class=\"p--purple\" href=\"https:\/\/moderaterna.se\/jamtland\/foreningar\/moderaterna-i-harjedalens-kommun\/\">Moderaterna i H\u00e4rjedalens kommun<\/a>\n                            <\/li>\n                                                    <li>\n                                <a class=\"p--purple\" href=\"https:\/\/moderaterna.se\/jamtland\/foreningar\/moderaterna-i-krokoms-kommun\/\">Moderaterna i Krokoms kommun<\/a>\n                            <\/li>\n                                                    <li>\n                                <a class=\"p--purple\" href=\"https:\/\/moderaterna.se\/jamtland\/foreningar\/moderaterna-i-ragunda-kommun\/\">Moderaterna i Ragunda kommun<\/a>\n                            <\/li>\n                                                    <li>\n                                <a class=\"p--purple\" href=\"https:\/\/moderaterna.se\/jamtland\/foreningar\/moderaterna-i-stromsunds-kommun\/\">Moderaterna i Str\u00f6msunds kommun<\/a>\n                            <\/li>\n                                                    <li>\n                                <a class=\"p--purple\" href=\"https:\/\/moderaterna.se\/jamtland\/foreningar\/moderaterna-i-are-kommun\/\">Moderaterna i \u00c5re kommun<\/a>\n                            <\/li>\n                                                    <li>\n                                <a class=\"p--purple\" href=\"https:\/\/moderaterna.se\/jamtland\/foreningar\/moderaterna-i-ostersunds-kommun\/\">Moderaterna i \u00d6stersunds kommun<\/a>\n                            <\/li>\n                                                    <li>\n                                <a class=\"p--purple\" href=\"https:\/\/moderaterna.se\/jamtland\/foreningar\/moderatkvinnorna-i-jamtlands-lan\/\">Moderatkvinnorna i J\u00e4mtlands l\u00e4n<\/a>\n                            <\/li>\n                                                    <li>\n                                <a class=\"p--purple\" href=\"https:\/\/moderaterna.se\/jamtland\/foreningar\/oppna-moderater-jamtlands-lan\/\">\u00d6ppna Moderater J\u00e4mtlands l\u00e4n<\/a>\n                            <\/li>\n                                            <\/ul>\n                        <\/div>\n    <\/div>\n<\/div>\n","protected":false},"excerpt":{"rendered":"","protected":false},"author":9,"featured_media":0,"parent":0,"menu_order":0,"comment_status":"closed","ping_status":"closed","template":"","meta":{"_acf_changed":false,"_relevanssi_hide_post":"","_relevanssi_hide_content":"","_relevanssi_pin_for_all":"","_relevanssi_pin_keywords":"","_relevanssi_unpin_keywords":"","_relevanssi_related_keywords":"","_relevanssi_related_include_ids":"","_relevanssi_related_exclude_ids":"","_relevanssi_related_no_append":"","_relevanssi_related_not_related":"","_relevanssi_related_posts":"526","_relevanssi_noindex_reason":"","footnotes":""},"subject":[],"class_list":["post-635","page","type-page","status-publish","hentry"],"acf":[],"publishpress_future_action":{"enabled":false,"date":"2026-04-25 04:12:29","action":"change-status","newStatus":"draft","terms":[],"taxonomy":"subject"},"_links":{"self":[{"href":"https:\/\/moderaterna.se\/jamtland\/wp-json\/wp\/v2\/pages\/635","targetHints":{"allow":["GET"]}}],"collection":[{"href":"https:\/\/moderaterna.se\/jamtland\/wp-json\/wp\/v2\/pages"}],"about":[{"href":"https:\/\/moderaterna.se\/jamtland\/wp-json\/wp\/v2\/types\/page"}],"author":[{"embeddable":true,"href":"https:\/\/moderaterna.se\/jamtland\/wp-json\/wp\/v2\/users\/9"}],"replies":[{"embeddable":true,"href":"https:\/\/moderaterna.se\/jamtland\/wp-json\/wp\/v2\/comments?post=635"}],"version-history":[{"count":13,"href":"https:\/\/moderaterna.se\/jamtland\/wp-json\/wp\/v2\/pages\/635\/revisions"}],"predecessor-version":[{"id":1369,"href":"https:\/\/moderaterna.se\/jamtland\/wp-json\/wp\/v2\/pages\/635\/revisions\/1369"}],"wp:attachment":[{"href":"https:\/\/moderaterna.se\/jamtland\/wp-json\/wp\/v2\/media?parent=635"}],"wp:term":[{"taxonomy":"subject","embeddable":true,"href":"https:\/\/moderaterna.se\/jamtland\/wp-json\/wp\/v2\/subject?post=635"}],"curies":[{"name":"wp","href":"https:\/\/api.w.org\/{rel}","templated":true}]}}