{"id":630,"date":"2021-12-08T09:50:43","date_gmt":"2021-12-08T08:50:43","guid":{"rendered":"https:\/\/moderaterna.se\/jamtland\/?page_id=630"},"modified":"2025-02-25T15:59:03","modified_gmt":"2025-02-25T14:59:03","slug":"forbundskansliet","status":"publish","type":"page","link":"https:\/\/moderaterna.se\/jamtland\/forbundskansliet\/","title":{"rendered":"F\u00f6rbundskansliet"},"content":{"rendered":"\n<p>Moderaterna i J\u00e4mtlands l\u00e4n<br>Postgr\u00e4nd 6<br>831 30 \u00d6stersund<br>jamtland@moderaterna.se<br>063-51 12 19<\/p>\n\n\n\n<p>Partiombudsman i J\u00e4mtlands l\u00e4n,<br>Chefsombudsman Region Norr:<br>Jananders Mattsson<br>070- 563 40 40<br>jananders.mattsson@moderaterna.se<\/p>\n","protected":false},"excerpt":{"rendered":"<p>Moderaterna i J\u00e4mtlands l\u00e4nPostgr\u00e4nd 6831 30 \u00d6stersundjamtland@moderaterna.se063-51 12 19 Partiombudsman i J\u00e4mtlands l\u00e4n,Chefsombudsman Region Norr:Jananders Mattsson070- 563 40 40jananders.mattsson@moderaterna.se<\/p>\n","protected":false},"author":9,"featured_media":0,"parent":0,"menu_order":0,"comment_status":"closed","ping_status":"closed","template":"","meta":{"_acf_changed":false,"_relevanssi_hide_post":"","_relevanssi_hide_content":"","_relevanssi_pin_for_all":"","_relevanssi_pin_keywords":"","_relevanssi_unpin_keywords":"","_relevanssi_related_keywords":"","_relevanssi_related_include_ids":"","_relevanssi_related_exclude_ids":"","_relevanssi_related_no_append":"","_relevanssi_related_not_related":"","_relevanssi_related_posts":"526","_relevanssi_noindex_reason":"","footnotes":""},"subject":[],"class_list":["post-630","page","type-page","status-publish","hentry"],"acf":[],"publishpress_future_action":{"enabled":false,"date":"2026-04-12 19:18:19","action":"change-status","newStatus":"draft","terms":[],"taxonomy":"subject"},"_links":{"self":[{"href":"https:\/\/moderaterna.se\/jamtland\/wp-json\/wp\/v2\/pages\/630","targetHints":{"allow":["GET"]}}],"collection":[{"href":"https:\/\/moderaterna.se\/jamtland\/wp-json\/wp\/v2\/pages"}],"about":[{"href":"https:\/\/moderaterna.se\/jamtland\/wp-json\/wp\/v2\/types\/page"}],"author":[{"embeddable":true,"href":"https:\/\/moderaterna.se\/jamtland\/wp-json\/wp\/v2\/users\/9"}],"replies":[{"embeddable":true,"href":"https:\/\/moderaterna.se\/jamtland\/wp-json\/wp\/v2\/comments?post=630"}],"version-history":[{"count":5,"href":"https:\/\/moderaterna.se\/jamtland\/wp-json\/wp\/v2\/pages\/630\/revisions"}],"predecessor-version":[{"id":1441,"href":"https:\/\/moderaterna.se\/jamtland\/wp-json\/wp\/v2\/pages\/630\/revisions\/1441"}],"wp:attachment":[{"href":"https:\/\/moderaterna.se\/jamtland\/wp-json\/wp\/v2\/media?parent=630"}],"wp:term":[{"taxonomy":"subject","embeddable":true,"href":"https:\/\/moderaterna.se\/jamtland\/wp-json\/wp\/v2\/subject?post=630"}],"curies":[{"name":"wp","href":"https:\/\/api.w.org\/{rel}","templated":true}]}}