{"id":1419,"date":"2024-10-16T17:54:40","date_gmt":"2024-10-16T15:54:40","guid":{"rendered":"https:\/\/moderaterna.se\/jamtland\/?page_id=1419"},"modified":"2024-10-17T14:52:23","modified_gmt":"2024-10-17T12:52:23","slug":"politikerskolan-2024-25","status":"publish","type":"page","link":"https:\/\/moderaterna.se\/jamtland\/politikerskolan-2024-25\/","title":{"rendered":"Politikerskolan 2024-25"},"content":{"rendered":"<p><strong>Var med och forma framtidens samh\u00e4lle \u2013 Du beh\u00f6vs!<br \/>\n<\/strong>\u00c4r du intresserad av samh\u00e4llsfr\u00e5gor och vill veta hur du kan g\u00f6ra skillnad? D\u00e5 \u00e4r det h\u00e4r tillf\u00e4llet f\u00f6r dig! Om du \u00e4r nyfiken p\u00e5 Moderaterna,\u00a0politik och kanske har funderat p\u00e5 att engagera dig i ett parti men inte riktigt vet hur, \u00e4r det h\u00e4r en bra b\u00f6rjan.<\/p>\n<p><strong>Politik \u00e4r till f\u00f6r alla \u2013 \u00e4ven f\u00f6r dig!<\/strong><br \/>\nVi letar efter dig som vill f\u00f6rst\u00e5 mer om hur politiken fungerar och som g\u00e4rna diskuterar samh\u00e4llsfr\u00e5gor med v\u00e4nner, men kanske inte k\u00e4nner sig helt hemma i en politisk milj\u00f6 \u00e4n. Du beh\u00f6ver inte ha erfarenhet \u2013 din nyfikenhet och vilja att p\u00e5verka r\u00e4cker l\u00e5ngt.<\/p>\n<p><strong>F\u00e5 en grund i politik och m\u00f6t likasinnade.<\/strong><br \/>\nVi erbjuder en utbildning d\u00e4r du under fem tillf\u00e4llen l\u00e4r dig mer om Moderaternas v\u00e4rderingar och politik. Du f\u00e5r ocks\u00e5 tr\u00e4ffa moderata politiker som delar med sig av sina erfarenheter och ber\u00e4ttar om\u00a0hur politiska beslut tas i kommun och region.<\/p>\n<p><strong>Inga krav, bara m\u00f6jligheter.<\/strong><br \/>\nVi st\u00e4ller inga krav p\u00e5 dig att engagera dig efter utbildningen, utan\u00a0du best\u00e4mmer sj\u00e4lv vad du vill g\u00f6ra med din nya kunskap. Kanske blir det b\u00f6rjan p\u00e5 ett l\u00e4ngre politiskt engagemang, eller s\u00e5 tar du med dig erfarenheten p\u00e5 andra s\u00e4tt.<\/p>\n<p><strong>\u00a0<\/strong><strong>\u00c4r du redo att ta f\u00f6rsta steget?<br \/>\n<\/strong>Skicka in en intresseanm\u00e4lan <strong>senast den 31 oktober<\/strong> om\u00a0du tycker att\u00a0det h\u00e4r l\u00e5ter sp\u00e4nnande.\u00a0Skriv g\u00e4rna lite om dig sj\u00e4lv och varf\u00f6r du \u00e4r intresserad av politikerskolan. Politikerskolan kommer i huvudsak ges digitalt och antalet platser \u00e4r begr\u00e4nsat.<\/p>\n<p>Vi ser fram emot att h\u00f6ra fr\u00e5n dig!<\/p>\n<p><strong>Moderaterna i J\u00e4mtlands l\u00e4n<br \/>\n<\/strong>L\u00e4mna din intresseanm\u00e4lan via e-post:\u00a0<a href=\"mailto:jananders.mattsson@moderaterna.se\"><strong>jananders.mattsson@moderaterna.se<\/strong><\/a><\/p>\n<p>Vill Du veta mer, ring 070-563 40 40 \u2013 Partiombudsman Jananders Mattsson<\/p>\n","protected":false},"excerpt":{"rendered":"<p>Var med och forma framtidens samh\u00e4lle \u2013 Du beh\u00f6vs! \u00c4r du intresserad av samh\u00e4llsfr\u00e5gor och vill veta hur du kan g\u00f6ra skillnad? D\u00e5 \u00e4r det h\u00e4r tillf\u00e4llet f\u00f6r dig! Om du \u00e4r nyfiken p\u00e5 Moderaterna,\u00a0politik och kanske har funderat p\u00e5 att engagera dig i ett parti men inte riktigt vet hur, \u00e4r det h\u00e4r en [&hellip;]<\/p>\n","protected":false},"author":23,"featured_media":0,"parent":0,"menu_order":0,"comment_status":"closed","ping_status":"closed","template":"","meta":{"_acf_changed":false,"_relevanssi_hide_post":"","_relevanssi_hide_content":"","_relevanssi_pin_for_all":"","_relevanssi_pin_keywords":"","_relevanssi_unpin_keywords":"","_relevanssi_related_keywords":"","_relevanssi_related_include_ids":"","_relevanssi_related_exclude_ids":"","_relevanssi_related_no_append":"","_relevanssi_related_not_related":"","_relevanssi_related_posts":"","_relevanssi_noindex_reason":"","footnotes":""},"subject":[],"class_list":["post-1419","page","type-page","status-publish","hentry"],"acf":[],"publishpress_future_action":{"enabled":false,"date":"2026-04-22 07:35:52","action":"change-status","newStatus":"draft","terms":[],"taxonomy":"subject"},"_links":{"self":[{"href":"https:\/\/moderaterna.se\/jamtland\/wp-json\/wp\/v2\/pages\/1419","targetHints":{"allow":["GET"]}}],"collection":[{"href":"https:\/\/moderaterna.se\/jamtland\/wp-json\/wp\/v2\/pages"}],"about":[{"href":"https:\/\/moderaterna.se\/jamtland\/wp-json\/wp\/v2\/types\/page"}],"author":[{"embeddable":true,"href":"https:\/\/moderaterna.se\/jamtland\/wp-json\/wp\/v2\/users\/23"}],"replies":[{"embeddable":true,"href":"https:\/\/moderaterna.se\/jamtland\/wp-json\/wp\/v2\/comments?post=1419"}],"version-history":[{"count":2,"href":"https:\/\/moderaterna.se\/jamtland\/wp-json\/wp\/v2\/pages\/1419\/revisions"}],"predecessor-version":[{"id":1423,"href":"https:\/\/moderaterna.se\/jamtland\/wp-json\/wp\/v2\/pages\/1419\/revisions\/1423"}],"wp:attachment":[{"href":"https:\/\/moderaterna.se\/jamtland\/wp-json\/wp\/v2\/media?parent=1419"}],"wp:term":[{"taxonomy":"subject","embeddable":true,"href":"https:\/\/moderaterna.se\/jamtland\/wp-json\/wp\/v2\/subject?post=1419"}],"curies":[{"name":"wp","href":"https:\/\/api.w.org\/{rel}","templated":true}]}}