{"id":632,"date":"2021-12-08T09:52:53","date_gmt":"2021-12-08T08:52:53","guid":{"rendered":"https:\/\/moderaterna.se\/halland\/?page_id=632"},"modified":"2025-04-08T20:22:23","modified_gmt":"2025-04-08T18:22:23","slug":"forbundsstyrelsen","status":"publish","type":"page","link":"https:\/\/moderaterna.se\/halland\/forbundsstyrelsen\/","title":{"rendered":"F\u00f6rbundsstyrelsen"},"content":{"rendered":"\n<h2 class=\"wp-block-heading\"><strong>Ordf\u00f6rande<\/strong> <\/h2>\n\n\n\n<p>Helena Storckenfeldt, S\u00e4r\u00f6<\/p>\n\n\n\n<h2 class=\"wp-block-heading\"><strong>1:e vice ordf\u00f6rande<\/strong> <\/h2>\n\n\n\n<p>Dan T\u00f6rnenger, Halmstad<\/p>\n\n\n\n<h2 class=\"wp-block-heading\"><strong>2:e vice ordf\u00f6rande<\/strong> <\/h2>\n\n\n\n<p>Johan Idmark, Falkenberg<\/p>\n\n\n\n<div style=\"height:36px\" aria-hidden=\"true\" class=\"wp-block-spacer\"><\/div>\n\n\n\n<h2 class=\"wp-block-heading\" id=\"h-ledamoter\"><strong>Ledam\u00f6ter:<\/strong><\/h2>\n\n\n\n<p>Elisabet Babic, Laholm<br>David Sandr\u00e9n, Varberg<br>Adam Havasi, Varberg <br>Axel Storckenfeldt, S\u00e4r\u00f6<br>Lisa Andersson, Onsala<br>Berit Bergstr\u00f6m, \u00c5sa<br>Charlotta Jonson, Falkenberg (Moderatkvinnorna)<br>Sara Fladje (MUF)<br><\/p>\n\n\n\n<h2 class=\"wp-block-heading\" id=\"h-adjungerade-amp-ersattare\">Adjungerade &amp; ers\u00e4ttare<\/h2>\n\n\n\n<p><br>Dylan Andersson, adjungerad (\u00d6ppna Moderater)<br>Sven Henriksson, adjungerad (Moderata Seniorer)<br>Christian Johansson, adjungerad (partiombudsman)<br>Lars P\u00fcss, adjungerad (riksdagsledamot)<br>Mikaela Waltersson, adjungerad (regionstyrelsens ordf\u00f6rande)<br>J\u00f6rgen Warborn, adjungerad (Europaparlamentariker)<\/p>\n","protected":false},"excerpt":{"rendered":"<p>Ordf\u00f6rande Helena Storckenfeldt, S\u00e4r\u00f6 1:e vice ordf\u00f6rande Dan T\u00f6rnenger, Halmstad 2:e vice ordf\u00f6rande Johan Idmark, Falkenberg Ledam\u00f6ter: Elisabet Babic, LaholmDavid Sandr\u00e9n, VarbergAdam Havasi, Varberg Axel Storckenfeldt, S\u00e4r\u00f6Lisa Andersson, OnsalaBerit Bergstr\u00f6m, \u00c5saCharlotta Jonson, Falkenberg (Moderatkvinnorna)Sara Fladje (MUF) Adjungerade &amp; ers\u00e4ttare Dylan Andersson, adjungerad (\u00d6ppna Moderater)Sven Henriksson, adjungerad (Moderata Seniorer)Christian Johansson, adjungerad (partiombudsman)Lars P\u00fcss, adjungerad (riksdagsledamot)Mikaela Waltersson, [&hellip;]<\/p>\n","protected":false},"author":9,"featured_media":0,"parent":0,"menu_order":0,"comment_status":"closed","ping_status":"closed","template":"","meta":{"_acf_changed":false,"_relevanssi_hide_post":"","_relevanssi_hide_content":"","_relevanssi_pin_for_all":"","_relevanssi_pin_keywords":"","_relevanssi_unpin_keywords":"","_relevanssi_related_keywords":"","_relevanssi_related_include_ids":"","_relevanssi_related_exclude_ids":"","_relevanssi_related_no_append":"","_relevanssi_related_not_related":"","_relevanssi_related_posts":"526","_relevanssi_noindex_reason":"","footnotes":""},"subject":[],"class_list":["post-632","page","type-page","status-publish","hentry"],"acf":[],"publishpress_future_action":{"enabled":false,"date":"2026-04-16 06:51:32","action":"change-status","newStatus":"draft","terms":[],"taxonomy":"subject"},"_links":{"self":[{"href":"https:\/\/moderaterna.se\/halland\/wp-json\/wp\/v2\/pages\/632","targetHints":{"allow":["GET"]}}],"collection":[{"href":"https:\/\/moderaterna.se\/halland\/wp-json\/wp\/v2\/pages"}],"about":[{"href":"https:\/\/moderaterna.se\/halland\/wp-json\/wp\/v2\/types\/page"}],"author":[{"embeddable":true,"href":"https:\/\/moderaterna.se\/halland\/wp-json\/wp\/v2\/users\/9"}],"replies":[{"embeddable":true,"href":"https:\/\/moderaterna.se\/halland\/wp-json\/wp\/v2\/comments?post=632"}],"version-history":[{"count":16,"href":"https:\/\/moderaterna.se\/halland\/wp-json\/wp\/v2\/pages\/632\/revisions"}],"predecessor-version":[{"id":1413,"href":"https:\/\/moderaterna.se\/halland\/wp-json\/wp\/v2\/pages\/632\/revisions\/1413"}],"wp:attachment":[{"href":"https:\/\/moderaterna.se\/halland\/wp-json\/wp\/v2\/media?parent=632"}],"wp:term":[{"taxonomy":"subject","embeddable":true,"href":"https:\/\/moderaterna.se\/halland\/wp-json\/wp\/v2\/subject?post=632"}],"curies":[{"name":"wp","href":"https:\/\/api.w.org\/{rel}","templated":true}]}}