{"id":630,"date":"2021-12-08T09:50:43","date_gmt":"2021-12-08T08:50:43","guid":{"rendered":"https:\/\/moderaterna.se\/halland\/?page_id=630"},"modified":"2025-02-28T21:24:59","modified_gmt":"2025-02-28T20:24:59","slug":"forbundskansliet","status":"publish","type":"page","link":"https:\/\/moderaterna.se\/halland\/forbundskansliet\/","title":{"rendered":"F\u00f6rbundskontoret"},"content":{"rendered":"\n<p>Vi har v\u00e5rt f\u00f6rbundskontor i Falkenberg.<\/p>\n\n\n\n<p>Adress:<br>Moderaterna i Halland<br>R\u00f6rbecksgatan 21<br>311 34 Falkenberg<\/p>\n\n\n\n<p>Telefon: 0346-800 40<br>E-post: <a href=\"mailto:halland@moderaterna.se\">halland@moderaterna.se<\/a><\/p>\n","protected":false},"excerpt":{"rendered":"<p>Vi har v\u00e5rt f\u00f6rbundskontor i Falkenberg. Adress:Moderaterna i HallandR\u00f6rbecksgatan 21311 34 Falkenberg Telefon: 0346-800 40E-post: halland@moderaterna.se<\/p>\n","protected":false},"author":9,"featured_media":0,"parent":0,"menu_order":0,"comment_status":"closed","ping_status":"closed","template":"","meta":{"_acf_changed":false,"_relevanssi_hide_post":"","_relevanssi_hide_content":"","_relevanssi_pin_for_all":"","_relevanssi_pin_keywords":"","_relevanssi_unpin_keywords":"","_relevanssi_related_keywords":"","_relevanssi_related_include_ids":"","_relevanssi_related_exclude_ids":"","_relevanssi_related_no_append":"","_relevanssi_related_not_related":"","_relevanssi_related_posts":"526","_relevanssi_noindex_reason":"","footnotes":""},"subject":[],"class_list":["post-630","page","type-page","status-publish","hentry"],"acf":[],"publishpress_future_action":{"enabled":false,"date":"2026-04-24 08:24:21","action":"change-status","newStatus":"draft","terms":[],"taxonomy":"subject"},"_links":{"self":[{"href":"https:\/\/moderaterna.se\/halland\/wp-json\/wp\/v2\/pages\/630","targetHints":{"allow":["GET"]}}],"collection":[{"href":"https:\/\/moderaterna.se\/halland\/wp-json\/wp\/v2\/pages"}],"about":[{"href":"https:\/\/moderaterna.se\/halland\/wp-json\/wp\/v2\/types\/page"}],"author":[{"embeddable":true,"href":"https:\/\/moderaterna.se\/halland\/wp-json\/wp\/v2\/users\/9"}],"replies":[{"embeddable":true,"href":"https:\/\/moderaterna.se\/halland\/wp-json\/wp\/v2\/comments?post=630"}],"version-history":[{"count":8,"href":"https:\/\/moderaterna.se\/halland\/wp-json\/wp\/v2\/pages\/630\/revisions"}],"predecessor-version":[{"id":1406,"href":"https:\/\/moderaterna.se\/halland\/wp-json\/wp\/v2\/pages\/630\/revisions\/1406"}],"wp:attachment":[{"href":"https:\/\/moderaterna.se\/halland\/wp-json\/wp\/v2\/media?parent=630"}],"wp:term":[{"taxonomy":"subject","embeddable":true,"href":"https:\/\/moderaterna.se\/halland\/wp-json\/wp\/v2\/subject?post=630"}],"curies":[{"name":"wp","href":"https:\/\/api.w.org\/{rel}","templated":true}]}}