{"id":82,"date":"2021-10-13T14:29:52","date_gmt":"2021-10-13T12:29:52","guid":{"rendered":"https:\/\/moderaterna.se\/?page_id=82"},"modified":"2024-10-28T11:33:43","modified_gmt":"2024-10-28T10:33:43","slug":"moderaterna-nu-far-vi-ordning-pa-sverige","status":"publish","type":"page","link":"https:\/\/moderaterna.se\/gotland\/","title":{"rendered":"Moderaterna Gotland"},"content":{"rendered":"<div id=\"current-block_acf_block_65d45dcaf0f96\" class=\"current custom-block custom-block__full\">\n    <div class=\"current__content\">\n        <div class=\"current__content--heading\">\n                    <\/div>\n        <div class=\"current__content--recent\">\n                            <div class=\"current__content--recent__single\">\n                    \n<div class=\"article-puff\">\n            <a href=\"https:\/\/moderaterna.se\/gotland\/nyhet\/den-osynliga-kraften-och-ratten-till-ett-eget-liv\/\">\n            <div class=\"article-puff__background theme__background--dark-blue\">\n                <img loading=\"lazy\" decoding=\"async\" width=\"600\" height=\"400\" src=\"https:\/\/moderaterna.se\/app\/uploads\/sites\/7\/2026\/03\/lina-runander-hemsida-4-scaled-e1773054371599-600x400.jpg\" class=\"article-puff__image\" alt=\"Lina Runander. Den osynliga kraften och r\u00e4tten till ett eget liv\" \/>            <\/div>\n        <\/a>\n                    <div class=\"article-puff__info article-info\">\n                <p>9 mars, 2026<\/p>\n                                <button class=\"subjects-expand\" title=\"Visa alla hj\u00e4rtefr\u00e5gor\">\n                    <span class=\"show-for-sr\">Visa alla hj\u00e4rtefr\u00e5gor<\/span>\n                    <span class=\"dot\"><\/span>\n                    <span class=\"dot\"><\/span>\n                    <span class=\"dot\"><\/span>\n                <\/button>\n            <\/div>\n                <h3 class=\"h4--dark-grey article-puff__heading\">\n        <a href=\"https:\/\/moderaterna.se\/gotland\/nyhet\/den-osynliga-kraften-och-ratten-till-ett-eget-liv\/\" class=\"a--dark-grey\">Den osynliga kraften och r\u00e4tten till ett eget liv<\/a>\n    <\/h3>\n<\/div>                <\/div>\n                            <div class=\"current__content--recent__single\">\n                    \n<div class=\"article-puff\">\n            <a href=\"https:\/\/moderaterna.se\/gotland\/nyhet\/nu-satter-vi-ned-foten-i-biljettprisfragan\/\">\n            <div class=\"article-puff__background theme__background--dark-blue\">\n                <img loading=\"lazy\" decoding=\"async\" width=\"600\" height=\"400\" src=\"https:\/\/moderaterna.se\/app\/uploads\/sites\/7\/2026\/03\/forjepriser-hemsidan-600x400.png\" class=\"article-puff__image\" alt=\"Nu s\u00e4tter vi ned foten i biljettprisfr\u00e5gan. Jesper skalberg karlsson, Rolf \u00d6str\u00f6m\" \/>            <\/div>\n        <\/a>\n                    <div class=\"article-puff__info article-info\">\n                <p>28 februari, 2026<\/p>\n                                <button class=\"subjects-expand\" title=\"Visa alla hj\u00e4rtefr\u00e5gor\">\n                    <span class=\"show-for-sr\">Visa alla hj\u00e4rtefr\u00e5gor<\/span>\n                    <span class=\"dot\"><\/span>\n                    <span class=\"dot\"><\/span>\n                    <span class=\"dot\"><\/span>\n                <\/button>\n            <\/div>\n                <h3 class=\"h4--dark-grey article-puff__heading\">\n        <a href=\"https:\/\/moderaterna.se\/gotland\/nyhet\/nu-satter-vi-ned-foten-i-biljettprisfragan\/\" class=\"a--dark-grey\">Nu s\u00e4tter vi ned foten i biljettprisfr\u00e5gan<\/a>\n    <\/h3>\n<\/div>                <\/div>\n                    <\/div>\n    <\/div>\n<\/div>\n\n\n\n<hr class=\"wp-block-separator has-css-opacity\" \/>\n\n\n\n<div class=\"wp-block-cover aligncenter is-light\"><span aria-hidden=\"true\" class=\"wp-block-cover__background has-background-dim\"><\/span><img decoding=\"async\" class=\"wp-block-cover__image-background wp-image-1137\" alt=\"\" src=\"https:\/\/moderaterna.se\/app\/uploads\/sites\/7\/2022\/02\/65661902_2215849245198398_9146756297104818176_n.jpg\" data-object-fit=\"cover\" \/><div class=\"wp-block-cover__inner-container is-layout-flow wp-block-cover-is-layout-flow\">\n<p class=\"has-text-align-center has-large-font-size\"><strong><a href=\"https:\/\/moderaterna.se\/gotland\/nyhet\/valprogram-2022\/\" target=\"_blank\" rel=\"noreferrer noopener\"><span style=\"color:#f5f8f9\" class=\"has-inline-color\">Moderaternas lokala valprogram 2022<\/span><\/a><\/strong><\/p>\n<\/div><\/div>\n\n\n\n<hr class=\"wp-block-separator has-css-opacity\" \/>\n\n\n\n<h1 class=\"wp-block-heading has-text-align-center\" id=\"h-\"><\/h1>\n\n\n<div id=\"donation-membership-block_acf_block_65d45dcaf0ffd\" class=\"donation-membership custom-block\">\n    <div class=\"donation-membership__content\">\n                    <div class=\"donation-membership__content--puffs swiper\">\n                <div class=\"donation-membership__content--puffs__wrapper swiper-wrapper\">\n                                            <div class=\"donation-membership__content--puffs__single swiper-slide highlighted theme__color--blue\">\n                            <p class=\"donation-membership__content--puffs__single--category\">Ta steget<\/p>\n                            <div class=\"donation-membership__content--puffs__single--line\"><\/div>\n                            <h3 class=\"donation-membership__content--puffs__single--title h4--blue\">\n                                Bli medlem i Moderaterna                            <\/h3>\n                            <p class=\"donation-membership__content--puffs__single--amount h3--blue\">\n                                100 kr                            <\/p>\n                            <ul>\n                                                                    <li>\n                                    <p>F\u00e5 ordning p\u00e5 Sverige<\/p> \n                                    <\/li>\n                                                                    <li>\n                                    <p>Forts\u00e4tt utveckla Gotland<\/p> \n                                    <\/li>\n                                                                    <li>\n                                    <p>Bek\u00e4mpa inflationen<\/p> \n                                    <\/li>\n                                                                    <li>\n                                    <p>St\u00e4rk tryggheten<\/p> \n                                    <\/li>\n                                                            <\/ul>\n                            <a class=\"membership-link  link-button highlighted link-button__blue link-button__blue--pink\"\n                                href=\"https:\/\/moderaterna.membersite.se\/Membership\/BuyMembership\"\n                                data-category=\"Ta steget\">\n                                <svg xmlns=\"http:\/\/www.w3.org\/2000\/svg\" data-name=\"Icon ionic-ios-arrow-round-forward\" width=\"17.168\" height=\"11.45\" viewBox=\"0 0 17.168 11.45\" aria-hidden=\"true\"><path data-name=\"Icon ionic-ios-arrow-round-forward\" d=\"M10.948.219a.779.779 0 0 0-.006 1.1l3.626 3.629H.769a.775.775 0 0 0 0 1.55h13.793l-3.626 3.632a.785.785 0 0 0 .006 1.1.772.772 0 0 0 1.091-.006l4.914-4.949a.871.871 0 0 0 .161-.244.74.74 0 0 0 .06-.3.777.777 0 0 0-.221-.543L12.033.239a.76.76 0 0 0-1.085-.02z\" fill=\"#213a8f\"\/><\/svg>                                Bli medlem                            <\/a>\n                        <\/div>\n                                    <\/div>\n                <div class=\"swiper-pagination\"><\/div>\n            <\/div>\n            <\/div>\n<\/div>\n\n","protected":false},"excerpt":{"rendered":"","protected":false},"author":9,"featured_media":0,"parent":0,"menu_order":0,"comment_status":"closed","ping_status":"closed","template":"page-templates\/landing-page.php","meta":{"_acf_changed":false,"_relevanssi_hide_post":"","_relevanssi_hide_content":"","_relevanssi_pin_for_all":"","_relevanssi_pin_keywords":"","_relevanssi_unpin_keywords":"","_relevanssi_related_keywords":"","_relevanssi_related_include_ids":"","_relevanssi_related_exclude_ids":"","_relevanssi_related_no_append":"","_relevanssi_related_not_related":"","_relevanssi_related_posts":"526","_relevanssi_noindex_reason":"","footnotes":""},"subject":[],"class_list":["post-82","page","type-page","status-publish","hentry"],"acf":[],"publishpress_future_action":{"enabled":false,"date":"2026-04-11 05:51:42","action":"change-status","newStatus":"draft","terms":[],"taxonomy":"subject"},"_links":{"self":[{"href":"https:\/\/moderaterna.se\/gotland\/wp-json\/wp\/v2\/pages\/82","targetHints":{"allow":["GET"]}}],"collection":[{"href":"https:\/\/moderaterna.se\/gotland\/wp-json\/wp\/v2\/pages"}],"about":[{"href":"https:\/\/moderaterna.se\/gotland\/wp-json\/wp\/v2\/types\/page"}],"author":[{"embeddable":true,"href":"https:\/\/moderaterna.se\/gotland\/wp-json\/wp\/v2\/users\/9"}],"replies":[{"embeddable":true,"href":"https:\/\/moderaterna.se\/gotland\/wp-json\/wp\/v2\/comments?post=82"}],"version-history":[{"count":71,"href":"https:\/\/moderaterna.se\/gotland\/wp-json\/wp\/v2\/pages\/82\/revisions"}],"predecessor-version":[{"id":2535,"href":"https:\/\/moderaterna.se\/gotland\/wp-json\/wp\/v2\/pages\/82\/revisions\/2535"}],"wp:attachment":[{"href":"https:\/\/moderaterna.se\/gotland\/wp-json\/wp\/v2\/media?parent=82"}],"wp:term":[{"taxonomy":"subject","embeddable":true,"href":"https:\/\/moderaterna.se\/gotland\/wp-json\/wp\/v2\/subject?post=82"}],"curies":[{"name":"wp","href":"https:\/\/api.w.org\/{rel}","templated":true}]}}