{"id":39,"date":"2021-10-13T13:03:39","date_gmt":"2021-10-13T11:03:39","guid":{"rendered":"https:\/\/moderaterna.se\/?page_id=39"},"modified":"2025-01-22T14:21:20","modified_gmt":"2025-01-22T13:21:20","slug":"var-politik","status":"publish","type":"page","link":"https:\/\/moderaterna.se\/gotland\/var-politik\/","title":{"rendered":"V\u00e5r politik"},"content":{"rendered":"\n<hr class=\"wp-block-separator has-css-opacity\"\/>\n\n\n\n<div class=\"wp-block-columns is-layout-flex wp-container-core-columns-is-layout-9d6595d7 wp-block-columns-is-layout-flex\">\n<div class=\"wp-block-column is-layout-flow wp-block-column-is-layout-flow\">\n<figure class=\"wp-block-image size-large\"><a href=\"https:\/\/moderaterna.se\/europaparlamentariker-jessica-polfjard-soker-politisk-radgivare\/\"><img loading=\"lazy\" decoding=\"async\" width=\"1080\" height=\"1080\" src=\"https:\/\/moderaterna.se\/app\/uploads\/sites\/7\/2025\/01\/Namnlos-design-9-1-edited.jpg\" alt=\"\" class=\"wp-image-2545\" srcset=\"https:\/\/moderaterna.se\/app\/uploads\/sites\/7\/2025\/01\/Namnlos-design-9-1-edited.jpg 1080w, https:\/\/moderaterna.se\/app\/uploads\/sites\/7\/2025\/01\/Namnlos-design-9-1-edited-300x300.jpg 300w, https:\/\/moderaterna.se\/app\/uploads\/sites\/7\/2025\/01\/Namnlos-design-9-1-edited-1024x1024.jpg 1024w, https:\/\/moderaterna.se\/app\/uploads\/sites\/7\/2025\/01\/Namnlos-design-9-1-edited-150x150.jpg 150w, https:\/\/moderaterna.se\/app\/uploads\/sites\/7\/2025\/01\/Namnlos-design-9-1-edited-768x768.jpg 768w\" sizes=\"auto, (max-width: 1080px) 100vw, 1080px\" \/><\/a><\/figure>\n\n\n\n<h2 class=\"wp-block-heading has-text-align-center\" id=\"h-ostersjon\"><a href=\"https:\/\/moderaterna.se\/europaparlamentariker-jessica-polfjard-soker-politisk-radgivare\/\">\u00d6stersj\u00f6n<\/a><\/h2>\n<\/div>\n\n\n\n<div class=\"wp-block-column is-layout-flow wp-block-column-is-layout-flow\"><\/div>\n\n\n\n<div class=\"wp-block-column is-layout-flow wp-block-column-is-layout-flow\"><\/div>\n<\/div>\n\n\n\n<div class=\"wp-block-cover aligncenter is-light\"><span aria-hidden=\"true\" class=\"wp-block-cover__background has-background-dim\"><\/span><img loading=\"lazy\" decoding=\"async\" width=\"1024\" height=\"768\" class=\"wp-block-cover__image-background wp-image-1637\" alt=\"\" src=\"https:\/\/moderaterna.se\/app\/uploads\/sites\/7\/2022\/07\/825FD521-70CD-4D94-8CD9-74139E4FF1C6-1024x768.jpg\" data-object-fit=\"cover\" srcset=\"https:\/\/moderaterna.se\/app\/uploads\/sites\/7\/2022\/07\/825FD521-70CD-4D94-8CD9-74139E4FF1C6-1024x768.jpg 1024w, https:\/\/moderaterna.se\/app\/uploads\/sites\/7\/2022\/07\/825FD521-70CD-4D94-8CD9-74139E4FF1C6-300x225.jpg 300w, https:\/\/moderaterna.se\/app\/uploads\/sites\/7\/2022\/07\/825FD521-70CD-4D94-8CD9-74139E4FF1C6-768x576.jpg 768w, https:\/\/moderaterna.se\/app\/uploads\/sites\/7\/2022\/07\/825FD521-70CD-4D94-8CD9-74139E4FF1C6-1536x1152.jpg 1536w, https:\/\/moderaterna.se\/app\/uploads\/sites\/7\/2022\/07\/825FD521-70CD-4D94-8CD9-74139E4FF1C6-2048x1536.jpg 2048w\" sizes=\"auto, (max-width: 1024px) 100vw, 1024px\" \/><div class=\"wp-block-cover__inner-container is-layout-flow wp-block-cover-is-layout-flow\">\n<p class=\"has-text-align-center has-large-font-size\"><strong><a href=\"https:\/\/moderaterna.se\/gotland\/nyhet\/valprogram-2022\/\" target=\"_blank\" rel=\"noreferrer noopener\"><span style=\"color:#e9edf1\" class=\"has-inline-color\">L\u00e4s v\u00e5rt valprogram h\u00e4r.<\/span><\/a><\/strong><\/p>\n<\/div><\/div>\n\n\n\n<hr class=\"wp-block-separator has-css-opacity\"\/>\n\n\n\n<div class=\"wp-block-cover aligncenter is-light\"><span aria-hidden=\"true\" class=\"wp-block-cover__background has-background-dim\"><\/span><img loading=\"lazy\" decoding=\"async\" width=\"1024\" height=\"576\" class=\"wp-block-cover__image-background wp-image-924\" alt=\"\" src=\"https:\/\/moderaterna.se\/app\/uploads\/sites\/7\/2022\/01\/HERO_1920x1080px_arbetare-1024x576.jpg\" data-object-fit=\"cover\" srcset=\"https:\/\/moderaterna.se\/app\/uploads\/sites\/7\/2022\/01\/HERO_1920x1080px_arbetare-1024x576.jpg 1024w, https:\/\/moderaterna.se\/app\/uploads\/sites\/7\/2022\/01\/HERO_1920x1080px_arbetare-300x169.jpg 300w, https:\/\/moderaterna.se\/app\/uploads\/sites\/7\/2022\/01\/HERO_1920x1080px_arbetare-768x432.jpg 768w, https:\/\/moderaterna.se\/app\/uploads\/sites\/7\/2022\/01\/HERO_1920x1080px_arbetare-1536x864.jpg 1536w, https:\/\/moderaterna.se\/app\/uploads\/sites\/7\/2022\/01\/HERO_1920x1080px_arbetare.jpg 1920w\" sizes=\"auto, (max-width: 1024px) 100vw, 1024px\" \/><div class=\"wp-block-cover__inner-container is-layout-flow wp-block-cover-is-layout-flow\">\n<p class=\"has-text-align-center has-large-font-size\"><strong><a href=\"https:\/\/moderaterna.se\/gotland\/nyhet\/gotlandsgarantin\/\" target=\"_blank\" rel=\"noreferrer noopener\"><span style=\"color:#f4f6f7\" class=\"has-inline-color\">L\u00e4s mer om Gotlandsgarantin.<\/span><\/a><\/strong><\/p>\n<\/div><\/div>\n\n\n\n<hr class=\"wp-block-separator has-css-opacity\"\/>\n\n\n\n<div class=\"wp-block-cover aligncenter is-light\"><span aria-hidden=\"true\" class=\"wp-block-cover__background has-background-dim\"><\/span><img decoding=\"async\" class=\"wp-block-cover__image-background wp-image-1137\" alt=\"\" src=\"https:\/\/moderaterna.se\/app\/uploads\/sites\/7\/2022\/02\/65661902_2215849245198398_9146756297104818176_n.jpg\" data-object-fit=\"cover\"\/><div class=\"wp-block-cover__inner-container is-layout-flow wp-block-cover-is-layout-flow\">\n<p class=\"has-text-align-center has-large-font-size\"><strong><a href=\"https:\/\/moderaterna.se\/gotland\/vara-politiker\/\"><span style=\"color:#eef1f3\" class=\"has-inline-color\">L\u00e4s mer om v\u00e5ra kandidater.<\/span><\/a><\/strong><\/p>\n<\/div><\/div>\n\n\n\n<hr class=\"wp-block-separator has-css-opacity\"\/>\n\n\n\n<h2 class=\"wp-block-heading\" id=\"h-vad-tycker-moderaterna-i-dina-hjartefragor\"><strong>Vad tycker Moderaterna i dina hj\u00e4rtefr\u00e5gor?<\/strong><\/h2>\n\n\n<div id=\"search-subjects-block_acf_block_6790f0cf9bbdc\" class=\"search-subjects custom-block\">\n    <div class=\"search-subjects__content\">\n        <div class=\"search-subjects__content--search\">\n            <form @submit.prevent=\"avoidRefresh\" role=\"search\" class=\"search-subjects__content--search__form\">\n                <label class=\"show-for-sr\" for=\"search-subjects-block_acf_block_6790f0cf9bbdc__search\">S\u00f6k hj\u00e4rtefr\u00e5gor<\/label>\n                <input v-model=\"search\" type=\"text\" name=\"search\" autocomplete=\"off\" class=\"search-subjects__content--search__form--input\" id=\"search-subjects-block_acf_block_6790f0cf9bbdc__search\">\n                <svg xmlns=\"http:\/\/www.w3.org\/2000\/svg\" width=\"30.621\" height=\"30.621\" viewBox=\"0 0 30.621 30.621\" aria-hidden=\"true\"><g data-name=\"Icon feather-search\" fill=\"none\" stroke=\"#213a8f\" stroke-linecap=\"round\" stroke-linejoin=\"round\" stroke-width=\"3\"><path data-name=\"Path 13\" d=\"M25.5 13.5a12 12 0 1 1-12-12 12 12 0 0 1 12 12z\"\/><path data-name=\"Path 14\" d=\"M28.5 28.5l-6.525-6.525\"\/><\/g><\/svg>                                    <button @click=\"changeListVisibility(true)\" type=\"button\" class=\"search-subjects__content--search__form--button\">\n                        <span class=\"show-for-sr\">Visa alla hj\u00e4rtefr\u00e5gor<\/span>\n                        <span><\/span>\n                        <span><\/span>\n                        <span><\/span>\n                        <span><\/span>\n                    <\/button>\n                    <div v-cloak v-show=\"isListVisible\" class=\"search-subjects__content--search__form--list\">\n                        <div class=\"search-subjects__content--search__form--list__heading\">\n                            <p class=\"p--dark-blue\">V\u00e4lj hj\u00e4rtefr\u00e5ga<\/p>\n                            <button @click=\"changeListVisibility(false)\" type=\"button\" class=\"search-subjects__content--search__form--list__heading--button\">\n                                <span class=\"show-for-sr\">D\u00f6lj alla hj\u00e4rtefr\u00e5gor<\/span>\n                                <span><\/span>\n                                <span><\/span>\n                            <\/button>\n                        <\/div>\n                        <div class=\"search-subjects__content--search__form--list__line\"><\/div>\n                        <div class=\"search-subjects__content--search__form--list__subjects\">\n                            <ul>\n                                                                    <li>\n                                        <a class=\"p--dark-grey\" href=\"https:\/\/moderaterna.se\/gotland\/var-politik\/bostadspolitik\/\">Bostadspolitik<\/a>\n                                    <\/li>\n                                                                    <li>\n                                        <a class=\"p--dark-grey\" href=\"https:\/\/moderaterna.se\/var-politik\/demokrati-rattsstat-forvaltning\/\">Demokrati, r\u00e4ttsstat och f\u00f6rvaltning<\/a>\n                                    <\/li>\n                                                                    <li>\n                                        <a class=\"p--dark-grey\" href=\"https:\/\/moderaterna.se\/var-politik\/ekonomisk-politik-och-foretagande\/\">Ekonomisk politik och f\u00f6retagande<\/a>\n                                    <\/li>\n                                                                    <li>\n                                        <a class=\"p--dark-grey\" href=\"https:\/\/moderaterna.se\/gotland\/var-politik\/eu\/\">EU<\/a>\n                                    <\/li>\n                                                                    <li>\n                                        <a class=\"p--dark-grey\" href=\"https:\/\/moderaterna.se\/var-politik\/forebyggande-arbete\/\">F\u00f6rebyggande arbete<\/a>\n                                    <\/li>\n                                                                    <li>\n                                        <a class=\"p--dark-grey\" href=\"https:\/\/moderaterna.se\/var-politik\/forskola\/\">F\u00f6rskolan<\/a>\n                                    <\/li>\n                                                                    <li>\n                                        <a class=\"p--dark-grey\" href=\"https:\/\/moderaterna.se\/var-politik\/forsvar-och-krisberedskap\/\">F\u00f6rsvar och krisberedskap<\/a>\n                                    <\/li>\n                                                                    <li>\n                                        <a class=\"p--dark-grey\" href=\"https:\/\/moderaterna.se\/var-politik\/grona-naringar-landsbygd-och-jakt\/\">Gr\u00f6na n\u00e4ringar, landsbygd och jakt<\/a>\n                                    <\/li>\n                                                                    <li>\n                                        <a class=\"p--dark-grey\" href=\"https:\/\/moderaterna.se\/var-politik\/hbtq\/\">HBTQ-fr\u00e5gor<\/a>\n                                    <\/li>\n                                                                    <li>\n                                        <a class=\"p--dark-grey\" href=\"https:\/\/moderaterna.se\/var-politik\/halso-och-sjukvard-2\/\">H\u00e4lso- och sjukv\u00e5rd<\/a>\n                                    <\/li>\n                                                                    <li>\n                                        <a class=\"p--dark-grey\" href=\"https:\/\/moderaterna.se\/var-politik\/idrott\/\">Idrott och friluftsliv<\/a>\n                                    <\/li>\n                                                                    <li>\n                                        <a class=\"p--dark-grey\" href=\"https:\/\/moderaterna.se\/gotland\/var-politik\/integration\/\">Integration<\/a>\n                                    <\/li>\n                                                                    <li>\n                                        <a class=\"p--dark-grey\" href=\"https:\/\/moderaterna.se\/gotland\/var-politik\/jobb-och-arbetsmarknad\/\">Jobb och arbetsmarknad<\/a>\n                                    <\/li>\n                                                                    <li>\n                                        <a class=\"p--dark-grey\" href=\"https:\/\/moderaterna.se\/var-politik\/jamstalldhet\/\">J\u00e4mst\u00e4lldhet<\/a>\n                                    <\/li>\n                                                                    <li>\n                                        <a class=\"p--dark-grey\" href=\"https:\/\/moderaterna.se\/var-politik\/klimat-miljo-och-energi\/\">Klimat, milj\u00f6 och energi<\/a>\n                                    <\/li>\n                                                                    <li>\n                                        <a class=\"p--dark-grey\" href=\"https:\/\/moderaterna.se\/gotland\/var-politik\/kultur\/\">Kultur<\/a>\n                                    <\/li>\n                                                                    <li>\n                                        <a class=\"p--dark-grey\" href=\"https:\/\/moderaterna.se\/var-politik\/lag-och-ordning-2\/\">Lag och ordning<\/a>\n                                    <\/li>\n                                                                    <li>\n                                        <a class=\"p--dark-grey\" href=\"https:\/\/moderaterna.se\/gotland\/var-politik\/migration\/\">Migration<\/a>\n                                    <\/li>\n                                                                    <li>\n                                        <a class=\"p--dark-grey\" href=\"https:\/\/moderaterna.se\/var-politik\/sjukforsakring-2\/\">Sjukf\u00f6rs\u00e4kring<\/a>\n                                    <\/li>\n                                                                    <li>\n                                        <a class=\"p--dark-grey\" href=\"https:\/\/moderaterna.se\/gotland\/var-politik\/skola-och-utbildning\/\">Skola och utbildning<\/a>\n                                    <\/li>\n                                                                    <li>\n                                        <a class=\"p--dark-grey\" href=\"https:\/\/moderaterna.se\/gotland\/var-politik\/trafik-och-infrastruktur\/\">Trafik och infrastruktur<\/a>\n                                    <\/li>\n                                                                    <li>\n                                        <a class=\"p--dark-grey\" href=\"https:\/\/moderaterna.se\/gotland\/var-politik\/utrikespolitik\/\">Utrikespolitik<\/a>\n                                    <\/li>\n                                                                    <li>\n                                        <a class=\"p--dark-grey\" href=\"https:\/\/moderaterna.se\/var-politik\/valfardsbrottslighet\/\">V\u00e4lf\u00e4rdsbrottslighet<\/a>\n                                    <\/li>\n                                                                    <li>\n                                        <a class=\"p--dark-grey\" href=\"https:\/\/moderaterna.se\/var-politik\/aldres-villkor-och-pensioner\/\">\u00c4ldres villkor och pensioner<\/a>\n                                    <\/li>\n                                                            <\/ul>\n                        <\/div>\n                    <\/div>\n                            <\/form>\n        <\/div>\n        <div v-cloak class=\"search-subjects__content--results\" aria-live=\"polite\">\n            <p v-if=\"filteredSubjects.length === 0 &#038;&#038; search\">Inga s\u00f6kresultat<\/p>\n            <div v-else v-for=\"subject in filteredSubjects\" class=\"search-subjects__content--results__single\">\n                <div class=\"search-subjects__content--results__single--main\">\n                    <button :data-name=\"subject[0].name\" @click=\"toggleButton($event)\" :class=\"isCookieActive(subject[0].slug, 'moderaterna_voted_subjects') ?\n                    'active-heart vote-subject-button' : 'not-active-heart vote-subject-button'\" :value=\"subject[0].slug\">\n                        <span class=\"show-for-sr\">\n                            {{\n                                isCookieActive(subject[0].slug, `moderaterna_voted_subjects`) ?\n                                `Ta bort ${subject[0].name} fr\u00e5n dina hj\u00e4rtefr\u00e5gor` :\n                                `L\u00e4gg till ${subject[0].name} bland dina hj\u00e4rtefr\u00e5gor`\n                            }}\n                        <\/span>\n                        <svg xmlns=\"http:\/\/www.w3.org\/2000\/svg\" width=\"29.25\" height=\"28.125\" viewBox=\"0 0 29.25 28.125\" aria-hidden=\"true\"><path data-name=\"Icon ionic-ios-heart-empty\" d=\"M21.375 0h-.07a8 8 0 0 0-6.68 3.656A8 8 0 0 0 7.945 0h-.07A7.949 7.949 0 0 0 0 7.945a17.115 17.115 0 0 0 3.361 9.33c4.233 5.787 11.264 10.85 11.264 10.85s7.031-5.063 11.264-10.85a17.115 17.115 0 0 0 3.361-9.33A7.949 7.949 0 0 0 21.375 0zM24.3 16.116a53.929 53.929 0 0 1-9.675 9.533 54.01 54.01 0 0 1-9.675-9.541 15.169 15.169 0 0 1-2.981-8.163 5.966 5.966 0 0 1 5.92-5.97h.063a5.9 5.9 0 0 1 2.89.759 6.144 6.144 0 0 1 2.137 2 1.975 1.975 0 0 0 3.3 0 6.205 6.205 0 0 1 2.138-2 5.9 5.9 0 0 1 2.89-.759h.063a5.966 5.966 0 0 1 5.92 5.97 15.361 15.361 0 0 1-2.99 8.17z\" fill=\"#213a8f\"\/><\/svg>                        <svg xmlns=\"http:\/\/www.w3.org\/2000\/svg\" data-name=\"Icon ionic-ios-heart\" width=\"29.25\" height=\"28.125\" viewBox=\"0 0 29.25 28.125\" aria-hidden=\"true\" class=\"hidden-heart\"><path data-name=\"Icon ionic-ios-heart\" d=\"M21.375 0h-.07a8 8 0 0 0-6.68 3.656A8 8 0 0 0 7.945 0h-.07A7.949 7.949 0 0 0 0 7.945a17.115 17.115 0 0 0 3.361 9.33c4.233 5.787 11.264 10.85 11.264 10.85s7.031-5.063 11.264-10.85a17.115 17.115 0 0 0 3.361-9.33A7.949 7.949 0 0 0 21.375 0z\" fill=\"#213a8f\"\/><\/svg>                    <\/button>\n                    <h3 class=\"h6--dark-grey\"><a :href=\"subject[0].page_link\">{{ subject[0].name }}<\/a><\/h3>\n                <\/div>\n                <div v-if=\"subject[1]\" class=\"search-subjects__content--results__single--related\">\n                    <p>Relaterade hj\u00e4rtefr\u00e5gor<\/p>\n                    <div v-for=\"relatedSubjects in subject[1]\" class=\"search-subjects__content--results__single--related__single\">\n                        <button :data-name=\"relatedSubjects.name\" @:click=\"toggleButton($event)\" :class=\"isCookieActive(relatedSubjects.slug, 'moderaterna_voted_subjects') ?\n                        'active-heart vote-subject-button' : 'not-active-heart vote-subject-button'\" :value=\"relatedSubjects.slug\">\n                            <span class=\"show-for-sr\">\n                                {{\n                                    isCookieActive(relatedSubjects.slug, `moderaterna_voted_subjects`) ?\n                                    `Ta bort ${relatedSubjects.name} fr\u00e5n dina hj\u00e4rtefr\u00e5gor` :\n                                    `L\u00e4gg till ${relatedSubjects.name} bland dina hj\u00e4rtefr\u00e5gor`\n                                }}\n                            <\/span>\n                            <svg xmlns=\"http:\/\/www.w3.org\/2000\/svg\" width=\"29.25\" height=\"28.125\" viewBox=\"0 0 29.25 28.125\" aria-hidden=\"true\"><path data-name=\"Icon ionic-ios-heart-empty\" d=\"M21.375 0h-.07a8 8 0 0 0-6.68 3.656A8 8 0 0 0 7.945 0h-.07A7.949 7.949 0 0 0 0 7.945a17.115 17.115 0 0 0 3.361 9.33c4.233 5.787 11.264 10.85 11.264 10.85s7.031-5.063 11.264-10.85a17.115 17.115 0 0 0 3.361-9.33A7.949 7.949 0 0 0 21.375 0zM24.3 16.116a53.929 53.929 0 0 1-9.675 9.533 54.01 54.01 0 0 1-9.675-9.541 15.169 15.169 0 0 1-2.981-8.163 5.966 5.966 0 0 1 5.92-5.97h.063a5.9 5.9 0 0 1 2.89.759 6.144 6.144 0 0 1 2.137 2 1.975 1.975 0 0 0 3.3 0 6.205 6.205 0 0 1 2.138-2 5.9 5.9 0 0 1 2.89-.759h.063a5.966 5.966 0 0 1 5.92 5.97 15.361 15.361 0 0 1-2.99 8.17z\" fill=\"#213a8f\"\/><\/svg>                            <svg xmlns=\"http:\/\/www.w3.org\/2000\/svg\" data-name=\"Icon ionic-ios-heart\" width=\"29.25\" height=\"28.125\" viewBox=\"0 0 29.25 28.125\" aria-hidden=\"true\" class=\"hidden-heart\"><path data-name=\"Icon ionic-ios-heart\" d=\"M21.375 0h-.07a8 8 0 0 0-6.68 3.656A8 8 0 0 0 7.945 0h-.07A7.949 7.949 0 0 0 0 7.945a17.115 17.115 0 0 0 3.361 9.33c4.233 5.787 11.264 10.85 11.264 10.85s7.031-5.063 11.264-10.85a17.115 17.115 0 0 0 3.361-9.33A7.949 7.949 0 0 0 21.375 0z\" fill=\"#213a8f\"\/><\/svg>                        <\/button>\n                        <h3 class=\"h6--dark-grey\"><a :href=\"relatedSubjects.page_link\">{{ relatedSubjects.name }}<\/a><\/h3>\n                    <\/div>\n                <\/div>\n            <\/div>\n        <\/div>\n    <\/div>\n<\/div>\n\n\n\n<div class=\"wp-block-columns is-layout-flex wp-container-core-columns-is-layout-9d6595d7 wp-block-columns-is-layout-flex\">\n<div class=\"wp-block-column is-layout-flow wp-block-column-is-layout-flow\">\n\n\n<p><\/p>\n<\/div>\n\n\n\n<div class=\"wp-block-column is-layout-flow wp-block-column-is-layout-flow\"><\/div>\n<\/div>\n","protected":false},"excerpt":{"rendered":"<p>\u00d6stersj\u00f6n Vad tycker Moderaterna i dina hj\u00e4rtefr\u00e5gor?<\/p>\n","protected":false},"author":9,"featured_media":0,"parent":0,"menu_order":2,"comment_status":"closed","ping_status":"closed","template":"page-templates\/landing-page.php","meta":{"_acf_changed":false,"_relevanssi_hide_post":"","_relevanssi_hide_content":"","_relevanssi_pin_for_all":"","_relevanssi_pin_keywords":"","_relevanssi_unpin_keywords":"","_relevanssi_related_keywords":"","_relevanssi_related_include_ids":"","_relevanssi_related_exclude_ids":"","_relevanssi_related_no_append":"","_relevanssi_related_not_related":"","_relevanssi_related_posts":"526","_relevanssi_noindex_reason":"","footnotes":""},"subject":[],"class_list":["post-39","page","type-page","status-publish","hentry"],"acf":[],"publishpress_future_action":{"enabled":false,"date":"2026-04-21 22:39:55","action":"change-status","newStatus":"draft","terms":[],"taxonomy":"subject"},"_links":{"self":[{"href":"https:\/\/moderaterna.se\/gotland\/wp-json\/wp\/v2\/pages\/39","targetHints":{"allow":["GET"]}}],"collection":[{"href":"https:\/\/moderaterna.se\/gotland\/wp-json\/wp\/v2\/pages"}],"about":[{"href":"https:\/\/moderaterna.se\/gotland\/wp-json\/wp\/v2\/types\/page"}],"author":[{"embeddable":true,"href":"https:\/\/moderaterna.se\/gotland\/wp-json\/wp\/v2\/users\/9"}],"replies":[{"embeddable":true,"href":"https:\/\/moderaterna.se\/gotland\/wp-json\/wp\/v2\/comments?post=39"}],"version-history":[{"count":56,"href":"https:\/\/moderaterna.se\/gotland\/wp-json\/wp\/v2\/pages\/39\/revisions"}],"predecessor-version":[{"id":2547,"href":"https:\/\/moderaterna.se\/gotland\/wp-json\/wp\/v2\/pages\/39\/revisions\/2547"}],"wp:attachment":[{"href":"https:\/\/moderaterna.se\/gotland\/wp-json\/wp\/v2\/media?parent=39"}],"wp:term":[{"taxonomy":"subject","embeddable":true,"href":"https:\/\/moderaterna.se\/gotland\/wp-json\/wp\/v2\/subject?post=39"}],"curies":[{"name":"wp","href":"https:\/\/api.w.org\/{rel}","templated":true}]}}