{"id":27,"date":"2021-10-13T13:02:18","date_gmt":"2021-10-13T11:02:18","guid":{"rendered":"https:\/\/moderaterna.se\/?page_id=27"},"modified":"2024-01-29T12:49:16","modified_gmt":"2024-01-29T11:49:16","slug":"kontakta-oss","status":"publish","type":"page","link":"https:\/\/moderaterna.se\/gotland\/kontakta-oss\/","title":{"rendered":"Kontakta oss"},"content":{"rendered":"\n<div id=\"contact-form-block_acf_block_65b790bbd853e\" class=\"contact-form custom-block custom-block__full theme__background--blue theme__color--dark-blue\"\n    >\n    <div class=\"contact-form__content\">\n        <h2 class=\"contact-form__heading\">\n            Kontakta oss         <\/h2>\n                <div class=\"contact-form__form--wrapper full\">\n            <h3 class=\"contact-form__form--heading\">S\u00f6ker du en specifik f\u00f6retr\u00e4dare, kan du ocks\u00e5 klicka p\u00e5 &#8221;V\u00e5ra politiker&#8221; i toppmenyn s\u00e5 hittar du kontaktuppgifterna du s\u00f6ker.<\/h3>\n            <form @submit.prevent=\"handleSubmit\" class=\"contact-form__form\" method=\"POST\">\n                <label class=\"show-for-sr\" for=\"contact-form-block_acf_block_65b790bbd853e__first-name\">\n                    F\u00f6rnamn\n                <\/label>\n                <input v-model=\"firstName\" class=\"half\" type=\"text\" name=\"firstName\" id=\"contact-form-block_acf_block_65b790bbd853e__first-name\"\n                    placeholder=\"F\u00f6rnamn\" autocomplete=\"given-name\" required>\n\n                <label class=\"show-for-sr\" for=\"contact-form-block_acf_block_65b790bbd853e__last-name\">\n                    Efternamn\n                <\/label>\n                <input v-model=\"lastName\" class=\"half\" type=\"text\" name=\"lastName\" id=\"contact-form-block_acf_block_65b790bbd853e__last-name\"\n                    placeholder=\"Efternamn\" autocomplete=\"family-name\" required>\n\n                <label class=\"show-for-sr\" for=\"contact-form-block_acf_block_65b790bbd853e__email\">\n                    E-post\n                <\/label>\n                <input v-model=\"email\" type=\"email\" name=\"email\" id=\"contact-form-block_acf_block_65b790bbd853e__email\" \n                    placeholder=\"E-post\" autocomplete=\"email\" required>\n\n                                    <radio-list \n                    @setSelectedSubject=\"setSelectedSubject\" \n                    :subjects='[{\"ID\":703,\"post_author\":\"2\",\"post_date\":\"2021-12-19 12:31:49\",\"post_date_gmt\":\"2021-12-19 11:31:49\",\"post_content\":\"\",\"post_title\":\"Annat \\\/ \\u00f6vrigt\",\"post_excerpt\":\"\",\"post_status\":\"publish\",\"comment_status\":\"closed\",\"ping_status\":\"closed\",\"post_password\":\"\",\"post_name\":\"annat-ovrigt\",\"to_ping\":\"\",\"pinged\":\"\",\"post_modified\":\"2022-01-17 14:41:25\",\"post_modified_gmt\":\"2022-01-17 13:41:25\",\"post_content_filtered\":\"\",\"post_parent\":0,\"guid\":\"https:\\\/\\\/moderaterna.se\\\/gotland\\\/?post_type=contact-subject&#038;p=703\",\"menu_order\":0,\"post_type\":\"contact-subject\",\"post_mime_type\":\"\",\"comment_count\":\"0\",\"filter\":\"raw\"},{\"ID\":203,\"post_author\":\"1\",\"post_date\":\"2021-11-23 15:54:40\",\"post_date_gmt\":\"2021-11-23 14:54:40\",\"post_content\":\"\",\"post_title\":\"Skolarbete\",\"post_excerpt\":\"\",\"post_status\":\"publish\",\"comment_status\":\"closed\",\"ping_status\":\"closed\",\"post_password\":\"\",\"post_name\":\"skolarbete\",\"to_ping\":\"\",\"pinged\":\"\",\"post_modified\":\"2022-01-17 14:42:00\",\"post_modified_gmt\":\"2022-01-17 13:42:00\",\"post_content_filtered\":\"\",\"post_parent\":0,\"guid\":\"https:\\\/\\\/moderaterna.se\\\/?post_type=contact-subject&#038;p=203\",\"menu_order\":0,\"post_type\":\"contact-subject\",\"post_mime_type\":\"\",\"comment_count\":\"0\",\"filter\":\"raw\"},{\"ID\":202,\"post_author\":\"1\",\"post_date\":\"2021-11-23 15:54:22\",\"post_date_gmt\":\"2021-11-23 14:54:22\",\"post_content\":\"\",\"post_title\":\"Medlemskap\",\"post_excerpt\":\"\",\"post_status\":\"publish\",\"comment_status\":\"closed\",\"ping_status\":\"closed\",\"post_password\":\"\",\"post_name\":\"medlemskap\",\"to_ping\":\"\",\"pinged\":\"\",\"post_modified\":\"2022-01-17 14:42:21\",\"post_modified_gmt\":\"2022-01-17 13:42:21\",\"post_content_filtered\":\"\",\"post_parent\":0,\"guid\":\"https:\\\/\\\/moderaterna.se\\\/?post_type=contact-subject&#038;p=202\",\"menu_order\":0,\"post_type\":\"contact-subject\",\"post_mime_type\":\"\",\"comment_count\":\"0\",\"filter\":\"raw\"},{\"ID\":201,\"post_author\":\"1\",\"post_date\":\"2021-11-23 15:54:05\",\"post_date_gmt\":\"2021-11-23 14:54:05\",\"post_content\":\"\",\"post_title\":\"Talarf\\u00f6rfr\\u00e5gningar\",\"post_excerpt\":\"\",\"post_status\":\"publish\",\"comment_status\":\"closed\",\"ping_status\":\"closed\",\"post_password\":\"\",\"post_name\":\"talarforfragningar\",\"to_ping\":\"\",\"pinged\":\"\",\"post_modified\":\"2022-01-17 14:42:36\",\"post_modified_gmt\":\"2022-01-17 13:42:36\",\"post_content_filtered\":\"\",\"post_parent\":0,\"guid\":\"https:\\\/\\\/moderaterna.se\\\/?post_type=contact-subject&#038;p=201\",\"menu_order\":0,\"post_type\":\"contact-subject\",\"post_mime_type\":\"\",\"comment_count\":\"0\",\"filter\":\"raw\"},{\"ID\":200,\"post_author\":\"1\",\"post_date\":\"2021-11-23 15:53:28\",\"post_date_gmt\":\"2021-11-23 14:53:28\",\"post_content\":\"\",\"post_title\":\"Paneldebatter\",\"post_excerpt\":\"\",\"post_status\":\"publish\",\"comment_status\":\"closed\",\"ping_status\":\"closed\",\"post_password\":\"\",\"post_name\":\"paneldebatter\",\"to_ping\":\"\",\"pinged\":\"\",\"post_modified\":\"2022-01-17 14:42:49\",\"post_modified_gmt\":\"2022-01-17 13:42:49\",\"post_content_filtered\":\"\",\"post_parent\":0,\"guid\":\"https:\\\/\\\/moderaterna.se\\\/?post_type=contact-subject&#038;p=200\",\"menu_order\":0,\"post_type\":\"contact-subject\",\"post_mime_type\":\"\",\"comment_count\":\"0\",\"filter\":\"raw\"},{\"ID\":199,\"post_author\":\"1\",\"post_date\":\"2021-11-23 15:52:41\",\"post_date_gmt\":\"2021-11-23 14:52:41\",\"post_content\":\"\",\"post_title\":\"V\\u00e5r politik\",\"post_excerpt\":\"\",\"post_status\":\"publish\",\"comment_status\":\"closed\",\"ping_status\":\"closed\",\"post_password\":\"\",\"post_name\":\"var-politik\",\"to_ping\":\"\",\"pinged\":\"\",\"post_modified\":\"2022-01-17 14:43:02\",\"post_modified_gmt\":\"2022-01-17 13:43:02\",\"post_content_filtered\":\"\",\"post_parent\":0,\"guid\":\"https:\\\/\\\/moderaterna.se\\\/?post_type=contact-subject&#038;p=199\",\"menu_order\":0,\"post_type\":\"contact-subject\",\"post_mime_type\":\"\",\"comment_count\":\"0\",\"filter\":\"raw\"}]' \n                    :listid='\"contact-form-block_acf_block_65b790bbd853e\"' \n                    :baseclass='\"contact-form\"' \n                    :placeholder='\"Vad g\u00e4ller fr\u00e5gan?\"'>\n                    <\/radio-list>\n                \n                <label class=\"show-for-sr\" for=\"contact-form-block_acf_block_65b790bbd853e__question\">\n                    Din fr\u00e5ga\n                <\/label>\n                <textarea v-model=\"question\" rows=\"5\" name=\"question\" id=\"contact-form-block_acf_block_65b790bbd853e__question\" placeholder=\"Din fr\u00e5ga\" required><\/textarea>\n\n                <label class=\"contact-form__checkbox checkbox\" for=\"contact-form-block_acf_block_65b790bbd853e__terms\">\n                    <input v-model=\"terms\" class=\"show-for-sr\" type=\"checkbox\" name=\"terms\" id=\"contact-form-block_acf_block_65b790bbd853e__terms\" required\/>\n                    <span aria-hidden=\"true\" class=\"checkbox__checkmark\">\n                        <svg xmlns=\"http:\/\/www.w3.org\/2000\/svg\" width=\"13.203\" height=\"9.547\" viewBox=\"0 0 13.203 9.547\" aria-hidden=\"true\"><path data-name=\"Icon feather-check\" d=\"M11.789 1.414L4.656 8.547 1.414 5.305\" fill=\"none\" stroke=\"#93d5f6\" stroke-linecap=\"round\" stroke-linejoin=\"round\" stroke-width=\"2\"\/><\/svg>                    <\/span>\n                    Jag godk\u00e4nner att Moderaterna sparar mina personuppgifter\n                                            <a class=\"checkbox__link\" href=\"https:\/\/moderaterna.se\/gotland\/integritetspolicy\/\">L\u00e4s mer om hur vi hanterar dina personuppgifter<\/a>\n                                    <\/label>\n\n                <button type=\"submit\">\n                    <svg xmlns=\"http:\/\/www.w3.org\/2000\/svg\" data-name=\"Icon ionic-ios-arrow-round-forward\" width=\"17.168\" height=\"11.45\" viewBox=\"0 0 17.168 11.45\" aria-hidden=\"true\"><path data-name=\"Icon ionic-ios-arrow-round-forward\" d=\"M10.948.219a.779.779 0 0 0-.006 1.1l3.626 3.629H.769a.775.775 0 0 0 0 1.55h13.793l-3.626 3.632a.785.785 0 0 0 .006 1.1.772.772 0 0 0 1.091-.006l4.914-4.949a.871.871 0 0 0 .161-.244.74.74 0 0 0 .06-.3.777.777 0 0 0-.221-.543L12.033.239a.76.76 0 0 0-1.085-.02z\" fill=\"#213a8f\"\/><\/svg>                    Skicka fr\u00e5ga\n                <\/button>\n\n                <p v-show=\"messageActive\" style=\"display:none;\" aria-live=\"polite\" class=\"contact-form__message\" :class=\"error ? 'error' : ''\">\n                    {{message}}\n                <\/p>\n            <\/form>\n        <\/div>\n    <\/div>\n<\/div>","protected":false},"excerpt":{"rendered":"","protected":false},"author":9,"featured_media":0,"parent":0,"menu_order":5,"comment_status":"closed","ping_status":"closed","template":"","meta":{"_acf_changed":false,"_relevanssi_hide_post":"","_relevanssi_hide_content":"","_relevanssi_pin_for_all":"","_relevanssi_pin_keywords":"","_relevanssi_unpin_keywords":"","_relevanssi_related_keywords":"","_relevanssi_related_include_ids":"","_relevanssi_related_exclude_ids":"","_relevanssi_related_no_append":"","_relevanssi_related_not_related":"","_relevanssi_related_posts":"526","_relevanssi_noindex_reason":"","footnotes":""},"subject":[],"class_list":["post-27","page","type-page","status-publish","hentry"],"acf":[],"publishpress_future_action":{"enabled":false,"date":"2026-04-15 10:39:06","action":"change-status","newStatus":"draft","terms":[],"taxonomy":"subject"},"_links":{"self":[{"href":"https:\/\/moderaterna.se\/gotland\/wp-json\/wp\/v2\/pages\/27","targetHints":{"allow":["GET"]}}],"collection":[{"href":"https:\/\/moderaterna.se\/gotland\/wp-json\/wp\/v2\/pages"}],"about":[{"href":"https:\/\/moderaterna.se\/gotland\/wp-json\/wp\/v2\/types\/page"}],"author":[{"embeddable":true,"href":"https:\/\/moderaterna.se\/gotland\/wp-json\/wp\/v2\/users\/9"}],"replies":[{"embeddable":true,"href":"https:\/\/moderaterna.se\/gotland\/wp-json\/wp\/v2\/comments?post=27"}],"version-history":[{"count":56,"href":"https:\/\/moderaterna.se\/gotland\/wp-json\/wp\/v2\/pages\/27\/revisions"}],"predecessor-version":[{"id":2264,"href":"https:\/\/moderaterna.se\/gotland\/wp-json\/wp\/v2\/pages\/27\/revisions\/2264"}],"wp:attachment":[{"href":"https:\/\/moderaterna.se\/gotland\/wp-json\/wp\/v2\/media?parent=27"}],"wp:term":[{"taxonomy":"subject","embeddable":true,"href":"https:\/\/moderaterna.se\/gotland\/wp-json\/wp\/v2\/subject?post=27"}],"curies":[{"name":"wp","href":"https:\/\/api.w.org\/{rel}","templated":true}]}}