{"id":82,"date":"2021-10-13T14:29:52","date_gmt":"2021-10-13T12:29:52","guid":{"rendered":"https:\/\/moderaterna.se\/?page_id=82"},"modified":"2023-09-14T19:19:12","modified_gmt":"2023-09-14T17:19:12","slug":"valkommen-till-moderaterna-gavleborg","status":"publish","type":"page","link":"https:\/\/moderaterna.se\/gavleborg\/","title":{"rendered":"Moderaterna \u2013 Nu f\u00e5r vi ordning p\u00e5 G\u00e4vleborg"},"content":{"rendered":"<div id=\"image-cta-block_65033dceb47df\" class=\"image-cta custom-block custom-block__full  theme__background--blue\">\n    <img loading=\"lazy\" decoding=\"async\" width=\"640\" height=\"480\" src=\"https:\/\/moderaterna.se\/app\/uploads\/sites\/8\/2023\/07\/bakgrund-soderhamn-1024x768.jpg\" class=\"image-cta__image\" alt=\"\" sizes=\"auto, (max-width: 768px) 768px, 100vw\" srcset=\"https:\/\/moderaterna.se\/app\/uploads\/sites\/8\/2023\/07\/bakgrund-soderhamn-1024x768.jpg 1024w, https:\/\/moderaterna.se\/app\/uploads\/sites\/8\/2023\/07\/bakgrund-soderhamn-300x225.jpg 300w, https:\/\/moderaterna.se\/app\/uploads\/sites\/8\/2023\/07\/bakgrund-soderhamn-768x576.jpg 768w, https:\/\/moderaterna.se\/app\/uploads\/sites\/8\/2023\/07\/bakgrund-soderhamn-1536x1152.jpg 1536w, https:\/\/moderaterna.se\/app\/uploads\/sites\/8\/2023\/07\/bakgrund-soderhamn-2048x1536.jpg 2048w\" \/>    <div class=\"image-cta__background  theme__background--blue\"><\/div>\n    <div class=\"image-cta__content theme__color--dark-blue\">\n                    <h2 class=\"image-cta__content--title\">L\u00e4s om v\u00e5r regionpolitik<\/h2>\n                    <a href=\"https:\/\/moderaterna.se\/gavleborg\/var-politik\/\" class=\"image-cta__content--link cta-button link-button theme__color--dark-blue theme__background--blue\">\n                <svg xmlns=\"http:\/\/www.w3.org\/2000\/svg\" data-name=\"Icon ionic-ios-arrow-round-forward\" width=\"17.168\" height=\"11.45\" viewBox=\"0 0 17.168 11.45\" aria-hidden=\"true\"><path data-name=\"Icon ionic-ios-arrow-round-forward\" d=\"M10.948.219a.779.779 0 0 0-.006 1.1l3.626 3.629H.769a.775.775 0 0 0 0 1.55h13.793l-3.626 3.632a.785.785 0 0 0 .006 1.1.772.772 0 0 0 1.091-.006l4.914-4.949a.871.871 0 0 0 .161-.244.74.74 0 0 0 .06-.3.777.777 0 0 0-.221-.543L12.033.239a.76.76 0 0 0-1.085-.02z\" fill=\"#213a8f\"\/><\/svg>                V\u00e5r politik            <\/a>\n            <\/div>\n<\/div>\n\n\n<div id=\"image-cta-block_65033e39b47e0\" class=\"image-cta custom-block custom-block__full  theme__background--purple\">\n    <img loading=\"lazy\" decoding=\"async\" width=\"640\" height=\"360\" src=\"https:\/\/moderaterna.se\/app\/uploads\/sites\/8\/2021\/12\/32228687_442525436203865_5290172404587298816_n-1024x576.jpg\" class=\"image-cta__image\" alt=\"\" sizes=\"auto, (max-width: 768px) 768px, 100vw\" srcset=\"https:\/\/moderaterna.se\/app\/uploads\/sites\/8\/2021\/12\/32228687_442525436203865_5290172404587298816_n-1024x576.jpg 1024w, https:\/\/moderaterna.se\/app\/uploads\/sites\/8\/2021\/12\/32228687_442525436203865_5290172404587298816_n-300x169.jpg 300w, https:\/\/moderaterna.se\/app\/uploads\/sites\/8\/2021\/12\/32228687_442525436203865_5290172404587298816_n-768x432.jpg 768w, https:\/\/moderaterna.se\/app\/uploads\/sites\/8\/2021\/12\/32228687_442525436203865_5290172404587298816_n-1536x864.jpg 1536w, https:\/\/moderaterna.se\/app\/uploads\/sites\/8\/2021\/12\/32228687_442525436203865_5290172404587298816_n.jpg 1920w\" \/>    <div class=\"image-cta__background  theme__background--purple\"><\/div>\n    <div class=\"image-cta__content theme__color--pink\">\n                    <h2 class=\"image-cta__content--title\">L\u00e4s om v\u00e5ra f\u00f6rtroendevalda i Riksdagen\/Regionen och Kommunerna<\/h2>\n                    <a href=\"https:\/\/moderaterna.se\/gavleborg\/vara-politiker\/\" class=\"image-cta__content--link cta-button link-button theme__color--pink theme__background--purple\">\n                <svg xmlns=\"http:\/\/www.w3.org\/2000\/svg\" data-name=\"Icon ionic-ios-arrow-round-forward\" width=\"17.168\" height=\"11.45\" viewBox=\"0 0 17.168 11.45\" aria-hidden=\"true\"><path data-name=\"Icon ionic-ios-arrow-round-forward\" d=\"M10.948.219a.779.779 0 0 0-.006 1.1l3.626 3.629H.769a.775.775 0 0 0 0 1.55h13.793l-3.626 3.632a.785.785 0 0 0 .006 1.1.772.772 0 0 0 1.091-.006l4.914-4.949a.871.871 0 0 0 .161-.244.74.74 0 0 0 .06-.3.777.777 0 0 0-.221-.543L12.033.239a.76.76 0 0 0-1.085-.02z\" fill=\"#213a8f\"\/><\/svg>                V\u00e5ra politiker            <\/a>\n            <\/div>\n<\/div>\n\n\n<div id=\"image-cta-block_65033ea0b47e1\" class=\"image-cta custom-block custom-block__full  theme__background--pink\">\n    <img loading=\"lazy\" decoding=\"async\" width=\"640\" height=\"960\" src=\"https:\/\/moderaterna.se\/app\/uploads\/sites\/8\/2023\/09\/michal-biernat-h0xEUQXzU38-unsplash-683x1024.jpg\" class=\"image-cta__image\" alt=\"\" sizes=\"auto, (max-width: 768px) 768px, 100vw\" srcset=\"https:\/\/moderaterna.se\/app\/uploads\/sites\/8\/2023\/09\/michal-biernat-h0xEUQXzU38-unsplash-683x1024.jpg 683w, https:\/\/moderaterna.se\/app\/uploads\/sites\/8\/2023\/09\/michal-biernat-h0xEUQXzU38-unsplash-200x300.jpg 200w, https:\/\/moderaterna.se\/app\/uploads\/sites\/8\/2023\/09\/michal-biernat-h0xEUQXzU38-unsplash-768x1152.jpg 768w, https:\/\/moderaterna.se\/app\/uploads\/sites\/8\/2023\/09\/michal-biernat-h0xEUQXzU38-unsplash-1024x1536.jpg 1024w, https:\/\/moderaterna.se\/app\/uploads\/sites\/8\/2023\/09\/michal-biernat-h0xEUQXzU38-unsplash-1365x2048.jpg 1365w, https:\/\/moderaterna.se\/app\/uploads\/sites\/8\/2023\/09\/michal-biernat-h0xEUQXzU38-unsplash-scaled.jpg 1707w\" \/>    <div class=\"image-cta__background  theme__background--pink\"><\/div>\n    <div class=\"image-cta__content theme__color--purple\">\n                    <h2 class=\"image-cta__content--title\">Kontakta oss<\/h2>\n                    <a href=\"https:\/\/moderaterna.se\/gavleborg\/forbundskansliet\/\" class=\"image-cta__content--link cta-button link-button theme__color--purple theme__background--pink\">\n                <svg xmlns=\"http:\/\/www.w3.org\/2000\/svg\" data-name=\"Icon ionic-ios-arrow-round-forward\" width=\"17.168\" height=\"11.45\" viewBox=\"0 0 17.168 11.45\" aria-hidden=\"true\"><path data-name=\"Icon ionic-ios-arrow-round-forward\" d=\"M10.948.219a.779.779 0 0 0-.006 1.1l3.626 3.629H.769a.775.775 0 0 0 0 1.55h13.793l-3.626 3.632a.785.785 0 0 0 .006 1.1.772.772 0 0 0 1.091-.006l4.914-4.949a.871.871 0 0 0 .161-.244.74.74 0 0 0 .06-.3.777.777 0 0 0-.221-.543L12.033.239a.76.76 0 0 0-1.085-.02z\" fill=\"#213a8f\"\/><\/svg>                Moderaterna i G\u00e4vleborg            <\/a>\n            <\/div>\n<\/div>\n\n\n\n<div class=\"wp-block-columns has-pink-background-color has-background is-layout-flex wp-container-core-columns-is-layout-9d6595d7 wp-block-columns-is-layout-flex\">\n<div class=\"wp-block-column is-layout-flow wp-block-column-is-layout-flow\">\n<h2 class=\"wp-block-heading\" id=\"h-viktiga-politiska-fragor-som-far-ordning-pa-sverige\">Viktiga politiska fr\u00e5gor som f\u00e5r ordning p\u00e5 Sverige<\/h2>\n<\/div>\n<\/div>\n\n\n\n<div class=\"wp-block-columns has-pink-background-color has-background is-layout-flex wp-container-core-columns-is-layout-9d6595d7 wp-block-columns-is-layout-flex\">\n<div class=\"wp-block-column is-layout-flow wp-block-column-is-layout-flow\"><\/div>\n\n\n\n<div class=\"wp-block-column is-layout-flow wp-block-column-is-layout-flow\">\n\n\n<p><\/p>\n<\/div>\n\n\n\n<div class=\"wp-block-column is-layout-flow wp-block-column-is-layout-flow\"><\/div>\n<\/div>\n\n\n<div id=\"donation-membership-block_61bf5ed74856a\" class=\"donation-membership custom-block\">\n    <div class=\"donation-membership__content\">\n                    <div class=\"donation-membership__content--puffs swiper\">\n                <div class=\"donation-membership__content--puffs__wrapper swiper-wrapper\">\n                                            <div class=\"donation-membership__content--puffs__single swiper-slide highlighted theme__color--blue\">\n                            <p class=\"donation-membership__content--puffs__single--category\">Ta steget<\/p>\n                            <div class=\"donation-membership__content--puffs__single--line\"><\/div>\n                            <h3 class=\"donation-membership__content--puffs__single--title h4--blue\">\n                                Bli medlem i Moderaterna eller Moderata Ungdomsf\u00f6rbundet                            <\/h3>\n                            <p class=\"donation-membership__content--puffs__single--amount h3--blue\">\n                                100 kr                            <\/p>\n                            <ul>\n                                                                    <li>\n                                    <p>H\u00f6j straffen<\/p> \n                                    <\/li>\n                                                                    <li>\n                                    <p>Fixa jobben<\/p> \n                                    <\/li>\n                                                                    <li>\n                                    <p>S\u00e4nk skatten<\/p> \n                                    <\/li>\n                                                                    <li>\n                                    <p><\/p> \n                                    <\/li>\n                                                            <\/ul>\n                            <a class=\"membership-link  link-button highlighted link-button__blue link-button__blue--pink\"\n                                href=\"https:\/\/moderaterna.membersite.se\/Membership\/BuyMembership\"\n                                data-category=\"Ta steget\">\n                                <svg xmlns=\"http:\/\/www.w3.org\/2000\/svg\" data-name=\"Icon ionic-ios-arrow-round-forward\" width=\"17.168\" height=\"11.45\" viewBox=\"0 0 17.168 11.45\" aria-hidden=\"true\"><path data-name=\"Icon ionic-ios-arrow-round-forward\" d=\"M10.948.219a.779.779 0 0 0-.006 1.1l3.626 3.629H.769a.775.775 0 0 0 0 1.55h13.793l-3.626 3.632a.785.785 0 0 0 .006 1.1.772.772 0 0 0 1.091-.006l4.914-4.949a.871.871 0 0 0 .161-.244.74.74 0 0 0 .06-.3.777.777 0 0 0-.221-.543L12.033.239a.76.76 0 0 0-1.085-.02z\" fill=\"#213a8f\"\/><\/svg>                                Bli medlem                            <\/a>\n                        <\/div>\n                                    <\/div>\n                <div class=\"swiper-pagination\"><\/div>\n            <\/div>\n            <\/div>\n<\/div>\n\n","protected":false},"excerpt":{"rendered":"<p>Viktiga politiska fr\u00e5gor som f\u00e5r ordning p\u00e5 Sverige<\/p>\n","protected":false},"author":9,"featured_media":0,"parent":0,"menu_order":0,"comment_status":"closed","ping_status":"closed","template":"page-templates\/landing-page.php","meta":{"_acf_changed":false,"_relevanssi_hide_post":"","_relevanssi_hide_content":"","_relevanssi_pin_for_all":"","_relevanssi_pin_keywords":"","_relevanssi_unpin_keywords":"","_relevanssi_related_keywords":"","_relevanssi_related_include_ids":"","_relevanssi_related_exclude_ids":"","_relevanssi_related_no_append":"","_relevanssi_related_not_related":"","_relevanssi_related_posts":"526","_relevanssi_noindex_reason":"","footnotes":""},"subject":[],"class_list":["post-82","page","type-page","status-publish","hentry"],"acf":[],"publishpress_future_action":{"enabled":false,"date":"2026-04-12 17:08:09","action":"change-status","newStatus":"draft","terms":[],"taxonomy":"subject"},"_links":{"self":[{"href":"https:\/\/moderaterna.se\/gavleborg\/wp-json\/wp\/v2\/pages\/82","targetHints":{"allow":["GET"]}}],"collection":[{"href":"https:\/\/moderaterna.se\/gavleborg\/wp-json\/wp\/v2\/pages"}],"about":[{"href":"https:\/\/moderaterna.se\/gavleborg\/wp-json\/wp\/v2\/types\/page"}],"author":[{"embeddable":true,"href":"https:\/\/moderaterna.se\/gavleborg\/wp-json\/wp\/v2\/users\/9"}],"replies":[{"embeddable":true,"href":"https:\/\/moderaterna.se\/gavleborg\/wp-json\/wp\/v2\/comments?post=82"}],"version-history":[{"count":63,"href":"https:\/\/moderaterna.se\/gavleborg\/wp-json\/wp\/v2\/pages\/82\/revisions"}],"predecessor-version":[{"id":1922,"href":"https:\/\/moderaterna.se\/gavleborg\/wp-json\/wp\/v2\/pages\/82\/revisions\/1922"}],"wp:attachment":[{"href":"https:\/\/moderaterna.se\/gavleborg\/wp-json\/wp\/v2\/media?parent=82"}],"wp:term":[{"taxonomy":"subject","embeddable":true,"href":"https:\/\/moderaterna.se\/gavleborg\/wp-json\/wp\/v2\/subject?post=82"}],"curies":[{"name":"wp","href":"https:\/\/api.w.org\/{rel}","templated":true}]}}