{"id":635,"date":"2021-12-08T09:54:05","date_gmt":"2021-12-08T08:54:05","guid":{"rendered":"https:\/\/moderaterna.se\/gavleborg\/?page_id=635"},"modified":"2023-07-31T18:26:26","modified_gmt":"2023-07-31T16:26:26","slug":"foreningar","status":"publish","type":"page","link":"https:\/\/moderaterna.se\/gavleborg\/foreningar\/","title":{"rendered":"F\u00f6reningar"},"content":{"rendered":"<div id=\"listing-block_61bf11c1b1771\" class=\"listing custom-block custom-block__full theme__background--blue\">\n    <div class=\"listing__content\">\n                    <h2 class=\"listing__content--title theme__color--dark-blue\">Moderata partif\u00f6reningar i G\u00e4vleborg<\/h2>\n                            <div class=\"listing__content--description theme__color--dark-blue\"><p>H\u00e4r listas de lokala partif\u00f6reningar (och kretsar om s\u00e5dana finns) i regionen.<\/p>\n<p>&nbsp;<\/p>\n<\/div>\n                <div class=\"listing__content--list\">\n                                    <div class=\"listing__content--list__single\">\n                            <h3 class=theme__color--dark-blue><\/h3>\n                            <ul>\n                                                            <\/ul>\n                        <\/div>\n                            <\/div>\n    <\/div>\n<\/div>\n\n\n\n<ul class=\"wp-block-list\"><li><a href=\"https:\/\/moderaterna.se\/gavleborg\/foreningar\/bollnas\/\">Bolln\u00e4s<\/a><\/li><li><a href=\"http:\/\/xn--gvlemoderaterna-0kb.se\/\" target=\"_blank\" rel=\"noreferrer noopener nofollow\">G\u00e4vle<\/a><\/li><li><a href=\"https:\/\/moderaterna.se\/gavleborg\/foreningar\/hofors-torsaker\/\">Hofors Tors\u00e5ker<\/a><\/li><li><a href=\"https:\/\/moderaterna.se\/gavleborg\/foreningar\/hudiksvall\/\">Hudiksvall<\/a><\/li><li><a href=\"https:\/\/moderaterna.se\/gavleborg\/foreningar\/ljusdal\/\">Ljusdal<\/a><\/li><li><a href=\"https:\/\/moderaterna.se\/gavleborg\/foreningar\/nordanstig\/\">Nordanstig<\/a><\/li><li><a href=\"https:\/\/moderaterna.se\/gavleborg\/foreningar\/ockelbo\/\">Ockelbo<\/a><\/li><li><a href=\"https:\/\/moderaterna.se\/gavleborg\/foreningar\/sandviken\/\">Sandviken<\/a><\/li><li><a href=\"https:\/\/moderaterna.se\/gavleborg\/foreningar\/soderhamn\/\">S\u00f6derhamn<\/a><\/li><li><a href=\"https:\/\/moderaterna.se\/gavleborg\/foreningar\/voxnadalen\/\">Ovan\u00e5ker<\/a><\/li><\/ul>\n\n\n\n<p><\/p>\n","protected":false},"excerpt":{"rendered":"<p>Bolln\u00e4s G\u00e4vle Hofors Tors\u00e5ker Hudiksvall Ljusdal Nordanstig Ockelbo Sandviken S\u00f6derhamn Ovan\u00e5ker<\/p>\n","protected":false},"author":9,"featured_media":1878,"parent":0,"menu_order":0,"comment_status":"closed","ping_status":"closed","template":"","meta":{"_acf_changed":false,"_relevanssi_hide_post":"","_relevanssi_hide_content":"","_relevanssi_pin_for_all":"","_relevanssi_pin_keywords":"","_relevanssi_unpin_keywords":"","_relevanssi_related_keywords":"","_relevanssi_related_include_ids":"","_relevanssi_related_exclude_ids":"","_relevanssi_related_no_append":"","_relevanssi_related_not_related":"","_relevanssi_related_posts":"526","_relevanssi_noindex_reason":"","footnotes":""},"subject":[],"class_list":["post-635","page","type-page","status-publish","has-post-thumbnail","hentry"],"acf":[],"publishpress_future_action":{"enabled":false,"date":"2026-04-17 13:46:22","action":"change-status","newStatus":"draft","terms":[],"taxonomy":"subject"},"_links":{"self":[{"href":"https:\/\/moderaterna.se\/gavleborg\/wp-json\/wp\/v2\/pages\/635","targetHints":{"allow":["GET"]}}],"collection":[{"href":"https:\/\/moderaterna.se\/gavleborg\/wp-json\/wp\/v2\/pages"}],"about":[{"href":"https:\/\/moderaterna.se\/gavleborg\/wp-json\/wp\/v2\/types\/page"}],"author":[{"embeddable":true,"href":"https:\/\/moderaterna.se\/gavleborg\/wp-json\/wp\/v2\/users\/9"}],"replies":[{"embeddable":true,"href":"https:\/\/moderaterna.se\/gavleborg\/wp-json\/wp\/v2\/comments?post=635"}],"version-history":[{"count":36,"href":"https:\/\/moderaterna.se\/gavleborg\/wp-json\/wp\/v2\/pages\/635\/revisions"}],"predecessor-version":[{"id":1879,"href":"https:\/\/moderaterna.se\/gavleborg\/wp-json\/wp\/v2\/pages\/635\/revisions\/1879"}],"wp:featuredmedia":[{"embeddable":true,"href":"https:\/\/moderaterna.se\/gavleborg\/wp-json\/wp\/v2\/media\/1878"}],"wp:attachment":[{"href":"https:\/\/moderaterna.se\/gavleborg\/wp-json\/wp\/v2\/media?parent=635"}],"wp:term":[{"taxonomy":"subject","embeddable":true,"href":"https:\/\/moderaterna.se\/gavleborg\/wp-json\/wp\/v2\/subject?post=635"}],"curies":[{"name":"wp","href":"https:\/\/api.w.org\/{rel}","templated":true}]}}