{"id":647,"date":"2021-12-08T10:12:33","date_gmt":"2021-12-08T09:12:33","guid":{"rendered":"https:\/\/moderaterna.se\/foretagarradet\/?page_id=647"},"modified":"2022-01-03T14:57:01","modified_gmt":"2022-01-03T13:57:01","slug":"om-oss","status":"publish","type":"page","link":"https:\/\/moderaterna.se\/foretagarradet\/om-oss\/","title":{"rendered":"Om oss"},"content":{"rendered":"\n<p><strong>Vi arbetar st\u00e4ndigt f\u00f6r att f\u00f6rb\u00e4ttra v\u00e5r politik med inriktningen att det ska bli enklare, smidigare och billigare f\u00f6r f\u00f6retag att v\u00e4xa och anst\u00e4lla.<\/strong><\/p>\n\n\n\n<p>Moderaternas nationella f\u00f6retagarr\u00e5d har ett s\u00e4rskilt uppdrag att utveckla partiets f\u00f6retagspolitik p\u00e5 den regionala och lokala niv\u00e5n. Som en del i detta arbetar vi f\u00f6r att inr\u00e4tta f\u00f6retagarr\u00e5d \u00f6ver hela landet d\u00e4r lokala f\u00f6retr\u00e4dare f\u00f6r Moderaterna tillsammans med f\u00f6retagare arbetar f\u00f6r att skapa ett b\u00e4ttre f\u00f6retagsklimat lokalt, regionalt och nationellt.<\/p>\n\n\n\n<p>V\u00e5rt m\u00e5l \u00e4r att tr\u00e4ffa och lyssna p\u00e5 f\u00f6retagare i hela Sverige. V\u00e5r utg\u00e5ngspunkt \u00e4r f\u00f6retagarnas egen vardag och de problem som de m\u00f6ter och som kr\u00e4ver en l\u00f6sning. Genom de moderata f\u00f6retagarr\u00e5den f\u00e5r vi m\u00f6jlighet att ta fram b\u00e4ttre och konkreta f\u00f6rslag som f\u00f6rb\u00e4ttrar f\u00f6retagarnas vardag.\u00a0<\/p>\n\n\n\n<h3 class=\"wp-block-heading\" id=\"h-las-mer-i-var-folder-foretagarna-driver-sverige\"><strong>L\u00e4s mer i v\u00e5r folder &#8221;F\u00f6retagarna driver Sverige&#8221;:<\/strong><\/h3>\n\n\n<!DOCTYPE html PUBLIC \"-\/\/W3C\/\/DTD HTML 4.0 Transitional\/\/EN\" \"http:\/\/www.w3.org\/TR\/REC-html40\/loose.dtd\">\n<?xml encoding=\"utf-8\" ?><html><body><div class=\"wp-block-file\"><a href=\"https:\/\/moderaterna.se\/app\/uploads\/sites\/23\/2022\/01\/Folder-Fo%CC%88retagarna-driver-Sverige.pdf\">Folder-Fo&#776;retagarna-driver-Sverige<\/a><a href=\"https:\/\/moderaterna.se\/app\/uploads\/sites\/23\/2022\/01\/Folder-Fo%CC%88retagarna-driver-Sverige.pdf\" class=\"wp-block-file__button\" download><span class=\"show-for-sr\">Ladda ner<\/span><svg xmlns=\"http:\/\/www.w3.org\/2000\/svg\" data-name=\"Icon metro-file-pdf\" width=\"26.442\" height=\"30.849\" viewBox=\"0 0 26.442 30.849\"><path data-name=\"Icon metro-file-pdf\" d=\"M25.271 6.542a4.006 4.006 0 0 1 .826 1.308 3.973 3.973 0 0 1 .344 1.515v19.832a1.646 1.646 0 0 1-1.653 1.653H1.652A1.646 1.646 0 0 1 0 29.197V1.653A1.646 1.646 0 0 1 1.652-.003h15.425a3.974 3.974 0 0 1 1.515.344 4.006 4.006 0 0 1 1.308.826zm-7.642-4.2v6.473h6.473a1.881 1.881 0 0 0-.379-.706L18.329 2.72a1.88 1.88 0 0 0-.706-.379zm6.61 26.3V11.018h-7.162a1.646 1.646 0 0 1-1.653-1.653V2.204H2.203v26.442h22.035zM15.39 18.437a13.1 13.1 0 0 0 1.446.964 17.082 17.082 0 0 1 2.014-.121q2.531 0 3.047.844a.832.832 0 0 1 .034.9.05.05 0 0 1-.017.034l-.034.034v.017q-.1.654-1.222.654a7.1 7.1 0 0 1-1.98-.344 12.552 12.552 0 0 1-2.238-.912 31 31 0 0 0-6.748 1.429q-2.634 4.51-4.166 4.51a1 1 0 0 1-.482-.121l-.415-.21q-.017-.017-.1-.086a.711.711 0 0 1-.1-.62 3.738 3.738 0 0 1 .964-1.575 8.319 8.319 0 0 1 2.272-1.661.251.251 0 0 1 .4.1.1.1 0 0 1 .034.069q.9-1.463 1.842-3.391a26.274 26.274 0 0 0 1.79-4.51 13.916 13.916 0 0 1-.525-2.746 6.693 6.693 0 0 1 .112-2.195q.189-.689.723-.689h.379a.726.726 0 0 1 .6.258 1.375 1.375 0 0 1 .155 1.171.373.373 0 0 1-.069.138.448.448 0 0 1 .017.138v.516a22.542 22.542 0 0 1-.241 3.305 8.709 8.709 0 0 0 2.513 4.1zm-9.916 7.075a7.6 7.6 0 0 0 2.355-2.715 9.813 9.813 0 0 0-1.5 1.442 5.722 5.722 0 0 0-.855 1.273zm6.855-15.837a5.119 5.119 0 0 0-.034 2.272q.017-.121.121-.757 0-.052.121-.74a.387.387 0 0 1 .069-.138.05.05 0 0 1-.017-.034.035.035 0 0 0-.009-.026.035.035 0 0 1-.009-.026.991.991 0 0 0-.224-.62.05.05 0 0 1-.017.034v.034zm-2.138 11.379a25.25 25.25 0 0 1 4.889-1.394 2.6 2.6 0 0 1-.224-.164 3.083 3.083 0 0 1-.275-.232 9.119 9.119 0 0 1-2.186-3.03 23 23 0 0 1-1.429 3.391q-.516.964-.775 1.429zm11.121-.275a4.12 4.12 0 0 0-2.41-.413 6.511 6.511 0 0 0 2.135.482 1.67 1.67 0 0 0 .31-.017q0-.017-.034-.052z\" fill=\"#213a8f\"><\/path><\/svg><\/a><\/div>\n<\/body><\/html>\n","protected":false},"excerpt":{"rendered":"<p>Vi arbetar st\u00e4ndigt f\u00f6r att f\u00f6rb\u00e4ttra v\u00e5r politik med inriktningen att det ska bli enklare, smidigare och billigare f\u00f6r f\u00f6retag att v\u00e4xa och anst\u00e4lla. Moderaternas nationella f\u00f6retagarr\u00e5d har ett s\u00e4rskilt uppdrag att utveckla partiets f\u00f6retagspolitik p\u00e5 den regionala och lokala niv\u00e5n. Som en del i detta arbetar vi f\u00f6r att inr\u00e4tta f\u00f6retagarr\u00e5d \u00f6ver hela landet [&hellip;]<\/p>\n","protected":false},"author":9,"featured_media":0,"parent":0,"menu_order":0,"comment_status":"closed","ping_status":"closed","template":"","meta":{"_acf_changed":false,"_relevanssi_hide_post":"","_relevanssi_hide_content":"","_relevanssi_pin_for_all":"","_relevanssi_pin_keywords":"","_relevanssi_unpin_keywords":"","_relevanssi_related_keywords":"","_relevanssi_related_include_ids":"","_relevanssi_related_exclude_ids":"","_relevanssi_related_no_append":"","_relevanssi_related_not_related":"","_relevanssi_related_posts":"640,526,642","_relevanssi_noindex_reason":"","footnotes":""},"subject":[],"class_list":["post-647","page","type-page","status-publish","hentry"],"acf":[],"publishpress_future_action":{"enabled":false,"date":"2026-04-14 17:55:14","action":"change-status","newStatus":"draft","terms":[],"taxonomy":"subject"},"_links":{"self":[{"href":"https:\/\/moderaterna.se\/foretagarradet\/wp-json\/wp\/v2\/pages\/647","targetHints":{"allow":["GET"]}}],"collection":[{"href":"https:\/\/moderaterna.se\/foretagarradet\/wp-json\/wp\/v2\/pages"}],"about":[{"href":"https:\/\/moderaterna.se\/foretagarradet\/wp-json\/wp\/v2\/types\/page"}],"author":[{"embeddable":true,"href":"https:\/\/moderaterna.se\/foretagarradet\/wp-json\/wp\/v2\/users\/9"}],"replies":[{"embeddable":true,"href":"https:\/\/moderaterna.se\/foretagarradet\/wp-json\/wp\/v2\/comments?post=647"}],"version-history":[{"count":20,"href":"https:\/\/moderaterna.se\/foretagarradet\/wp-json\/wp\/v2\/pages\/647\/revisions"}],"predecessor-version":[{"id":842,"href":"https:\/\/moderaterna.se\/foretagarradet\/wp-json\/wp\/v2\/pages\/647\/revisions\/842"}],"wp:attachment":[{"href":"https:\/\/moderaterna.se\/foretagarradet\/wp-json\/wp\/v2\/media?parent=647"}],"wp:term":[{"taxonomy":"subject","embeddable":true,"href":"https:\/\/moderaterna.se\/foretagarradet\/wp-json\/wp\/v2\/subject?post=647"}],"curies":[{"name":"wp","href":"https:\/\/api.w.org\/{rel}","templated":true}]}}