{"id":647,"date":"2021-12-08T10:12:33","date_gmt":"2021-12-08T09:12:33","guid":{"rendered":"https:\/\/moderaterna.se\/dalarna\/?page_id=647"},"modified":"2025-01-27T10:45:23","modified_gmt":"2025-01-27T09:45:23","slug":"om-oss","status":"publish","type":"page","link":"https:\/\/moderaterna.se\/dalarna\/om-oss\/","title":{"rendered":"Om oss"},"content":{"rendered":"\n<p>Vi arbetar f\u00f6r ett b\u00e4ttre Dalarna. Varmt v\u00e4lkommen att ta <a href=\"https:\/\/moderaterna.se\/dalarna\/kontakta-oss\/\">kontakt med oss<\/a>!<\/p>\n\n\n\n<p class=\"has-large-font-size\"><strong>Regeringen<\/strong><\/p>\n\n\n\n<p>Carl-Oskar Bohlin, Borl\u00e4nge, Minister f\u00f6r civilt f\u00f6rsvar<\/p>\n\n\n\n<h2 class=\"wp-block-heading has-large-font-size\" id=\"h-riksdagen\"><strong>Riksdagen<\/strong><\/h2>\n\n\n\n<p>Moderaterna i Dalarna har tv\u00e5 ledam\u00f6ter representerade i Sveriges Riksdag.<\/p>\n\n\n\n<p>Dessa \u00e4r:<\/p>\n\n\n\n<p>Malin H\u00f6glund, Mora<\/p>\n\n\n\n<p>Crister Carlsson, Falun<\/p>\n\n\n\n<h3 class=\"wp-block-heading\" id=\"h-regionen\"><strong>Regionen<\/strong><\/h3>\n\n\n\n<p>Moderaterna i Dalarna har 16 ledam\u00f6ter representerade i Region Dalarna.<\/p>\n\n\n\n<p>Vi har tv\u00e5 oppositionsr\u00e5d i Dalarna.<\/p>\n\n\n\n<p>Dessa \u00e4r:<\/p>\n\n\n\n<p>Bj\u00f6rn Ljungqvist, Falun<\/p>\n\n\n\n<p>Ulf Berg,\u00a0Avesta<\/p>\n\n\n\n<h3 class=\"wp-block-heading\" id=\"h-dalarnas-kommunfullmaktigeforsamlingar\"><strong>Dalarnas kommunfullm\u00e4ktigef\u00f6rsamlingar<\/strong><\/h3>\n\n\n\n<p>I l\u00e4nets kommunfullm\u00e4ktigef\u00f6rsamlingar&nbsp;har Moderaterna 90 mandat.<\/p>\n\n\n\n<p><a href=\"https:\/\/moderaterna.se\/dalarna\/vara-politiker\/\">H\u00e4r hittar du v\u00e5ra gruppledare i kommunerna<\/a><\/p>\n\n\n<div id=\"listing-block_acf_block_679755b2be081\" class=\"listing custom-block custom-block__full theme__background--pink\">\n    <div class=\"listing__content\">\n                    <h2 class=\"listing__content--title theme__color--purple\">Moderata partif\u00f6reningar i Dalarna<\/h2>\n                        <div class=\"listing__content--list\">\n                                <ul class=\"listing__content--list__standard\">\n                                                    <li>\n                                <a class=\"p--purple\" href=\"https:\/\/moderaterna.se\/dalarna\/foreningar\/moderaterna-i-avesta\/\">Moderaterna i Avesta<\/a>\n                            <\/li>\n                                                    <li>\n                                <a class=\"p--purple\" href=\"https:\/\/moderaterna.se\/dalarna\/foreningar\/moderaterna-i-borlange\/\">Moderaterna i Borl\u00e4nge<\/a>\n                            <\/li>\n                                                    <li>\n                                <a class=\"p--purple\" href=\"https:\/\/moderaterna.se\/dalarna\/foreningar\/moderaterna-i-falun\/\">Moderaterna i Falun<\/a>\n                            <\/li>\n                                                    <li>\n                                <a class=\"p--purple\" href=\"https:\/\/moderaterna.se\/dalarna\/foreningar\/moderaterna-i-gagnef\/\">Moderaterna i Gagnef<\/a>\n                            <\/li>\n                                                    <li>\n                                <a class=\"p--purple\" href=\"https:\/\/moderaterna.se\/dalarna\/foreningar\/moderaterna-i-hedemora\/\">Moderaterna i Hedemora<\/a>\n                            <\/li>\n                                                    <li>\n                                <a class=\"p--purple\" href=\"https:\/\/moderaterna.se\/dalarna\/foreningar\/moderaterna-i-leksand\/\">Moderaterna i Leksand<\/a>\n                            <\/li>\n                                                    <li>\n                                <a class=\"p--purple\" href=\"https:\/\/moderaterna.se\/dalarna\/foreningar\/moderaterna-i-ludvika\/\">Moderaterna i Ludvika<\/a>\n                            <\/li>\n                                                    <li>\n                                <a class=\"p--purple\" href=\"https:\/\/moderaterna.se\/dalarna\/foreningar\/moderaterna-i-malung-salen\/\">Moderaterna i Malung-S\u00e4len<\/a>\n                            <\/li>\n                                                    <li>\n                                <a class=\"p--purple\" href=\"https:\/\/moderaterna.se\/dalarna\/foreningar\/moderaterna-i-mora\/\">Moderaterna i Mora<\/a>\n                            <\/li>\n                                                    <li>\n                                <a class=\"p--purple\" href=\"https:\/\/moderaterna.se\/dalarna\/foreningar\/moderaterna-i-orsa\/\">Moderaterna i Orsa<\/a>\n                            <\/li>\n                                                    <li>\n                                <a class=\"p--purple\" href=\"https:\/\/moderaterna.se\/dalarna\/foreningar\/moderaterna-i-rattvik\/\">Moderaterna i R\u00e4ttvik<\/a>\n                            <\/li>\n                                                    <li>\n                                <a class=\"p--purple\" href=\"https:\/\/moderaterna.se\/dalarna\/foreningar\/moderaterna-i-smedjebacken\/\">Moderaterna i Smedjebacken<\/a>\n                            <\/li>\n                                                    <li>\n                                <a class=\"p--purple\" href=\"https:\/\/moderaterna.se\/dalarna\/foreningar\/moderaterna-i-sater\/\">Moderaterna i S\u00e4ter<\/a>\n                            <\/li>\n                                                    <li>\n                                <a class=\"p--purple\" href=\"https:\/\/moderaterna.se\/dalarna\/foreningar\/moderaterna-i-vansbro\/\">Moderaterna i Vansbro<\/a>\n                            <\/li>\n                                                    <li>\n                                <a class=\"p--purple\" href=\"https:\/\/moderaterna.se\/dalarna\/foreningar\/moderaterna-i-alvdalen\/\">Moderaterna i \u00c4lvdalen<\/a>\n                            <\/li>\n                                                    <li>\n                                <a class=\"p--purple\" href=\"https:\/\/moderaterna.se\/dalarna\/foreningar\/oppna-moderater-i-dalarna\/\">\u00d6ppna Moderater i Dalarna<\/a>\n                            <\/li>\n                                            <\/ul>\n                        <\/div>\n    <\/div>\n<\/div>\n","protected":false},"excerpt":{"rendered":"<p>Vi arbetar f\u00f6r ett b\u00e4ttre Dalarna. Varmt v\u00e4lkommen att ta kontakt med oss! Regeringen Carl-Oskar Bohlin, Borl\u00e4nge, Minister f\u00f6r civilt f\u00f6rsvar Riksdagen Moderaterna i Dalarna har tv\u00e5 ledam\u00f6ter representerade i Sveriges Riksdag. Dessa \u00e4r: Malin H\u00f6glund, Mora Crister Carlsson, Falun Regionen Moderaterna i Dalarna har 16 ledam\u00f6ter representerade i Region Dalarna. Vi har tv\u00e5 oppositionsr\u00e5d [&hellip;]<\/p>\n","protected":false},"author":9,"featured_media":0,"parent":0,"menu_order":3,"comment_status":"closed","ping_status":"closed","template":"","meta":{"_acf_changed":false,"_relevanssi_hide_post":"","_relevanssi_hide_content":"","_relevanssi_pin_for_all":"","_relevanssi_pin_keywords":"","_relevanssi_unpin_keywords":"","_relevanssi_related_keywords":"","_relevanssi_related_include_ids":"","_relevanssi_related_exclude_ids":"","_relevanssi_related_no_append":"","_relevanssi_related_not_related":"","_relevanssi_related_posts":"640,526,642","_relevanssi_noindex_reason":"","footnotes":""},"subject":[],"class_list":["post-647","page","type-page","status-publish","hentry"],"acf":[],"publishpress_future_action":{"enabled":false,"date":"2026-05-19 12:49:35","action":"change-status","newStatus":"draft","terms":[],"taxonomy":"subject"},"_links":{"self":[{"href":"https:\/\/moderaterna.se\/dalarna\/wp-json\/wp\/v2\/pages\/647","targetHints":{"allow":["GET"]}}],"collection":[{"href":"https:\/\/moderaterna.se\/dalarna\/wp-json\/wp\/v2\/pages"}],"about":[{"href":"https:\/\/moderaterna.se\/dalarna\/wp-json\/wp\/v2\/types\/page"}],"author":[{"embeddable":true,"href":"https:\/\/moderaterna.se\/dalarna\/wp-json\/wp\/v2\/users\/9"}],"replies":[{"embeddable":true,"href":"https:\/\/moderaterna.se\/dalarna\/wp-json\/wp\/v2\/comments?post=647"}],"version-history":[{"count":4,"href":"https:\/\/moderaterna.se\/dalarna\/wp-json\/wp\/v2\/pages\/647\/revisions"}],"predecessor-version":[{"id":1813,"href":"https:\/\/moderaterna.se\/dalarna\/wp-json\/wp\/v2\/pages\/647\/revisions\/1813"}],"wp:attachment":[{"href":"https:\/\/moderaterna.se\/dalarna\/wp-json\/wp\/v2\/media?parent=647"}],"wp:term":[{"taxonomy":"subject","embeddable":true,"href":"https:\/\/moderaterna.se\/dalarna\/wp-json\/wp\/v2\/subject?post=647"}],"curies":[{"name":"wp","href":"https:\/\/api.w.org\/{rel}","templated":true}]}}