{"id":871,"date":"2022-01-10T21:31:08","date_gmt":"2022-01-10T20:31:08","guid":{"rendered":"https:\/\/moderaterna.se\/blekinge\/?page_id=871"},"modified":"2022-02-01T13:54:07","modified_gmt":"2022-02-01T12:54:07","slug":"engagera-dig","status":"publish","type":"page","link":"https:\/\/moderaterna.se\/blekinge\/engagera-dig\/","title":{"rendered":"Engagera dig"},"content":{"rendered":"\n<h4 class=\"wp-block-heading\" id=\"h-som-medlem-far-du\">SOM MEDLEM F\u00c5R DU<\/h4>\n\n\n\n<ul class=\"wp-block-list\"><li>Delta p\u00e5 v\u00e5ra aktiviteter s\u00e5som utbildningar, politikutveckling, kampanjer och events<\/li><li>L\u00e4ra dig mer om moderata id\u00e9er och politik<\/li><li>F\u00f6rdjupad politisk kunskap och bli insatt i viktiga samh\u00e4llsfr\u00e5gor<\/li><li>Tr\u00e4ffa politiker fr\u00e5n riksdag, landsting och kommun<\/li><\/ul>\n\n\n\n<h4 class=\"wp-block-heading\" id=\"h-som-medlem-har-du-ocksa-mojlighet-att\">SOM MEDLEM HAR DU OCKS\u00c5 M\u00d6JLIGHET ATT<\/h4>\n\n\n\n<ul class=\"wp-block-list\"><li>P\u00e5verka politiken<\/li><li>Knyta kontakter och ut\u00f6ka ditt n\u00e4tverk<\/li><li>Kandidera i kommun-, landstings\/regionkommun- och riksdagsval<\/li><li>V\u00e4ljas till ett politiskt f\u00f6rtroendeuppdrag<\/li><li>Engagera dig i f\u00f6reningsarbete<\/li><\/ul>\n\n\n\n<p>Du v\u00e4ljer sj\u00e4lv hur mycket du vill engagera dig. Oavsett om du v\u00e4ljer att bli politiskt aktiv eller om du med ditt medlemskap v\u00e4ljer att st\u00f6dja v\u00e5r politik blir du en del i att v\u00e4nda utvecklingen i Sverige. Du g\u00f6r alltid skillnad.<\/p>\n\n\n\n<p>Ett medlemskap kostar 100 kronor under det f\u00f6rsta \u00e5ret. D\u00e4refter best\u00e4ms din \u00e5rsavgift av den f\u00f6rening du tillh\u00f6r.<\/p>\n\n\n\n<p>St\u00f6d v\u00e5rt arbete f\u00f6r att Sverige ska bli ett friare, tryggare och mer r\u00e4ttvist land.\u00a0<a href=\"https:\/\/moderaterna.se\/bli-medlem\/\" target=\"_blank\" rel=\"noreferrer noopener\">Bli medlem<\/a>\u00a0i Moderaterna!<\/p>\n\n\n\n<h3 class=\"wp-block-heading\" id=\"h-valkommen-till-moderaterna\"><strong>V\u00e4lkommen till Moderaterna<\/strong><\/h3>\n","protected":false},"excerpt":{"rendered":"<p>SOM MEDLEM F\u00c5R DU Delta p\u00e5 v\u00e5ra aktiviteter s\u00e5som utbildningar, politikutveckling, kampanjer och events L\u00e4ra dig mer om moderata id\u00e9er och politik F\u00f6rdjupad politisk kunskap och bli insatt i viktiga samh\u00e4llsfr\u00e5gor Tr\u00e4ffa politiker fr\u00e5n riksdag, landsting och kommun SOM MEDLEM HAR DU OCKS\u00c5 M\u00d6JLIGHET ATT P\u00e5verka politiken Knyta kontakter och ut\u00f6ka ditt n\u00e4tverk Kandidera i [&hellip;]<\/p>\n","protected":false},"author":9,"featured_media":0,"parent":0,"menu_order":0,"comment_status":"closed","ping_status":"closed","template":"","meta":{"_acf_changed":false,"_relevanssi_hide_post":"","_relevanssi_hide_content":"","_relevanssi_pin_for_all":"","_relevanssi_pin_keywords":"","_relevanssi_unpin_keywords":"","_relevanssi_related_keywords":"","_relevanssi_related_include_ids":"","_relevanssi_related_exclude_ids":"","_relevanssi_related_no_append":"","_relevanssi_related_not_related":"","_relevanssi_related_posts":"1482,1248,1449,1539,1565,1268","_relevanssi_noindex_reason":"","footnotes":""},"subject":[],"class_list":["post-871","page","type-page","status-publish","hentry"],"acf":[],"publishpress_future_action":{"enabled":false,"date":"2026-04-23 21:24:54","action":"change-status","newStatus":"draft","terms":[],"taxonomy":"subject"},"_links":{"self":[{"href":"https:\/\/moderaterna.se\/blekinge\/wp-json\/wp\/v2\/pages\/871","targetHints":{"allow":["GET"]}}],"collection":[{"href":"https:\/\/moderaterna.se\/blekinge\/wp-json\/wp\/v2\/pages"}],"about":[{"href":"https:\/\/moderaterna.se\/blekinge\/wp-json\/wp\/v2\/types\/page"}],"author":[{"embeddable":true,"href":"https:\/\/moderaterna.se\/blekinge\/wp-json\/wp\/v2\/users\/9"}],"replies":[{"embeddable":true,"href":"https:\/\/moderaterna.se\/blekinge\/wp-json\/wp\/v2\/comments?post=871"}],"version-history":[{"count":9,"href":"https:\/\/moderaterna.se\/blekinge\/wp-json\/wp\/v2\/pages\/871\/revisions"}],"predecessor-version":[{"id":1134,"href":"https:\/\/moderaterna.se\/blekinge\/wp-json\/wp\/v2\/pages\/871\/revisions\/1134"}],"wp:attachment":[{"href":"https:\/\/moderaterna.se\/blekinge\/wp-json\/wp\/v2\/media?parent=871"}],"wp:term":[{"taxonomy":"subject","embeddable":true,"href":"https:\/\/moderaterna.se\/blekinge\/wp-json\/wp\/v2\/subject?post=871"}],"curies":[{"name":"wp","href":"https:\/\/api.w.org\/{rel}","templated":true}]}}