{"id":630,"date":"2021-12-08T09:50:43","date_gmt":"2021-12-08T08:50:43","guid":{"rendered":"https:\/\/moderaterna.se\/blekinge\/?page_id=630"},"modified":"2025-08-11T07:27:02","modified_gmt":"2025-08-11T05:27:02","slug":"forbundskansliet","status":"publish","type":"page","link":"https:\/\/moderaterna.se\/blekinge\/forbundskansliet\/","title":{"rendered":"F\u00f6rbundskansliet"},"content":{"rendered":"\n<h3 class=\"wp-block-heading\" id=\"h-adress\">Adress<\/h3>\n\n\n\n<p>Moderaterna i Blekinge<br>Drottninggatan 70<br>374 38 Karlshamn<br>blekinge@moderaterna.se<br>0733 268 393<\/p>\n\n\n\n<h3 class=\"wp-block-heading\">\u00d6ppettider: <\/h3>\n\n\n\n<p>F\u00f6rbundsexpeditionen \u00e4r inte alltid bemannad, s\u00e5 ring och l\u00e4mna ett meddelande p\u00e5 telefon 073-326 83 93, s\u00e5 kontaktar vi dig s\u00e5 fort vi har m\u00f6jlighet.<\/p>\n\n\n\n<h3 class=\"wp-block-heading\">Partiombudsman <\/h3>\n\n\n\n<p>Simon Swalander<\/p>\n\n\n\n<p>simon.swalander@moderaterna.se<\/p>\n\n\n\n<p>0733 268 393<\/p>\n","protected":false},"excerpt":{"rendered":"<p>Adress Moderaterna i BlekingeDrottninggatan 70374 38 Karlshamnblekinge@moderaterna.se0733 268 393 \u00d6ppettider: F\u00f6rbundsexpeditionen \u00e4r inte alltid bemannad, s\u00e5 ring och l\u00e4mna ett meddelande p\u00e5 telefon 073-326 83 93, s\u00e5 kontaktar vi dig s\u00e5 fort vi har m\u00f6jlighet. Partiombudsman Simon Swalander simon.swalander@moderaterna.se 0733 268 393<\/p>\n","protected":false},"author":9,"featured_media":0,"parent":0,"menu_order":0,"comment_status":"closed","ping_status":"closed","template":"","meta":{"_acf_changed":false,"_relevanssi_hide_post":"","_relevanssi_hide_content":"","_relevanssi_pin_for_all":"","_relevanssi_pin_keywords":"","_relevanssi_unpin_keywords":"","_relevanssi_related_keywords":"","_relevanssi_related_include_ids":"","_relevanssi_related_exclude_ids":"","_relevanssi_related_no_append":"","_relevanssi_related_not_related":"","_relevanssi_related_posts":"526","_relevanssi_noindex_reason":"","footnotes":""},"subject":[],"class_list":["post-630","page","type-page","status-publish","hentry"],"acf":[],"publishpress_future_action":{"enabled":false,"date":"2026-04-23 06:44:30","action":"change-status","newStatus":"draft","terms":[],"taxonomy":"subject"},"_links":{"self":[{"href":"https:\/\/moderaterna.se\/blekinge\/wp-json\/wp\/v2\/pages\/630","targetHints":{"allow":["GET"]}}],"collection":[{"href":"https:\/\/moderaterna.se\/blekinge\/wp-json\/wp\/v2\/pages"}],"about":[{"href":"https:\/\/moderaterna.se\/blekinge\/wp-json\/wp\/v2\/types\/page"}],"author":[{"embeddable":true,"href":"https:\/\/moderaterna.se\/blekinge\/wp-json\/wp\/v2\/users\/9"}],"replies":[{"embeddable":true,"href":"https:\/\/moderaterna.se\/blekinge\/wp-json\/wp\/v2\/comments?post=630"}],"version-history":[{"count":9,"href":"https:\/\/moderaterna.se\/blekinge\/wp-json\/wp\/v2\/pages\/630\/revisions"}],"predecessor-version":[{"id":1742,"href":"https:\/\/moderaterna.se\/blekinge\/wp-json\/wp\/v2\/pages\/630\/revisions\/1742"}],"wp:attachment":[{"href":"https:\/\/moderaterna.se\/blekinge\/wp-json\/wp\/v2\/media?parent=630"}],"wp:term":[{"taxonomy":"subject","embeddable":true,"href":"https:\/\/moderaterna.se\/blekinge\/wp-json\/wp\/v2\/subject?post=630"}],"curies":[{"name":"wp","href":"https:\/\/api.w.org\/{rel}","templated":true}]}}